{"id":7,"date":"2016-04-12T10:02:54","date_gmt":"2016-04-12T10:02:54","guid":{"rendered":"https:\/\/toshalbania.com\/?page_id=7"},"modified":"2025-06-06T18:21:58","modified_gmt":"2025-06-06T18:21:58","slug":"kush-jemi","status":"publish","type":"page","link":"https:\/\/toshalbania.com\/en\/kush-jemi\/","title":{"rendered":"Who we are"},"content":{"rendered":"<div class=\"wpb-content-wrapper\"><div class=\"vc_row wpb_row vc_row-fluid\"><div class=\"wpb_column vc_column_container vc_col-sm-12\"><div class=\"vc_column-inner\"><div class=\"wpb_wrapper\">\n\t<div class=\"wpb_text_column wpb_content_element\" >\n\t\t<div class=\"wpb_wrapper\">\n\t\t\t<h4>TOSHA<\/h4>\n<p>Company <strong>Top Occupational Safety and Health Albania (TOSHA)<\/strong>, offers specialized services in the fields of occupational safety and health, fire protection and rescue, and employment relations. Our focus is centered on comprehensive expertise, auditing, consulting, training, and employee awareness programs for our partners, with the goal of raising standards to ensure safer and healthier work environments, improved workplace well-being for employees, and enhanced performance for employers. For us, this is the cornerstone and guarantee of success for every company, regardless of its profile in the labor market.<\/p>\n\n\t\t<\/div>\n\t<\/div>\n\n\t<div class=\"wpb_text_column wpb_content_element\" >\n\t\t<div class=\"wpb_wrapper\">\n\t\t\t<p>&nbsp;<\/p>\n<p>Through licenses granted in compliance with the legal framework of the Republic of Albania and issued by relevant ministries, TOSHA provides professional qualification and training in occupational safety and health via theoretical and practical courses. Our programs are led by a team of expert professional lecturers with extensive experience in both theoretical-legal aspects and the practical implementation of workplace safety and fire protection\/rescue protocols.<\/p>\n\n\t\t<\/div>\n\t<\/div>\n\n\t<div class=\"wpb_text_column wpb_content_element\" >\n\t\t<div class=\"wpb_wrapper\">\n\t\t\t<p>&nbsp;<\/p>\n<p><strong>According to the Law on Safety and Health at Work no. 10237 and the relevant Decision of the Council of Ministers (VKM) no. 108<\/strong> companies with up to 20 employees are legally required to outsource occupational safety and health regulations and procedures.<\/p>\n<p>Larger companies that have not established an internal occupational safety and health department may contract external services. The legal framework enables specialized companies like TOSHA to provide these services in compliance with licenses issued by Albanian state institutions. To ensure full alignment with all labor legislation, choosing TOSHA is a wise investment and a guarantee for businesses of all sizes\u2014small, medium, or large.<\/p>\n\n\t\t<\/div>\n\t<\/div>\n<div class=\"vc_empty_space\"   style=\"height: 40px\"><span class=\"vc_empty_space_inner\"><\/span><\/div>\n\t<div class=\"wpb_text_column wpb_content_element\" >\n\t\t<div class=\"wpb_wrapper\">\n\t\t\t<h3><strong>Why You Should Choose TOSHA?<\/strong><\/h3>\n<p class=\"ds-markdown-paragraph\"><strong>Top Occupational Safety and Health Albania (TOSHA)<\/strong> is your trusted partner.<\/p>\n<p class=\"ds-markdown-paragraph\">TOSHA has been a leading company for years, well-established in the labor market as a very serious and important partner for local and foreign companies operating in Albania.<\/p>\n\n\t\t<\/div>\n\t<\/div>\n<div class=\"vc_empty_space\"   style=\"height: 30px\"><span class=\"vc_empty_space_inner\"><\/span><\/div><div class=\"vc_row wpb_row vc_inner vc_row-fluid\"><div class=\"wpb_column vc_column_container vc_col-sm-3\"><div class=\"vc_column-inner\"><div class=\"wpb_wrapper\"><\/div><\/div><\/div><div class=\"wpb_column vc_column_container vc_col-sm-3\"><div class=\"vc_column-inner\"><div class=\"wpb_wrapper\"><div class=\"counter\">\n\t<div class=\"counter-content\">\n\t\t<span class=\"counter-prefix\"><\/span>\n\t\t<span class=\"counter-value\" data-from=\"0\" data-to=\"1000\" data-speed=\"1000\">0<\/span>\n\t\t<span class=\"counter-suffix\">+<\/span>\n\t<\/div>\n<div class=\"counter-title\">Over 1000 successful trainings<\/div><\/div><\/div><\/div><\/div><div class=\"wpb_column vc_column_container vc_col-sm-3\"><div class=\"vc_column-inner\"><div class=\"wpb_wrapper\"><div class=\"counter\">\n\t<div class=\"counter-content\">\n\t\t<span class=\"counter-prefix\"><\/span>\n\t\t<span class=\"counter-value\" data-from=\"0\" data-to=\"8\" data-speed=\"1000\">0<\/span>\n\t\t<span class=\"counter-suffix\">years<\/span>\n\t<\/div>\n<div class=\"counter-title\">8 years as a leading company<\/div><\/div><\/div><\/div><\/div><div class=\"wpb_column vc_column_container vc_col-sm-3\"><div class=\"vc_column-inner\"><div class=\"wpb_wrapper\"><\/div><\/div><\/div><\/div><div class=\"vc_empty_space\"   style=\"height: 50px\"><span class=\"vc_empty_space_inner\"><\/span><\/div><div class=\"vc_row wpb_row vc_inner vc_row-fluid\"><div class=\"wpb_column vc_column_container vc_col-sm-6\"><div class=\"vc_column-inner\"><div class=\"wpb_wrapper\">\n\t<div class=\"wpb_text_column wpb_content_element\" >\n\t\t<div class=\"wpb_wrapper\">\n\t\t\t<h3><strong>Internationally Certified Professional Standards<\/strong><\/h3>\n<p>TOSHA\u2019s professional standards are not only nationally recognized but also globally certified and accredited.<\/p>\n<p class=\"ds-markdown-paragraph\">Beyond licenses granted by local ministries and authorities in compliance with Albanian legislation, TOSHA holds certifications from prestigious international institutions such as T\u00dcV Austria, including:<\/p>\n<ul class=\"style1\">\n<li><strong>ISO 9001:2015<\/strong><\/li>\n<li><strong>ISO 14001:2015<\/strong><\/li>\n<li><strong>ISO 45001:2018 <\/strong><\/li>\n<li><strong>PAS 99:2012<\/strong><\/li>\n<\/ul>\n<p>These certifications validate our uncompromising quality in service delivery and consultancy, reinforcing trust in every partnership we establish.<\/p>\n\n\t\t<\/div>\n\t<\/div>\n<\/div><\/div><\/div><div class=\"wpb_column vc_column_container vc_col-sm-6\"><div class=\"vc_column-inner\"><div class=\"wpb_wrapper\"><\/div><\/div><\/div><\/div><div class=\"vc_empty_space\"   style=\"height: 50px\"><span class=\"vc_empty_space_inner\"><\/span><\/div><div class=\"vc_tta-container\" data-vc-action=\"collapse\"><div class=\"vc_general vc_tta vc_tta-accordion vc_tta-color-grey vc_tta-style-classic vc_tta-shape-rounded vc_tta-o-shape-group vc_tta-controls-align-default\"><div class=\"vc_tta-panels-container\"><div class=\"vc_tta-panels\"><div class=\"vc_tta-panel vc_active\" id=\"1461810867516-0c9c3955-6959\" data-vc-content=\".vc_tta-panel-body\"><div class=\"vc_tta-panel-heading\"><h4 class=\"vc_tta-panel-title vc_tta-controls-icon-position-left\"><a href=\"#1461810867516-0c9c3955-6959\" data-vc-accordion data-vc-container=\".vc_tta-container\"><span class=\"vc_tta-title-text\">Tosha\u2019s Mision<\/span><i class=\"vc_tta-controls-icon vc_tta-controls-icon-plus\"><\/i><\/a><\/h4><\/div><div class=\"vc_tta-panel-body\">\n\t<div class=\"wpb_text_column wpb_content_element\" >\n\t\t<div class=\"wpb_wrapper\">\n\t\t\t<p>Our mission is to build sustainable, long-term partnerships by delivering high-quality services powered by innovation and cutting-edge technology. We believe in treating our partners with respect, honesty, and integrity, fostering mutual growth through creativity, discovery, and continuous innovation. Business ethics, transparency, and accountability are embedded in every service we provide, ensuring a safer, healthier, and more productive future for all.<\/p>\n\n\t\t<\/div>\n\t<\/div>\n<\/div><\/div><div class=\"vc_tta-panel\" id=\"1461810867637-8c99c5c0-52cb\" data-vc-content=\".vc_tta-panel-body\"><div class=\"vc_tta-panel-heading\"><h4 class=\"vc_tta-panel-title vc_tta-controls-icon-position-left\"><a href=\"#1461810867637-8c99c5c0-52cb\" data-vc-accordion data-vc-container=\".vc_tta-container\"><span class=\"vc_tta-title-text\">Tosha\u2019s Vision<\/span><i class=\"vc_tta-controls-icon vc_tta-controls-icon-plus\"><\/i><\/a><\/h4><\/div><div class=\"vc_tta-panel-body\">\n\t<div class=\"wpb_text_column wpb_content_element\" >\n\t\t<div class=\"wpb_wrapper\">\n\t\t\t<p>TOSHA aims to create a safe and healthy working environment, leading to increased well-being, motivation, and productivity for employees in their workplaces. This also provides greater security and benefit for employers in their businesses, always in compliance with legal standards and norms.<\/p>\n<p>Investing in occupational safety and health is always a benefit, not a loss.<\/p>\n\n\t\t<\/div>\n\t<\/div>\n<\/div><\/div><div class=\"vc_tta-panel\" id=\"1461811016911-b47f1946-d095\" data-vc-content=\".vc_tta-panel-body\"><div class=\"vc_tta-panel-heading\"><h4 class=\"vc_tta-panel-title vc_tta-controls-icon-position-left\"><a href=\"#1461811016911-b47f1946-d095\" data-vc-accordion data-vc-container=\".vc_tta-container\"><span class=\"vc_tta-title-text\">Tosha\u2019s Values<\/span><i class=\"vc_tta-controls-icon vc_tta-controls-icon-plus\"><\/i><\/a><\/h4><\/div><div class=\"vc_tta-panel-body\">\n\t<div class=\"wpb_text_column wpb_content_element\" >\n\t\t<div class=\"wpb_wrapper\">\n\t\t\t<p>TOSHA offers its partners professionalism, integrity, seriousness, commitment, and the promotion of occupational safety and health, a safe environment within the enterprise, and environmental protection outside of it. TOSHA's staff guarantees a good relationship with employees, employers, and state control and inspection authorities.<\/p>\n\n\t\t<\/div>\n\t<\/div>\n<\/div><\/div><\/div><\/div><\/div><\/div><div class=\"vc_empty_space\"   style=\"height: 32px\"><span class=\"vc_empty_space_inner\"><\/span><\/div><div class=\"vc_empty_space\"   style=\"height: 50px\"><span class=\"vc_empty_space_inner\"><\/span><\/div>\n<div class=\"vc_grid-container-wrapper vc_clearfix vc_grid-animation-fadeIn\">\n\t<div class=\"vc_grid-container vc_clearfix wpb_content_element vc_media_grid\" data-initial-loading-animation=\"fadeIn\" data-vc-grid-settings=\"{&quot;page_id&quot;:7,&quot;style&quot;:&quot;all&quot;,&quot;action&quot;:&quot;vc_get_vc_grid_data&quot;,&quot;shortcode_id&quot;:&quot;1749234040271-eded78a21554640e4b352f95ee5fa217-6&quot;,&quot;tag&quot;:&quot;vc_media_grid&quot;}\" data-vc-request=\"https:\/\/toshalbania.com\/wp-admin\/admin-ajax.php\" data-vc-post-id=\"7\" data-vc-public-nonce=\"bc7e923c19\">\n\t\t\n\t<\/div>\n<\/div><div class=\"vc_empty_space\"   style=\"height: 50px\"><span class=\"vc_empty_space_inner\"><\/span><\/div>\n\t<div class=\"wpb_text_column wpb_content_element\" >\n\t\t<div class=\"wpb_wrapper\">\n\t\t\t<p style=\"text-align: center;\"><a class=\"button lg\" href=\"https:\/\/toshalbania.com\/en\/kontakt\/\">Contact Us<\/a><\/p>\n\n\t\t<\/div>\n\t<\/div>\n<\/div><\/div><\/div><\/div>\n<\/div>","protected":false},"excerpt":{"rendered":"TOSHA Kompania Top Occupational Safety and Health Albania (TOSHA),&nbsp;ofron sh\u00ebrbime t\u00eb specializuara, n\u00eb fush\u00ebn e siguris\u00eb dhe sh\u00ebndetit n\u00eb pun\u00eb, mbrojtjes dhe shp\u00ebtimit nga zjarri dhe t\u00eb marr\u00ebdh\u00ebnieve t\u00eb pun\u00ebsimit n\u00eb t\u00ebr\u00ebsi. Fokusi i saj \u00ebsht\u00eb i p\u00ebrqendruar n\u00eb ekspertiz\u00eb t\u00eb plot\u00eb, audit, konsulenc\u00eb, trajnime dhe informim p\u00ebr pun\u00ebmarr\u00ebsit e partner\u00ebve t\u00eb saj me synim [...]","protected":false},"author":2,"featured_media":0,"parent":0,"menu_order":0,"comment_status":"closed","ping_status":"closed","template":"","meta":{"nf_dc_page":"","_monsterinsights_skip_tracking":false,"_monsterinsights_sitenote_active":false,"_monsterinsights_sitenote_note":"","_monsterinsights_sitenote_category":0,"footnotes":""},"class_list":["post-7","page","type-page","status-publish","hentry","no-post-thumbnail"],"yoast_head":"<!-- This site is optimized with the Yoast SEO plugin v27.5 - https:\/\/yoast.com\/product\/yoast-seo-wordpress\/ -->\n<title>Kush jemi - TOSHA<\/title>\n<meta name=\"description\" content=\"Zbuloni TOSHA, kompanin\u00eb lider n\u00eb Shqip\u00ebri p\u00ebr sigurin\u00eb dhe sh\u00ebndetin n\u00eb pun\u00eb, mbrojtjen nga zjarri dhe marr\u00ebdh\u00ebniet e pun\u00ebsimit. Ofrojm\u00eb konsulenc\u00eb, audit, trajnime dhe formim profesional.\" \/>\n<meta name=\"robots\" content=\"index, follow, max-snippet:-1, max-image-preview:large, max-video-preview:-1\" \/>\n<link rel=\"canonical\" href=\"https:\/\/toshalbania.com\/en\/kush-jemi\/\" \/>\n<meta property=\"og:locale\" content=\"en_US\" \/>\n<meta property=\"og:type\" content=\"article\" \/>\n<meta property=\"og:title\" content=\"Kush jemi - TOSHA\" \/>\n<meta property=\"og:description\" content=\"Zbuloni TOSHA, kompanin\u00eb lider n\u00eb Shqip\u00ebri p\u00ebr sigurin\u00eb dhe sh\u00ebndetin n\u00eb pun\u00eb, mbrojtjen nga zjarri dhe marr\u00ebdh\u00ebniet e pun\u00ebsimit. Ofrojm\u00eb konsulenc\u00eb, audit, trajnime dhe formim profesional.\" \/>\n<meta property=\"og:url\" content=\"https:\/\/toshalbania.com\/en\/kush-jemi\/\" \/>\n<meta property=\"og:site_name\" content=\"TOSHA\" \/>\n<meta property=\"article:publisher\" content=\"https:\/\/www.facebook.com\/toshalbania\/\" \/>\n<meta property=\"article:modified_time\" content=\"2025-06-06T18:21:58+00:00\" \/>\n<meta name=\"twitter:card\" content=\"summary_large_image\" \/>\n<meta name=\"twitter:label1\" content=\"Est. reading time\" \/>\n\t<meta name=\"twitter:data1\" content=\"4 minutes\" \/>\n<script type=\"application\/ld+json\" class=\"yoast-schema-graph\">{\"@context\":\"https:\\\/\\\/schema.org\",\"@graph\":[{\"@type\":\"WebPage\",\"@id\":\"https:\\\/\\\/toshalbania.com\\\/kush-jemi\\\/\",\"url\":\"https:\\\/\\\/toshalbania.com\\\/kush-jemi\\\/\",\"name\":\"Kush jemi - TOSHA\",\"isPartOf\":{\"@id\":\"https:\\\/\\\/toshalbania.com\\\/#website\"},\"datePublished\":\"2016-04-12T10:02:54+00:00\",\"dateModified\":\"2025-06-06T18:21:58+00:00\",\"description\":\"Zbuloni TOSHA, kompanin\u00eb lider n\u00eb Shqip\u00ebri p\u00ebr sigurin\u00eb dhe sh\u00ebndetin n\u00eb pun\u00eb, mbrojtjen nga zjarri dhe marr\u00ebdh\u00ebniet e pun\u00ebsimit. Ofrojm\u00eb konsulenc\u00eb, audit, trajnime dhe formim profesional.\",\"breadcrumb\":{\"@id\":\"https:\\\/\\\/toshalbania.com\\\/kush-jemi\\\/#breadcrumb\"},\"inLanguage\":\"en-US\",\"potentialAction\":[{\"@type\":\"ReadAction\",\"target\":[\"https:\\\/\\\/toshalbania.com\\\/kush-jemi\\\/\"]}]},{\"@type\":\"BreadcrumbList\",\"@id\":\"https:\\\/\\\/toshalbania.com\\\/kush-jemi\\\/#breadcrumb\",\"itemListElement\":[{\"@type\":\"ListItem\",\"position\":1,\"name\":\"Home\",\"item\":\"https:\\\/\\\/toshalbania.com\\\/\"},{\"@type\":\"ListItem\",\"position\":2,\"name\":\"Kush jemi\"}]},{\"@type\":\"WebSite\",\"@id\":\"https:\\\/\\\/toshalbania.com\\\/#website\",\"url\":\"https:\\\/\\\/toshalbania.com\\\/\",\"name\":\"Top Occupational Safety and Health Albania\",\"description\":\"Top Occupational Safety and Health Albania\",\"publisher\":{\"@id\":\"https:\\\/\\\/toshalbania.com\\\/#organization\"},\"alternateName\":\"TOSHA\",\"potentialAction\":[{\"@type\":\"SearchAction\",\"target\":{\"@type\":\"EntryPoint\",\"urlTemplate\":\"https:\\\/\\\/toshalbania.com\\\/?s={search_term_string}\"},\"query-input\":{\"@type\":\"PropertyValueSpecification\",\"valueRequired\":true,\"valueName\":\"search_term_string\"}}],\"inLanguage\":\"en-US\"},{\"@type\":\"Organization\",\"@id\":\"https:\\\/\\\/toshalbania.com\\\/#organization\",\"name\":\"TOSHA\",\"alternateName\":\"Top Occupational Safety and Health Albania\",\"url\":\"https:\\\/\\\/toshalbania.com\\\/\",\"logo\":{\"@type\":\"ImageObject\",\"inLanguage\":\"en-US\",\"@id\":\"https:\\\/\\\/toshalbania.com\\\/#\\\/schema\\\/logo\\\/image\\\/\",\"url\":\"https:\\\/\\\/toshalbania.com\\\/wp-content\\\/uploads\\\/2025\\\/04\\\/tosha-blue-01.png\",\"contentUrl\":\"https:\\\/\\\/toshalbania.com\\\/wp-content\\\/uploads\\\/2025\\\/04\\\/tosha-blue-01.png\",\"width\":513,\"height\":125,\"caption\":\"TOSHA\"},\"image\":{\"@id\":\"https:\\\/\\\/toshalbania.com\\\/#\\\/schema\\\/logo\\\/image\\\/\"},\"sameAs\":[\"https:\\\/\\\/www.facebook.com\\\/toshalbania\\\/\",\"https:\\\/\\\/www.instagram.com\\\/toshalbania\\\/\"]}]}<\/script>\n<!-- \/ Yoast SEO plugin. -->","yoast_head_json":{"title":"Kush jemi - TOSHA","description":"Zbuloni TOSHA, kompanin\u00eb lider n\u00eb Shqip\u00ebri p\u00ebr sigurin\u00eb dhe sh\u00ebndetin n\u00eb pun\u00eb, mbrojtjen nga zjarri dhe marr\u00ebdh\u00ebniet e pun\u00ebsimit. Ofrojm\u00eb konsulenc\u00eb, audit, trajnime dhe formim profesional.","robots":{"index":"index","follow":"follow","max-snippet":"max-snippet:-1","max-image-preview":"max-image-preview:large","max-video-preview":"max-video-preview:-1"},"canonical":"https:\/\/toshalbania.com\/en\/kush-jemi\/","og_locale":"en_US","og_type":"article","og_title":"Kush jemi - TOSHA","og_description":"Zbuloni TOSHA, kompanin\u00eb lider n\u00eb Shqip\u00ebri p\u00ebr sigurin\u00eb dhe sh\u00ebndetin n\u00eb pun\u00eb, mbrojtjen nga zjarri dhe marr\u00ebdh\u00ebniet e pun\u00ebsimit. Ofrojm\u00eb konsulenc\u00eb, audit, trajnime dhe formim profesional.","og_url":"https:\/\/toshalbania.com\/en\/kush-jemi\/","og_site_name":"TOSHA","article_publisher":"https:\/\/www.facebook.com\/toshalbania\/","article_modified_time":"2025-06-06T18:21:58+00:00","twitter_card":"summary_large_image","twitter_misc":{"Est. reading time":"4 minutes"},"schema":{"@context":"https:\/\/schema.org","@graph":[{"@type":"WebPage","@id":"https:\/\/toshalbania.com\/kush-jemi\/","url":"https:\/\/toshalbania.com\/kush-jemi\/","name":"Kush jemi - TOSHA","isPartOf":{"@id":"https:\/\/toshalbania.com\/#website"},"datePublished":"2016-04-12T10:02:54+00:00","dateModified":"2025-06-06T18:21:58+00:00","description":"Zbuloni TOSHA, kompanin\u00eb lider n\u00eb Shqip\u00ebri p\u00ebr sigurin\u00eb dhe sh\u00ebndetin n\u00eb pun\u00eb, mbrojtjen nga zjarri dhe marr\u00ebdh\u00ebniet e pun\u00ebsimit. Ofrojm\u00eb konsulenc\u00eb, audit, trajnime dhe formim profesional.","breadcrumb":{"@id":"https:\/\/toshalbania.com\/kush-jemi\/#breadcrumb"},"inLanguage":"en-US","potentialAction":[{"@type":"ReadAction","target":["https:\/\/toshalbania.com\/kush-jemi\/"]}]},{"@type":"BreadcrumbList","@id":"https:\/\/toshalbania.com\/kush-jemi\/#breadcrumb","itemListElement":[{"@type":"ListItem","position":1,"name":"Home","item":"https:\/\/toshalbania.com\/"},{"@type":"ListItem","position":2,"name":"Kush jemi"}]},{"@type":"WebSite","@id":"https:\/\/toshalbania.com\/#website","url":"https:\/\/toshalbania.com\/","name":"Top Occupational Safety and Health Albania","description":"Top Occupational Safety and Health Albania","publisher":{"@id":"https:\/\/toshalbania.com\/#organization"},"alternateName":"TOSHA","potentialAction":[{"@type":"SearchAction","target":{"@type":"EntryPoint","urlTemplate":"https:\/\/toshalbania.com\/?s={search_term_string}"},"query-input":{"@type":"PropertyValueSpecification","valueRequired":true,"valueName":"search_term_string"}}],"inLanguage":"en-US"},{"@type":"Organization","@id":"https:\/\/toshalbania.com\/#organization","name":"TOSHA","alternateName":"Top Occupational Safety and Health Albania","url":"https:\/\/toshalbania.com\/","logo":{"@type":"ImageObject","inLanguage":"en-US","@id":"https:\/\/toshalbania.com\/#\/schema\/logo\/image\/","url":"https:\/\/toshalbania.com\/wp-content\/uploads\/2025\/04\/tosha-blue-01.png","contentUrl":"https:\/\/toshalbania.com\/wp-content\/uploads\/2025\/04\/tosha-blue-01.png","width":513,"height":125,"caption":"TOSHA"},"image":{"@id":"https:\/\/toshalbania.com\/#\/schema\/logo\/image\/"},"sameAs":["https:\/\/www.facebook.com\/toshalbania\/","https:\/\/www.instagram.com\/toshalbania\/"]}]}},"_links":{"self":[{"href":"https:\/\/toshalbania.com\/en\/wp-json\/wp\/v2\/pages\/7","targetHints":{"allow":["GET"]}}],"collection":[{"href":"https:\/\/toshalbania.com\/en\/wp-json\/wp\/v2\/pages"}],"about":[{"href":"https:\/\/toshalbania.com\/en\/wp-json\/wp\/v2\/types\/page"}],"author":[{"embeddable":true,"href":"https:\/\/toshalbania.com\/en\/wp-json\/wp\/v2\/users\/2"}],"replies":[{"embeddable":true,"href":"https:\/\/toshalbania.com\/en\/wp-json\/wp\/v2\/comments?post=7"}],"version-history":[{"count":20,"href":"https:\/\/toshalbania.com\/en\/wp-json\/wp\/v2\/pages\/7\/revisions"}],"predecessor-version":[{"id":928,"href":"https:\/\/toshalbania.com\/en\/wp-json\/wp\/v2\/pages\/7\/revisions\/928"}],"wp:attachment":[{"href":"https:\/\/toshalbania.com\/en\/wp-json\/wp\/v2\/media?parent=7"}],"curies":[{"name":"wp","href":"https:\/\/api.w.org\/{rel}","templated":true}]}}