{"id":599,"date":"2025-04-24T15:50:30","date_gmt":"2025-04-24T15:50:30","guid":{"rendered":"https:\/\/toshalbania.com\/?page_id=599"},"modified":"2025-06-03T18:28:36","modified_gmt":"2025-06-03T18:28:36","slug":"sherbimi-zjarrit","status":"publish","type":"page","link":"https:\/\/toshalbania.com\/en\/sherbimet\/sherbimi-zjarrit\/","title":{"rendered":"Fire Service"},"content":{"rendered":"<div class=\"wpb-content-wrapper\"><div class=\"vc_row wpb_row vc_row-fluid\"><div class=\"wpb_column vc_column_container vc_col-sm-12\"><div class=\"vc_column-inner\"><div class=\"wpb_wrapper\"><div class=\"vc_row wpb_row vc_inner vc_row-fluid\"><div class=\"wpb_column vc_column_container vc_col-sm-12\"><div class=\"vc_column-inner\"><div class=\"wpb_wrapper\">\n<div class=\"vc_grid-container-wrapper vc_clearfix vc_grid-animation-fadeIn\">\n\t<div class=\"vc_grid-container vc_clearfix wpb_content_element vc_media_grid\" data-initial-loading-animation=\"fadeIn\" data-vc-grid-settings=\"{&quot;page_id&quot;:599,&quot;style&quot;:&quot;all&quot;,&quot;action&quot;:&quot;vc_get_vc_grid_data&quot;,&quot;shortcode_id&quot;:&quot;1748975180458-5d0b52c9-5efd-4&quot;,&quot;tag&quot;:&quot;vc_media_grid&quot;}\" data-vc-request=\"https:\/\/toshalbania.com\/wp-admin\/admin-ajax.php\" data-vc-post-id=\"599\" data-vc-public-nonce=\"bc7e923c19\">\n\t\t\n\t<\/div>\n<\/div><\/div><\/div><\/div><\/div><div class=\"vc_empty_space\"   style=\"height: 40px\"><span class=\"vc_empty_space_inner\"><\/span><\/div>\n\t<div class=\"wpb_text_column wpb_content_element\" >\n\t\t<div class=\"wpb_wrapper\">\n\t\t\t<h3><strong>ESTABLISHING A FIRE PROTECTION AND RESCUE SYSTEM<\/strong><\/h3>\n<p><strong>Preparation of Fire Protection and Rescue Plans &amp; Employee Training<\/strong><\/p>\n<p>Pursuant to Law No. 10237, dated February 18, 2010, \u201cOn Safety and Health at Work,\u201d and Law No. 152, dated December 21, 2015, \u201cOn Fire Protection and Rescue Services,\u201d employers are legally obligated to develop a Fire Protection and Rescue Plan and an Evacuation and Rescue Scheme for emergencies. This plan includes:<\/p>\n<ul>\n<li>\n<p class=\"ds-markdown-paragraph\"><strong>Evacuation Plan<\/strong><\/p>\n<\/li>\n<li>\n<p class=\"ds-markdown-paragraph\"><strong>Evacuation Drill<\/strong><\/p>\n<\/li>\n<li>\n<p class=\"ds-markdown-paragraph\"><strong>Fire Protection Systems<\/strong> (e.g., extinguishers, hydrants, sprinklers).<\/p>\n<\/li>\n<\/ul>\n<p>Every enterprise must have a clear evacuation plan and scheme for emergencies. Employees must undergo evacuation drills to familiarize themselves with designated safe assembly points.<\/p>\n<p class=\"ds-markdown-paragraph\">Additionally, the employer must train employees on the Fire Protection and Rescue Plan and certify personnel designated to operate fire extinguishers during emergencies.<\/p>\n\n\t\t<\/div>\n\t<\/div>\n<div class=\"vc_empty_space\"   style=\"height: 40px\"><span class=\"vc_empty_space_inner\"><\/span><\/div><div class=\"vc_empty_space\"   style=\"height: 40px\"><span class=\"vc_empty_space_inner\"><\/span><\/div><\/div><\/div><\/div><\/div>\n<\/div>","protected":false},"excerpt":{"rendered":"NGRITJA E SISTEMIT T\u00cb MBROJTJES DHE SHP\u00cbTIMIT NGA ZJARRI Hartimi i Planeve t\u00eb Mbrojtjes dhe Shp\u00ebtimit nga Zjarri\u00a0 dhe Trajnimi i Punonj\u00ebsve p\u00ebr k\u00ebt\u00eb profil Referuar ligjit nr. 10 237 dat\u00eb 18.02.2010 \u201cP\u00ebr sigurin\u00eb dhe sh\u00ebndetin n\u00eb pun\u00eb\u201d, Ligjit Nr.152, dat\u00eb 21.12.2015 \u201cP\u00ebr sh\u00ebrbimin e mbrojtjes dhe shp\u00ebtimit nga zjarri\u201d, pun\u00ebdh\u00ebn\u00ebsi ka detyrim ligjor t\u00eb [...]","protected":false},"author":2,"featured_media":0,"parent":9,"menu_order":0,"comment_status":"closed","ping_status":"closed","template":"","meta":{"nf_dc_page":"","_monsterinsights_skip_tracking":false,"_monsterinsights_sitenote_active":false,"_monsterinsights_sitenote_note":"","_monsterinsights_sitenote_category":0,"footnotes":""},"class_list":["post-599","page","type-page","status-publish","hentry","no-post-thumbnail"],"yoast_head":"<!-- This site is optimized with the Yoast SEO plugin v27.5 - https:\/\/yoast.com\/product\/yoast-seo-wordpress\/ -->\n<title>Sh\u00ebrbimi Zjarrit - TOSHA<\/title>\n<meta name=\"description\" content=\"TOSHA ofron Sh\u00ebrbimin e Zjarrit, duke p\u00ebrfshir\u00eb hartimin e planeve t\u00eb mbrojtjes dhe evakuimit, trajnime dhe pajisje, p\u00ebr t\u00eb siguruar mbrojtjen maksimale nga zjarri dhe p\u00ebrputhshm\u00ebrin\u00eb ligjore. Kontaktoni p\u00ebr sh\u00ebrbime profesionale t\u00eb siguris\u00eb nga zjarri.\" \/>\n<meta name=\"robots\" content=\"index, follow, max-snippet:-1, max-image-preview:large, max-video-preview:-1\" \/>\n<link rel=\"canonical\" href=\"https:\/\/toshalbania.com\/en\/sherbimet\/sherbimi-zjarrit\/\" \/>\n<meta property=\"og:locale\" content=\"en_US\" \/>\n<meta property=\"og:type\" content=\"article\" \/>\n<meta property=\"og:title\" content=\"Sh\u00ebrbimi Zjarrit - TOSHA\" \/>\n<meta property=\"og:description\" content=\"TOSHA ofron Sh\u00ebrbimin e Zjarrit, duke p\u00ebrfshir\u00eb hartimin e planeve t\u00eb mbrojtjes dhe evakuimit, trajnime dhe pajisje, p\u00ebr t\u00eb siguruar mbrojtjen maksimale nga zjarri dhe p\u00ebrputhshm\u00ebrin\u00eb ligjore. Kontaktoni p\u00ebr sh\u00ebrbime profesionale t\u00eb siguris\u00eb nga zjarri.\" \/>\n<meta property=\"og:url\" content=\"https:\/\/toshalbania.com\/en\/sherbimet\/sherbimi-zjarrit\/\" \/>\n<meta property=\"og:site_name\" content=\"TOSHA\" \/>\n<meta property=\"article:publisher\" content=\"https:\/\/www.facebook.com\/toshalbania\/\" \/>\n<meta property=\"article:modified_time\" content=\"2025-06-03T18:28:36+00:00\" \/>\n<meta name=\"twitter:card\" content=\"summary_large_image\" \/>\n<meta name=\"twitter:label1\" content=\"Est. reading time\" \/>\n\t<meta name=\"twitter:data1\" content=\"1 minute\" \/>\n<script type=\"application\/ld+json\" class=\"yoast-schema-graph\">{\"@context\":\"https:\\\/\\\/schema.org\",\"@graph\":[{\"@type\":\"WebPage\",\"@id\":\"https:\\\/\\\/toshalbania.com\\\/sherbimet\\\/sherbimi-zjarrit\\\/\",\"url\":\"https:\\\/\\\/toshalbania.com\\\/sherbimet\\\/sherbimi-zjarrit\\\/\",\"name\":\"Sh\u00ebrbimi Zjarrit - TOSHA\",\"isPartOf\":{\"@id\":\"https:\\\/\\\/toshalbania.com\\\/#website\"},\"datePublished\":\"2025-04-24T15:50:30+00:00\",\"dateModified\":\"2025-06-03T18:28:36+00:00\",\"description\":\"TOSHA ofron Sh\u00ebrbimin e Zjarrit, duke p\u00ebrfshir\u00eb hartimin e planeve t\u00eb mbrojtjes dhe evakuimit, trajnime dhe pajisje, p\u00ebr t\u00eb siguruar mbrojtjen maksimale nga zjarri dhe p\u00ebrputhshm\u00ebrin\u00eb ligjore. Kontaktoni p\u00ebr sh\u00ebrbime profesionale t\u00eb siguris\u00eb nga zjarri.\",\"breadcrumb\":{\"@id\":\"https:\\\/\\\/toshalbania.com\\\/sherbimet\\\/sherbimi-zjarrit\\\/#breadcrumb\"},\"inLanguage\":\"en-US\",\"potentialAction\":[{\"@type\":\"ReadAction\",\"target\":[\"https:\\\/\\\/toshalbania.com\\\/sherbimet\\\/sherbimi-zjarrit\\\/\"]}]},{\"@type\":\"BreadcrumbList\",\"@id\":\"https:\\\/\\\/toshalbania.com\\\/sherbimet\\\/sherbimi-zjarrit\\\/#breadcrumb\",\"itemListElement\":[{\"@type\":\"ListItem\",\"position\":1,\"name\":\"Home\",\"item\":\"https:\\\/\\\/toshalbania.com\\\/\"},{\"@type\":\"ListItem\",\"position\":2,\"name\":\"Sh\u00ebrbimet\",\"item\":\"https:\\\/\\\/toshalbania.com\\\/sherbimet\\\/\"},{\"@type\":\"ListItem\",\"position\":3,\"name\":\"Sh\u00ebrbimi Zjarrit\"}]},{\"@type\":\"WebSite\",\"@id\":\"https:\\\/\\\/toshalbania.com\\\/#website\",\"url\":\"https:\\\/\\\/toshalbania.com\\\/\",\"name\":\"Top Occupational Safety and Health Albania\",\"description\":\"Top Occupational Safety and Health Albania\",\"publisher\":{\"@id\":\"https:\\\/\\\/toshalbania.com\\\/#organization\"},\"alternateName\":\"TOSHA\",\"potentialAction\":[{\"@type\":\"SearchAction\",\"target\":{\"@type\":\"EntryPoint\",\"urlTemplate\":\"https:\\\/\\\/toshalbania.com\\\/?s={search_term_string}\"},\"query-input\":{\"@type\":\"PropertyValueSpecification\",\"valueRequired\":true,\"valueName\":\"search_term_string\"}}],\"inLanguage\":\"en-US\"},{\"@type\":\"Organization\",\"@id\":\"https:\\\/\\\/toshalbania.com\\\/#organization\",\"name\":\"TOSHA\",\"alternateName\":\"Top Occupational Safety and Health Albania\",\"url\":\"https:\\\/\\\/toshalbania.com\\\/\",\"logo\":{\"@type\":\"ImageObject\",\"inLanguage\":\"en-US\",\"@id\":\"https:\\\/\\\/toshalbania.com\\\/#\\\/schema\\\/logo\\\/image\\\/\",\"url\":\"https:\\\/\\\/toshalbania.com\\\/wp-content\\\/uploads\\\/2025\\\/04\\\/tosha-blue-01.png\",\"contentUrl\":\"https:\\\/\\\/toshalbania.com\\\/wp-content\\\/uploads\\\/2025\\\/04\\\/tosha-blue-01.png\",\"width\":513,\"height\":125,\"caption\":\"TOSHA\"},\"image\":{\"@id\":\"https:\\\/\\\/toshalbania.com\\\/#\\\/schema\\\/logo\\\/image\\\/\"},\"sameAs\":[\"https:\\\/\\\/www.facebook.com\\\/toshalbania\\\/\",\"https:\\\/\\\/www.instagram.com\\\/toshalbania\\\/\"]}]}<\/script>\n<!-- \/ Yoast SEO plugin. -->","yoast_head_json":{"title":"Sh\u00ebrbimi Zjarrit - TOSHA","description":"TOSHA ofron Sh\u00ebrbimin e Zjarrit, duke p\u00ebrfshir\u00eb hartimin e planeve t\u00eb mbrojtjes dhe evakuimit, trajnime dhe pajisje, p\u00ebr t\u00eb siguruar mbrojtjen maksimale nga zjarri dhe p\u00ebrputhshm\u00ebrin\u00eb ligjore. Kontaktoni p\u00ebr sh\u00ebrbime profesionale t\u00eb siguris\u00eb nga zjarri.","robots":{"index":"index","follow":"follow","max-snippet":"max-snippet:-1","max-image-preview":"max-image-preview:large","max-video-preview":"max-video-preview:-1"},"canonical":"https:\/\/toshalbania.com\/en\/sherbimet\/sherbimi-zjarrit\/","og_locale":"en_US","og_type":"article","og_title":"Sh\u00ebrbimi Zjarrit - TOSHA","og_description":"TOSHA ofron Sh\u00ebrbimin e Zjarrit, duke p\u00ebrfshir\u00eb hartimin e planeve t\u00eb mbrojtjes dhe evakuimit, trajnime dhe pajisje, p\u00ebr t\u00eb siguruar mbrojtjen maksimale nga zjarri dhe p\u00ebrputhshm\u00ebrin\u00eb ligjore. Kontaktoni p\u00ebr sh\u00ebrbime profesionale t\u00eb siguris\u00eb nga zjarri.","og_url":"https:\/\/toshalbania.com\/en\/sherbimet\/sherbimi-zjarrit\/","og_site_name":"TOSHA","article_publisher":"https:\/\/www.facebook.com\/toshalbania\/","article_modified_time":"2025-06-03T18:28:36+00:00","twitter_card":"summary_large_image","twitter_misc":{"Est. reading time":"1 minute"},"schema":{"@context":"https:\/\/schema.org","@graph":[{"@type":"WebPage","@id":"https:\/\/toshalbania.com\/sherbimet\/sherbimi-zjarrit\/","url":"https:\/\/toshalbania.com\/sherbimet\/sherbimi-zjarrit\/","name":"Sh\u00ebrbimi Zjarrit - TOSHA","isPartOf":{"@id":"https:\/\/toshalbania.com\/#website"},"datePublished":"2025-04-24T15:50:30+00:00","dateModified":"2025-06-03T18:28:36+00:00","description":"TOSHA ofron Sh\u00ebrbimin e Zjarrit, duke p\u00ebrfshir\u00eb hartimin e planeve t\u00eb mbrojtjes dhe evakuimit, trajnime dhe pajisje, p\u00ebr t\u00eb siguruar mbrojtjen maksimale nga zjarri dhe p\u00ebrputhshm\u00ebrin\u00eb ligjore. Kontaktoni p\u00ebr sh\u00ebrbime profesionale t\u00eb siguris\u00eb nga zjarri.","breadcrumb":{"@id":"https:\/\/toshalbania.com\/sherbimet\/sherbimi-zjarrit\/#breadcrumb"},"inLanguage":"en-US","potentialAction":[{"@type":"ReadAction","target":["https:\/\/toshalbania.com\/sherbimet\/sherbimi-zjarrit\/"]}]},{"@type":"BreadcrumbList","@id":"https:\/\/toshalbania.com\/sherbimet\/sherbimi-zjarrit\/#breadcrumb","itemListElement":[{"@type":"ListItem","position":1,"name":"Home","item":"https:\/\/toshalbania.com\/"},{"@type":"ListItem","position":2,"name":"Sh\u00ebrbimet","item":"https:\/\/toshalbania.com\/sherbimet\/"},{"@type":"ListItem","position":3,"name":"Sh\u00ebrbimi Zjarrit"}]},{"@type":"WebSite","@id":"https:\/\/toshalbania.com\/#website","url":"https:\/\/toshalbania.com\/","name":"Top Occupational Safety and Health Albania","description":"Top Occupational Safety and Health Albania","publisher":{"@id":"https:\/\/toshalbania.com\/#organization"},"alternateName":"TOSHA","potentialAction":[{"@type":"SearchAction","target":{"@type":"EntryPoint","urlTemplate":"https:\/\/toshalbania.com\/?s={search_term_string}"},"query-input":{"@type":"PropertyValueSpecification","valueRequired":true,"valueName":"search_term_string"}}],"inLanguage":"en-US"},{"@type":"Organization","@id":"https:\/\/toshalbania.com\/#organization","name":"TOSHA","alternateName":"Top Occupational Safety and Health Albania","url":"https:\/\/toshalbania.com\/","logo":{"@type":"ImageObject","inLanguage":"en-US","@id":"https:\/\/toshalbania.com\/#\/schema\/logo\/image\/","url":"https:\/\/toshalbania.com\/wp-content\/uploads\/2025\/04\/tosha-blue-01.png","contentUrl":"https:\/\/toshalbania.com\/wp-content\/uploads\/2025\/04\/tosha-blue-01.png","width":513,"height":125,"caption":"TOSHA"},"image":{"@id":"https:\/\/toshalbania.com\/#\/schema\/logo\/image\/"},"sameAs":["https:\/\/www.facebook.com\/toshalbania\/","https:\/\/www.instagram.com\/toshalbania\/"]}]}},"_links":{"self":[{"href":"https:\/\/toshalbania.com\/en\/wp-json\/wp\/v2\/pages\/599","targetHints":{"allow":["GET"]}}],"collection":[{"href":"https:\/\/toshalbania.com\/en\/wp-json\/wp\/v2\/pages"}],"about":[{"href":"https:\/\/toshalbania.com\/en\/wp-json\/wp\/v2\/types\/page"}],"author":[{"embeddable":true,"href":"https:\/\/toshalbania.com\/en\/wp-json\/wp\/v2\/users\/2"}],"replies":[{"embeddable":true,"href":"https:\/\/toshalbania.com\/en\/wp-json\/wp\/v2\/comments?post=599"}],"version-history":[{"count":10,"href":"https:\/\/toshalbania.com\/en\/wp-json\/wp\/v2\/pages\/599\/revisions"}],"predecessor-version":[{"id":856,"href":"https:\/\/toshalbania.com\/en\/wp-json\/wp\/v2\/pages\/599\/revisions\/856"}],"up":[{"embeddable":true,"href":"https:\/\/toshalbania.com\/en\/wp-json\/wp\/v2\/pages\/9"}],"wp:attachment":[{"href":"https:\/\/toshalbania.com\/en\/wp-json\/wp\/v2\/media?parent=599"}],"curies":[{"name":"wp","href":"https:\/\/api.w.org\/{rel}","templated":true}]}}