{"id":590,"date":"2025-04-24T15:22:33","date_gmt":"2025-04-24T15:22:33","guid":{"rendered":"https:\/\/toshalbania.com\/?page_id=590"},"modified":"2025-06-03T19:13:54","modified_gmt":"2025-06-03T19:13:54","slug":"certifikimet","status":"publish","type":"page","link":"https:\/\/toshalbania.com\/en\/sherbimet\/certifikimet\/","title":{"rendered":"Certifications"},"content":{"rendered":"<div class=\"wpb-content-wrapper\"><div class=\"vc_row wpb_row vc_row-fluid\"><div class=\"wpb_column vc_column_container vc_col-sm-12\"><div class=\"vc_column-inner\"><div class=\"wpb_wrapper\">\n<div class=\"vc_grid-container-wrapper vc_clearfix vc_grid-animation-fadeIn\">\n\t<div class=\"vc_grid-container vc_clearfix wpb_content_element vc_media_grid\" data-initial-loading-animation=\"fadeIn\" data-vc-grid-settings=\"{&quot;page_id&quot;:590,&quot;style&quot;:&quot;all&quot;,&quot;action&quot;:&quot;vc_get_vc_grid_data&quot;,&quot;shortcode_id&quot;:&quot;1748974732963-14817428-2e85-5&quot;,&quot;tag&quot;:&quot;vc_media_grid&quot;}\" data-vc-request=\"https:\/\/toshalbania.com\/wp-admin\/admin-ajax.php\" data-vc-post-id=\"590\" data-vc-public-nonce=\"bc7e923c19\">\n\t\t\n\t<\/div>\n<\/div><div class=\"vc_empty_space\"   style=\"height: 60px\"><span class=\"vc_empty_space_inner\"><\/span><\/div>\n\t<div class=\"wpb_text_column wpb_content_element\" >\n\t\t<div class=\"wpb_wrapper\">\n\t\t\t<h3 class=\"no-margin-top\" style=\"text-align: center;\">PROFESSIONAL CERTIFICATIONS<\/h3>\n<p>TOSHA, authorized by Albanian state institutions and holding international certifications, offers professional training courses based on the Law on Safety and Health at Work and its associated bylaws and regulations.<\/p>\n<p>TOSHA\u2019s technical and didactic leadership, expert trainers, curricula, and organizational infrastructure guarantee the effective training and certification of diverse profiles required by law to implement workplace safety and health systems.<\/p>\n<p>TOSHA provides professional courses for:<\/p>\n<ul>\n<li><em><strong>Safety and health coordinator at work.<\/strong><\/em><\/li>\n<li><em><strong>Responsible person for occupational safety and health.<\/strong><\/em><\/li>\n<li><em><strong>General foundations for understanding occupational safety measures.<\/strong><\/em><\/li>\n<li><em><strong>Ergonomics at work.<\/strong><\/em><\/li>\n<li><em><strong>Work at height.<\/strong><\/em><\/li>\n<li><em><strong>For the use of work equipment in the workplace.<\/strong><\/em><\/li>\n<li><em><strong>For the use of personal protective equipment in the workplace.<\/strong><\/em><\/li>\n<li><em><strong>For safety and health in the workplace.<\/strong><\/em><\/li>\n<li><em><strong>For signage on construction sites and in the workplace.<\/strong><\/em><\/li>\n<li><em><strong>For safety on construction sites.<\/strong><\/em><\/li>\n<li><em><strong>For work with display screen equipment.<\/strong><\/em><\/li>\n<li><em><strong>For protection from risks related to chemical agents at work.<\/strong><\/em><\/li>\n<li><em><strong>For protection from risks related to carcinogens and mutagens at work.<\/strong><\/em><\/li>\n<li><em><strong>For manual handling of loads.<\/strong><\/em><\/li>\n<li><em><strong>For risk assessment at work.<\/strong><\/em><\/li>\n<li><em><strong>Refreshment of completed certifications.<\/strong><\/em><\/li>\n<\/ul>\n\n\t\t<\/div>\n\t<\/div>\n<div class=\"vc_empty_space\"   style=\"height: 30px\"><span class=\"vc_empty_space_inner\"><\/span><\/div><div class=\"vc_empty_space\"   style=\"height: 20px\"><span class=\"vc_empty_space_inner\"><\/span><\/div>\n\t<div class=\"wpb_text_column wpb_content_element\" >\n\t\t<div class=\"wpb_wrapper\">\n\t\t\t<h5><strong>Professional Courses for the Certification of Persons Responsible for Occupational Safety and Health (OSH), as well as for Occupational Safety and Health Coordinators.<\/strong><\/h5>\n<p>Based on VKM No. 108 dated 09.02.2011, \"On the qualifications that employees, specialized individuals, and services dealing with occupational safety and health issues must meet,\" it obliges the employer to certify a number of employees (based on the total number of employees) as Responsible Persons for Safety and Health at Work and coordinators. These individuals will be responsible for organizing and monitoring internal occupational safety and health matters for the SHPW Responsible Person and will serve as intermediaries with external contracted entities for the coordinator.<\/p>\n\n\t\t<\/div>\n\t<\/div>\n<\/div><\/div><\/div><\/div>\n<\/div>","protected":false},"excerpt":{"rendered":"KURSET P\u00cbR AFT\u00cbSIM PROFESIONAL Kompania TOSHA p\u00ebrmes t\u00eb drejt\u00ebs s\u00eb njohur nga institiconet e shtetit shqiptar dhe certifikimet nd\u00ebrkomb\u00ebtare, ofron kurse profesionale bazuar n\u00eb Ligjin e Siguris\u00eb dhe Sh\u00ebndetit n\u00eb Pun\u00eb , sikurse dhe akteve n\u00ebnligjore dhe rregulloreve n\u00eb funksion t\u00eb tij. Drejtuesit teknik\u00eb dhe didaktik\u00eb, ekspert\u00ebt e TOSHA, curriculat dhe struktura organizative q\u00eb disponon [...]","protected":false},"author":2,"featured_media":0,"parent":9,"menu_order":0,"comment_status":"closed","ping_status":"closed","template":"","meta":{"nf_dc_page":"","_monsterinsights_skip_tracking":false,"_monsterinsights_sitenote_active":false,"_monsterinsights_sitenote_note":"","_monsterinsights_sitenote_category":0,"footnotes":""},"class_list":["post-590","page","type-page","status-publish","hentry","no-post-thumbnail"],"yoast_head":"<!-- This site is optimized with the Yoast SEO plugin v27.5 - https:\/\/yoast.com\/product\/yoast-seo-wordpress\/ -->\n<title>Certifikimet - TOSHA<\/title>\n<meta name=\"description\" content=\"TOSHA ofron kurse profesionale dhe certifikime n\u00eb fush\u00ebn e siguris\u00eb dhe sh\u00ebndetit n\u00eb pun\u00eb, bazuar n\u00eb Ligjin p\u00ebrkat\u00ebs dhe V.K.M. Nr. 108. Merrni trajnime p\u00ebr t&#039;u b\u00ebr\u00eb Koordinator Sigurie, Person P\u00ebrgjegj\u00ebs SSHP, dhe p\u00ebr tema t\u00eb tjera si puna n\u00eb lart\u00ebsi, ergonomia, sinjalistika, mbrojtja nga agjent\u00ebt kimik\u00eb dhe vler\u00ebsimi i riskut. Rifreskim i certifikimeve t\u00eb kryera.\" \/>\n<meta name=\"robots\" content=\"index, follow, max-snippet:-1, max-image-preview:large, max-video-preview:-1\" \/>\n<link rel=\"canonical\" href=\"https:\/\/toshalbania.com\/en\/sherbimet\/certifikimet\/\" \/>\n<meta property=\"og:locale\" content=\"en_US\" \/>\n<meta property=\"og:type\" content=\"article\" \/>\n<meta property=\"og:title\" content=\"Certifikimet - TOSHA\" \/>\n<meta property=\"og:description\" content=\"TOSHA ofron kurse profesionale dhe certifikime n\u00eb fush\u00ebn e siguris\u00eb dhe sh\u00ebndetit n\u00eb pun\u00eb, bazuar n\u00eb Ligjin p\u00ebrkat\u00ebs dhe V.K.M. Nr. 108. Merrni trajnime p\u00ebr t&#039;u b\u00ebr\u00eb Koordinator Sigurie, Person P\u00ebrgjegj\u00ebs SSHP, dhe p\u00ebr tema t\u00eb tjera si puna n\u00eb lart\u00ebsi, ergonomia, sinjalistika, mbrojtja nga agjent\u00ebt kimik\u00eb dhe vler\u00ebsimi i riskut. Rifreskim i certifikimeve t\u00eb kryera.\" \/>\n<meta property=\"og:url\" content=\"https:\/\/toshalbania.com\/en\/sherbimet\/certifikimet\/\" \/>\n<meta property=\"og:site_name\" content=\"TOSHA\" \/>\n<meta property=\"article:publisher\" content=\"https:\/\/www.facebook.com\/toshalbania\/\" \/>\n<meta property=\"article:modified_time\" content=\"2025-06-03T19:13:54+00:00\" \/>\n<meta name=\"twitter:card\" content=\"summary_large_image\" \/>\n<meta name=\"twitter:label1\" content=\"Est. reading time\" \/>\n\t<meta name=\"twitter:data1\" content=\"3 minutes\" \/>\n<script type=\"application\/ld+json\" class=\"yoast-schema-graph\">{\"@context\":\"https:\\\/\\\/schema.org\",\"@graph\":[{\"@type\":\"WebPage\",\"@id\":\"https:\\\/\\\/toshalbania.com\\\/sherbimet\\\/certifikimet\\\/\",\"url\":\"https:\\\/\\\/toshalbania.com\\\/sherbimet\\\/certifikimet\\\/\",\"name\":\"Certifikimet - TOSHA\",\"isPartOf\":{\"@id\":\"https:\\\/\\\/toshalbania.com\\\/#website\"},\"datePublished\":\"2025-04-24T15:22:33+00:00\",\"dateModified\":\"2025-06-03T19:13:54+00:00\",\"description\":\"TOSHA ofron kurse profesionale dhe certifikime n\u00eb fush\u00ebn e siguris\u00eb dhe sh\u00ebndetit n\u00eb pun\u00eb, bazuar n\u00eb Ligjin p\u00ebrkat\u00ebs dhe V.K.M. Nr. 108. Merrni trajnime p\u00ebr t'u b\u00ebr\u00eb Koordinator Sigurie, Person P\u00ebrgjegj\u00ebs SSHP, dhe p\u00ebr tema t\u00eb tjera si puna n\u00eb lart\u00ebsi, ergonomia, sinjalistika, mbrojtja nga agjent\u00ebt kimik\u00eb dhe vler\u00ebsimi i riskut. Rifreskim i certifikimeve t\u00eb kryera.\",\"breadcrumb\":{\"@id\":\"https:\\\/\\\/toshalbania.com\\\/sherbimet\\\/certifikimet\\\/#breadcrumb\"},\"inLanguage\":\"en-US\",\"potentialAction\":[{\"@type\":\"ReadAction\",\"target\":[\"https:\\\/\\\/toshalbania.com\\\/sherbimet\\\/certifikimet\\\/\"]}]},{\"@type\":\"BreadcrumbList\",\"@id\":\"https:\\\/\\\/toshalbania.com\\\/sherbimet\\\/certifikimet\\\/#breadcrumb\",\"itemListElement\":[{\"@type\":\"ListItem\",\"position\":1,\"name\":\"Home\",\"item\":\"https:\\\/\\\/toshalbania.com\\\/\"},{\"@type\":\"ListItem\",\"position\":2,\"name\":\"Sh\u00ebrbimet\",\"item\":\"https:\\\/\\\/toshalbania.com\\\/sherbimet\\\/\"},{\"@type\":\"ListItem\",\"position\":3,\"name\":\"Certifikimet\"}]},{\"@type\":\"WebSite\",\"@id\":\"https:\\\/\\\/toshalbania.com\\\/#website\",\"url\":\"https:\\\/\\\/toshalbania.com\\\/\",\"name\":\"Top Occupational Safety and Health Albania\",\"description\":\"Top Occupational Safety and Health Albania\",\"publisher\":{\"@id\":\"https:\\\/\\\/toshalbania.com\\\/#organization\"},\"alternateName\":\"TOSHA\",\"potentialAction\":[{\"@type\":\"SearchAction\",\"target\":{\"@type\":\"EntryPoint\",\"urlTemplate\":\"https:\\\/\\\/toshalbania.com\\\/?s={search_term_string}\"},\"query-input\":{\"@type\":\"PropertyValueSpecification\",\"valueRequired\":true,\"valueName\":\"search_term_string\"}}],\"inLanguage\":\"en-US\"},{\"@type\":\"Organization\",\"@id\":\"https:\\\/\\\/toshalbania.com\\\/#organization\",\"name\":\"TOSHA\",\"alternateName\":\"Top Occupational Safety and Health Albania\",\"url\":\"https:\\\/\\\/toshalbania.com\\\/\",\"logo\":{\"@type\":\"ImageObject\",\"inLanguage\":\"en-US\",\"@id\":\"https:\\\/\\\/toshalbania.com\\\/#\\\/schema\\\/logo\\\/image\\\/\",\"url\":\"https:\\\/\\\/toshalbania.com\\\/wp-content\\\/uploads\\\/2025\\\/04\\\/tosha-blue-01.png\",\"contentUrl\":\"https:\\\/\\\/toshalbania.com\\\/wp-content\\\/uploads\\\/2025\\\/04\\\/tosha-blue-01.png\",\"width\":513,\"height\":125,\"caption\":\"TOSHA\"},\"image\":{\"@id\":\"https:\\\/\\\/toshalbania.com\\\/#\\\/schema\\\/logo\\\/image\\\/\"},\"sameAs\":[\"https:\\\/\\\/www.facebook.com\\\/toshalbania\\\/\",\"https:\\\/\\\/www.instagram.com\\\/toshalbania\\\/\"]}]}<\/script>\n<!-- \/ Yoast SEO plugin. -->","yoast_head_json":{"title":"Certifikimet - TOSHA","description":"TOSHA ofron kurse profesionale dhe certifikime n\u00eb fush\u00ebn e siguris\u00eb dhe sh\u00ebndetit n\u00eb pun\u00eb, bazuar n\u00eb Ligjin p\u00ebrkat\u00ebs dhe V.K.M. Nr. 108. Merrni trajnime p\u00ebr t'u b\u00ebr\u00eb Koordinator Sigurie, Person P\u00ebrgjegj\u00ebs SSHP, dhe p\u00ebr tema t\u00eb tjera si puna n\u00eb lart\u00ebsi, ergonomia, sinjalistika, mbrojtja nga agjent\u00ebt kimik\u00eb dhe vler\u00ebsimi i riskut. Rifreskim i certifikimeve t\u00eb kryera.","robots":{"index":"index","follow":"follow","max-snippet":"max-snippet:-1","max-image-preview":"max-image-preview:large","max-video-preview":"max-video-preview:-1"},"canonical":"https:\/\/toshalbania.com\/en\/sherbimet\/certifikimet\/","og_locale":"en_US","og_type":"article","og_title":"Certifikimet - TOSHA","og_description":"TOSHA ofron kurse profesionale dhe certifikime n\u00eb fush\u00ebn e siguris\u00eb dhe sh\u00ebndetit n\u00eb pun\u00eb, bazuar n\u00eb Ligjin p\u00ebrkat\u00ebs dhe V.K.M. Nr. 108. Merrni trajnime p\u00ebr t'u b\u00ebr\u00eb Koordinator Sigurie, Person P\u00ebrgjegj\u00ebs SSHP, dhe p\u00ebr tema t\u00eb tjera si puna n\u00eb lart\u00ebsi, ergonomia, sinjalistika, mbrojtja nga agjent\u00ebt kimik\u00eb dhe vler\u00ebsimi i riskut. Rifreskim i certifikimeve t\u00eb kryera.","og_url":"https:\/\/toshalbania.com\/en\/sherbimet\/certifikimet\/","og_site_name":"TOSHA","article_publisher":"https:\/\/www.facebook.com\/toshalbania\/","article_modified_time":"2025-06-03T19:13:54+00:00","twitter_card":"summary_large_image","twitter_misc":{"Est. reading time":"3 minutes"},"schema":{"@context":"https:\/\/schema.org","@graph":[{"@type":"WebPage","@id":"https:\/\/toshalbania.com\/sherbimet\/certifikimet\/","url":"https:\/\/toshalbania.com\/sherbimet\/certifikimet\/","name":"Certifikimet - TOSHA","isPartOf":{"@id":"https:\/\/toshalbania.com\/#website"},"datePublished":"2025-04-24T15:22:33+00:00","dateModified":"2025-06-03T19:13:54+00:00","description":"TOSHA ofron kurse profesionale dhe certifikime n\u00eb fush\u00ebn e siguris\u00eb dhe sh\u00ebndetit n\u00eb pun\u00eb, bazuar n\u00eb Ligjin p\u00ebrkat\u00ebs dhe V.K.M. Nr. 108. Merrni trajnime p\u00ebr t'u b\u00ebr\u00eb Koordinator Sigurie, Person P\u00ebrgjegj\u00ebs SSHP, dhe p\u00ebr tema t\u00eb tjera si puna n\u00eb lart\u00ebsi, ergonomia, sinjalistika, mbrojtja nga agjent\u00ebt kimik\u00eb dhe vler\u00ebsimi i riskut. Rifreskim i certifikimeve t\u00eb kryera.","breadcrumb":{"@id":"https:\/\/toshalbania.com\/sherbimet\/certifikimet\/#breadcrumb"},"inLanguage":"en-US","potentialAction":[{"@type":"ReadAction","target":["https:\/\/toshalbania.com\/sherbimet\/certifikimet\/"]}]},{"@type":"BreadcrumbList","@id":"https:\/\/toshalbania.com\/sherbimet\/certifikimet\/#breadcrumb","itemListElement":[{"@type":"ListItem","position":1,"name":"Home","item":"https:\/\/toshalbania.com\/"},{"@type":"ListItem","position":2,"name":"Sh\u00ebrbimet","item":"https:\/\/toshalbania.com\/sherbimet\/"},{"@type":"ListItem","position":3,"name":"Certifikimet"}]},{"@type":"WebSite","@id":"https:\/\/toshalbania.com\/#website","url":"https:\/\/toshalbania.com\/","name":"Top Occupational Safety and Health Albania","description":"Top Occupational Safety and Health Albania","publisher":{"@id":"https:\/\/toshalbania.com\/#organization"},"alternateName":"TOSHA","potentialAction":[{"@type":"SearchAction","target":{"@type":"EntryPoint","urlTemplate":"https:\/\/toshalbania.com\/?s={search_term_string}"},"query-input":{"@type":"PropertyValueSpecification","valueRequired":true,"valueName":"search_term_string"}}],"inLanguage":"en-US"},{"@type":"Organization","@id":"https:\/\/toshalbania.com\/#organization","name":"TOSHA","alternateName":"Top Occupational Safety and Health Albania","url":"https:\/\/toshalbania.com\/","logo":{"@type":"ImageObject","inLanguage":"en-US","@id":"https:\/\/toshalbania.com\/#\/schema\/logo\/image\/","url":"https:\/\/toshalbania.com\/wp-content\/uploads\/2025\/04\/tosha-blue-01.png","contentUrl":"https:\/\/toshalbania.com\/wp-content\/uploads\/2025\/04\/tosha-blue-01.png","width":513,"height":125,"caption":"TOSHA"},"image":{"@id":"https:\/\/toshalbania.com\/#\/schema\/logo\/image\/"},"sameAs":["https:\/\/www.facebook.com\/toshalbania\/","https:\/\/www.instagram.com\/toshalbania\/"]}]}},"_links":{"self":[{"href":"https:\/\/toshalbania.com\/en\/wp-json\/wp\/v2\/pages\/590","targetHints":{"allow":["GET"]}}],"collection":[{"href":"https:\/\/toshalbania.com\/en\/wp-json\/wp\/v2\/pages"}],"about":[{"href":"https:\/\/toshalbania.com\/en\/wp-json\/wp\/v2\/types\/page"}],"author":[{"embeddable":true,"href":"https:\/\/toshalbania.com\/en\/wp-json\/wp\/v2\/users\/2"}],"replies":[{"embeddable":true,"href":"https:\/\/toshalbania.com\/en\/wp-json\/wp\/v2\/comments?post=590"}],"version-history":[{"count":10,"href":"https:\/\/toshalbania.com\/en\/wp-json\/wp\/v2\/pages\/590\/revisions"}],"predecessor-version":[{"id":880,"href":"https:\/\/toshalbania.com\/en\/wp-json\/wp\/v2\/pages\/590\/revisions\/880"}],"up":[{"embeddable":true,"href":"https:\/\/toshalbania.com\/en\/wp-json\/wp\/v2\/pages\/9"}],"wp:attachment":[{"href":"https:\/\/toshalbania.com\/en\/wp-json\/wp\/v2\/media?parent=590"}],"curies":[{"name":"wp","href":"https:\/\/api.w.org\/{rel}","templated":true}]}}