{"id":581,"date":"2025-04-24T14:52:12","date_gmt":"2025-04-24T14:52:12","guid":{"rendered":"https:\/\/toshalbania.com\/?page_id=581"},"modified":"2025-06-03T19:12:54","modified_gmt":"2025-06-03T19:12:54","slug":"trajnimet","status":"publish","type":"page","link":"https:\/\/toshalbania.com\/en\/sherbimet\/trajnimet\/","title":{"rendered":"Trainings"},"content":{"rendered":"<div class=\"wpb-content-wrapper\"><div class=\"vc_row wpb_row vc_row-fluid\"><div class=\"wpb_column vc_column_container vc_col-sm-12\"><div class=\"vc_column-inner\"><div class=\"wpb_wrapper\">\n\t<div class=\"wpb_text_column wpb_content_element\" >\n\t\t<div class=\"wpb_wrapper\">\n\t\t\t<h2 style=\"text-align: center;\"><strong>Trainings<\/strong><\/h2>\n\n\t\t<\/div>\n\t<\/div>\n<div class=\"vc_empty_space\"   style=\"height: 40px\"><span class=\"vc_empty_space_inner\"><\/span><\/div>\n<div class=\"vc_grid-container-wrapper vc_clearfix vc_grid-animation-fadeIn\">\n\t<div class=\"vc_grid-container vc_clearfix wpb_content_element vc_media_grid\" data-initial-loading-animation=\"fadeIn\" data-vc-grid-settings=\"{&quot;page_id&quot;:581,&quot;style&quot;:&quot;all&quot;,&quot;action&quot;:&quot;vc_get_vc_grid_data&quot;,&quot;shortcode_id&quot;:&quot;1748977849499-1e7955b5f2665bd5d42ef698a65eba46-7&quot;,&quot;tag&quot;:&quot;vc_media_grid&quot;}\" data-vc-request=\"https:\/\/toshalbania.com\/wp-admin\/admin-ajax.php\" data-vc-post-id=\"581\" data-vc-public-nonce=\"bc7e923c19\">\n\t\t\n\t<\/div>\n<\/div>\n\t<div class=\"wpb_text_column wpb_content_element\" >\n\t\t<div class=\"wpb_wrapper\">\n\t\t\t<h4>Instructions Based on the Indicative List of Risks<\/h4>\n<h6>1 Mechanical risks<\/h6>\n<ul>\n<li>1.1 Unprotected machinery and moving parts of equipment (crushing, cutting, impact, tearing, piercing, pulling, catching).<\/li>\n<li>1.2 Uncontrolled movements of parts and objects (moving, falling, rotating, sliding, flying).<\/li>\n<li>1.3 Parts with dangerous surfaces (sharp, edges, points, protruding, broken).<\/li>\n<li>1.4 Mobile transport equipment (crushing, impact, running over, bending, falling down).<\/li>\n<li>1.5 Falls, slips, and trips on the same level (slippery, uneven, unsuitable, or unorganized surfaces).<\/li>\n<li>1.6 Falls from height (from vertical ladders, stairs, scaffolding, up to 3m, more than 3m, into unprotected open areas, holes and channels).<\/li>\n<li>1.7 Entrapment and drowning (from soil, construction materials, particles, water, or other liquids).<\/li>\n<li>1.8 Confined or overcrowded spaces (collision and impact with fixed parts).<\/li>\n<\/ul>\n<h6>2 Electrical risks<\/h6>\n<ul>\n<li>2.1 Live parts (working on or near live equipment, insulation failures, incorrect installations, unsuitable equipment).<\/li>\n<li>2.2 Electric arc (short circuit, working on live current, electrostatic discharges).<\/li>\n<\/ul>\n\n\t\t<\/div>\n\t<\/div>\n<div class=\"vc_empty_space\"   style=\"height: 10px\"><span class=\"vc_empty_space_inner\"><\/span><\/div><div class=\"vc_empty_space\"   style=\"height: 10px\"><span class=\"vc_empty_space_inner\"><\/span><\/div>\n\t<div class=\"wpb_text_column wpb_content_element\" >\n\t\t<div class=\"wpb_wrapper\">\n\t\t\t<h6>3 Fire and explosion risks<\/h6>\n<ul>\n<li>3.1 Flammable solids, liquids, gases.<\/li>\n<li>3.2. Explosive substances (explosives, pyrotechnic articles)<\/li>\n<li>3.3 Explosive atmospheres (through gases, vapors, mist, dust).<\/li>\n<li>3.4 High-pressure vessels.<\/li>\n<li>3.5 Electric arc.<\/li>\n<\/ul>\n<h6>4 Thermal risks<\/h6>\n<ul>\n<li>4.1 Hot objects, surfaces, materials (naked flames, hot surfaces, liquids and steam, splashes from hot materials).<\/li>\n<li>4.2 Cold objects, surfaces, materials (cold surfaces, objects and parts of equipment and installations, freezing agents).<\/li>\n<\/ul>\n<h6>5 Chemicals<\/h6>\n<ul>\n<li>5.1 Corrosives (R 34, R 35)<\/li>\n<li>5.2 Irritants (R 36, R 37, R 38)<\/li>\n<li>5.3 Allergens (R 42, R 43)<\/li>\n<li>5.4 Toxins (R 20, R 21, R 22, R 23, R 24, R 25, R 26, R 27, R 28, R 39, R 48, R 65)<\/li>\n<li>5.5 Carcinogens (R 40, R 45, R 49).<\/li>\n<li>5.6 Mutagens (R 46).<\/li>\n<li>5.7 Reprotoxins and teratogens \u2013 (R 60, R 61, R 62, R 63, R 64).<\/li>\n<\/ul>\n<h6>6 Dust<\/h6>\n<ul>\n<li>6.1 Fibrogenic.<\/li>\n<li>6.2 Others.<\/li>\n<\/ul>\n\n\t\t<\/div>\n\t<\/div>\n\n\t<div class=\"wpb_text_column wpb_content_element\" >\n\t\t<div class=\"wpb_wrapper\">\n\t\t\t<h6>7 Biological risks<\/h6>\n<ul>\n<li>7.1 Pathogenic microorganisms (bacteria, viruses, parasites, fungi).<\/li>\n<li>7.2 Allergenic and toxic substances from microorganisms.<\/li>\n<\/ul>\n<h6>8 Physical risks<\/h6>\n<ul>\n<li>8.1 Ionizing: X-rays, radioactive elements.<\/li>\n<li>8.2 Non-ionizing: UV, infrared, radio waves, laser.<\/li>\n<li>8.3 Electromagnetic fields.<\/li>\n<li>8.4 Noise.<\/li>\n<li>8.5 Whole-body vibration.<\/li>\n<li>8.6 Hand-arm vibration.<\/li>\n<li>8.7 Negative pressure, overpressure.<\/li>\n<\/ul>\n<h6>9 Factors of the work environment<\/h6>\n<ul>\n<li>9.1 Lightning.<\/li>\n<li>9.2 Microclimate.<\/li>\n<li>9.3 Outdoor work<\/li>\n<li>9.4 Lack of oxygen.<\/li>\n<li>9.5 Work in wet environments.<\/li>\n<\/ul>\n<h6>10 Physical strain<\/h6>\n<ul>\n<li>10.1 Dynamic strenuous work.<\/li>\n<li>10.2 Repetitive movements<\/li>\n<li>10.3 Static work (prolonged uncomfortable, forced, and fixed body positions).<\/li>\n<\/ul>\n<h6>11 Work organization<\/h6>\n<ul>\n<li>11.1 Mental workload.<\/li>\n<li>11.2 Stress load.<\/li>\n<li>11.3 Sensory workload.<\/li>\n<li>11.4 Unfavorable behavior, violence, harassment.<\/li>\n<li>11.5 Inappropriate work organization.<\/li>\n<\/ul>\n<h6>12 Other risks<\/h6>\n<ul>\n<li>12.1 From animals: allergies caused by animal parts, animal bites and stings, poisoning.<\/li>\n<li>12.2 From plants: allergies caused by plants.<\/li>\n<li>12.3 Strain from the use of personal protective equipment.<\/li>\n<\/ul>\n\n\t\t<\/div>\n\t<\/div>\n<\/div><\/div><\/div><\/div>\n<\/div>","protected":false},"excerpt":{"rendered":"Trajnimet Instruktime bazuar ne list\u00ebn indikative te rreziqeve. 1 Rreziqe mekanike 1.1 Makineri dhe pjes\u00eb t\u00eb mjeteve t\u00eb pambrojtura n\u00eb l\u00ebvizje (shtypje, prerje, p\u00ebrplasje, \u00e7arje, shpim, t\u00ebrheqje, kapje). 1.2 L\u00ebvizje t\u00eb pakontrolluara t\u00eb pjes\u00ebve dhe objekteve (q\u00eb l\u00ebvizin, bien, rrotullohen, rr\u00ebshqasin, fluturojn\u00eb). 1.3 Pjes\u00eb me sip\u00ebrfaqe t\u00eb rrezikshme (t\u00eb mprehta, cepa, pika, pjes\u00eb t\u00eb dala, [...]","protected":false},"author":2,"featured_media":0,"parent":9,"menu_order":0,"comment_status":"closed","ping_status":"closed","template":"","meta":{"nf_dc_page":"","_monsterinsights_skip_tracking":false,"_monsterinsights_sitenote_active":false,"_monsterinsights_sitenote_note":"","_monsterinsights_sitenote_category":0,"footnotes":""},"class_list":["post-581","page","type-page","status-publish","hentry","no-post-thumbnail"],"yoast_head":"<!-- This site is optimized with the Yoast SEO plugin v27.5 - https:\/\/yoast.com\/product\/yoast-seo-wordpress\/ -->\n<title>Trajnimet - TOSHA<\/title>\n<meta name=\"robots\" content=\"index, follow, max-snippet:-1, max-image-preview:large, max-video-preview:-1\" \/>\n<link rel=\"canonical\" href=\"https:\/\/toshalbania.com\/en\/sherbimet\/trajnimet\/\" \/>\n<meta property=\"og:locale\" content=\"en_US\" \/>\n<meta property=\"og:type\" content=\"article\" \/>\n<meta property=\"og:title\" content=\"Trajnimet - TOSHA\" \/>\n<meta property=\"og:url\" content=\"https:\/\/toshalbania.com\/en\/sherbimet\/trajnimet\/\" \/>\n<meta property=\"og:site_name\" content=\"TOSHA\" \/>\n<meta property=\"article:publisher\" content=\"https:\/\/www.facebook.com\/toshalbania\/\" \/>\n<meta property=\"article:modified_time\" content=\"2025-06-03T19:12:54+00:00\" \/>\n<meta name=\"twitter:card\" content=\"summary_large_image\" \/>\n<meta name=\"twitter:label1\" content=\"Est. reading time\" \/>\n\t<meta name=\"twitter:data1\" content=\"3 minutes\" \/>\n<script type=\"application\/ld+json\" class=\"yoast-schema-graph\">{\"@context\":\"https:\\\/\\\/schema.org\",\"@graph\":[{\"@type\":\"WebPage\",\"@id\":\"https:\\\/\\\/toshalbania.com\\\/sherbimet\\\/trajnimet\\\/\",\"url\":\"https:\\\/\\\/toshalbania.com\\\/sherbimet\\\/trajnimet\\\/\",\"name\":\"Trajnimet - TOSHA\",\"isPartOf\":{\"@id\":\"https:\\\/\\\/toshalbania.com\\\/#website\"},\"datePublished\":\"2025-04-24T14:52:12+00:00\",\"dateModified\":\"2025-06-03T19:12:54+00:00\",\"breadcrumb\":{\"@id\":\"https:\\\/\\\/toshalbania.com\\\/sherbimet\\\/trajnimet\\\/#breadcrumb\"},\"inLanguage\":\"en-US\",\"potentialAction\":[{\"@type\":\"ReadAction\",\"target\":[\"https:\\\/\\\/toshalbania.com\\\/sherbimet\\\/trajnimet\\\/\"]}]},{\"@type\":\"BreadcrumbList\",\"@id\":\"https:\\\/\\\/toshalbania.com\\\/sherbimet\\\/trajnimet\\\/#breadcrumb\",\"itemListElement\":[{\"@type\":\"ListItem\",\"position\":1,\"name\":\"Home\",\"item\":\"https:\\\/\\\/toshalbania.com\\\/\"},{\"@type\":\"ListItem\",\"position\":2,\"name\":\"Sh\u00ebrbimet\",\"item\":\"https:\\\/\\\/toshalbania.com\\\/sherbimet\\\/\"},{\"@type\":\"ListItem\",\"position\":3,\"name\":\"Trajnimet\"}]},{\"@type\":\"WebSite\",\"@id\":\"https:\\\/\\\/toshalbania.com\\\/#website\",\"url\":\"https:\\\/\\\/toshalbania.com\\\/\",\"name\":\"Top Occupational Safety and Health Albania\",\"description\":\"Top Occupational Safety and Health Albania\",\"publisher\":{\"@id\":\"https:\\\/\\\/toshalbania.com\\\/#organization\"},\"alternateName\":\"TOSHA\",\"potentialAction\":[{\"@type\":\"SearchAction\",\"target\":{\"@type\":\"EntryPoint\",\"urlTemplate\":\"https:\\\/\\\/toshalbania.com\\\/?s={search_term_string}\"},\"query-input\":{\"@type\":\"PropertyValueSpecification\",\"valueRequired\":true,\"valueName\":\"search_term_string\"}}],\"inLanguage\":\"en-US\"},{\"@type\":\"Organization\",\"@id\":\"https:\\\/\\\/toshalbania.com\\\/#organization\",\"name\":\"TOSHA\",\"alternateName\":\"Top Occupational Safety and Health Albania\",\"url\":\"https:\\\/\\\/toshalbania.com\\\/\",\"logo\":{\"@type\":\"ImageObject\",\"inLanguage\":\"en-US\",\"@id\":\"https:\\\/\\\/toshalbania.com\\\/#\\\/schema\\\/logo\\\/image\\\/\",\"url\":\"https:\\\/\\\/toshalbania.com\\\/wp-content\\\/uploads\\\/2025\\\/04\\\/tosha-blue-01.png\",\"contentUrl\":\"https:\\\/\\\/toshalbania.com\\\/wp-content\\\/uploads\\\/2025\\\/04\\\/tosha-blue-01.png\",\"width\":513,\"height\":125,\"caption\":\"TOSHA\"},\"image\":{\"@id\":\"https:\\\/\\\/toshalbania.com\\\/#\\\/schema\\\/logo\\\/image\\\/\"},\"sameAs\":[\"https:\\\/\\\/www.facebook.com\\\/toshalbania\\\/\",\"https:\\\/\\\/www.instagram.com\\\/toshalbania\\\/\"]}]}<\/script>\n<!-- \/ Yoast SEO plugin. -->","yoast_head_json":{"title":"Trajnimet - TOSHA","robots":{"index":"index","follow":"follow","max-snippet":"max-snippet:-1","max-image-preview":"max-image-preview:large","max-video-preview":"max-video-preview:-1"},"canonical":"https:\/\/toshalbania.com\/en\/sherbimet\/trajnimet\/","og_locale":"en_US","og_type":"article","og_title":"Trajnimet - TOSHA","og_url":"https:\/\/toshalbania.com\/en\/sherbimet\/trajnimet\/","og_site_name":"TOSHA","article_publisher":"https:\/\/www.facebook.com\/toshalbania\/","article_modified_time":"2025-06-03T19:12:54+00:00","twitter_card":"summary_large_image","twitter_misc":{"Est. reading time":"3 minutes"},"schema":{"@context":"https:\/\/schema.org","@graph":[{"@type":"WebPage","@id":"https:\/\/toshalbania.com\/sherbimet\/trajnimet\/","url":"https:\/\/toshalbania.com\/sherbimet\/trajnimet\/","name":"Trajnimet - TOSHA","isPartOf":{"@id":"https:\/\/toshalbania.com\/#website"},"datePublished":"2025-04-24T14:52:12+00:00","dateModified":"2025-06-03T19:12:54+00:00","breadcrumb":{"@id":"https:\/\/toshalbania.com\/sherbimet\/trajnimet\/#breadcrumb"},"inLanguage":"en-US","potentialAction":[{"@type":"ReadAction","target":["https:\/\/toshalbania.com\/sherbimet\/trajnimet\/"]}]},{"@type":"BreadcrumbList","@id":"https:\/\/toshalbania.com\/sherbimet\/trajnimet\/#breadcrumb","itemListElement":[{"@type":"ListItem","position":1,"name":"Home","item":"https:\/\/toshalbania.com\/"},{"@type":"ListItem","position":2,"name":"Sh\u00ebrbimet","item":"https:\/\/toshalbania.com\/sherbimet\/"},{"@type":"ListItem","position":3,"name":"Trajnimet"}]},{"@type":"WebSite","@id":"https:\/\/toshalbania.com\/#website","url":"https:\/\/toshalbania.com\/","name":"Top Occupational Safety and Health Albania","description":"Top Occupational Safety and Health Albania","publisher":{"@id":"https:\/\/toshalbania.com\/#organization"},"alternateName":"TOSHA","potentialAction":[{"@type":"SearchAction","target":{"@type":"EntryPoint","urlTemplate":"https:\/\/toshalbania.com\/?s={search_term_string}"},"query-input":{"@type":"PropertyValueSpecification","valueRequired":true,"valueName":"search_term_string"}}],"inLanguage":"en-US"},{"@type":"Organization","@id":"https:\/\/toshalbania.com\/#organization","name":"TOSHA","alternateName":"Top Occupational Safety and Health Albania","url":"https:\/\/toshalbania.com\/","logo":{"@type":"ImageObject","inLanguage":"en-US","@id":"https:\/\/toshalbania.com\/#\/schema\/logo\/image\/","url":"https:\/\/toshalbania.com\/wp-content\/uploads\/2025\/04\/tosha-blue-01.png","contentUrl":"https:\/\/toshalbania.com\/wp-content\/uploads\/2025\/04\/tosha-blue-01.png","width":513,"height":125,"caption":"TOSHA"},"image":{"@id":"https:\/\/toshalbania.com\/#\/schema\/logo\/image\/"},"sameAs":["https:\/\/www.facebook.com\/toshalbania\/","https:\/\/www.instagram.com\/toshalbania\/"]}]}},"_links":{"self":[{"href":"https:\/\/toshalbania.com\/en\/wp-json\/wp\/v2\/pages\/581","targetHints":{"allow":["GET"]}}],"collection":[{"href":"https:\/\/toshalbania.com\/en\/wp-json\/wp\/v2\/pages"}],"about":[{"href":"https:\/\/toshalbania.com\/en\/wp-json\/wp\/v2\/types\/page"}],"author":[{"embeddable":true,"href":"https:\/\/toshalbania.com\/en\/wp-json\/wp\/v2\/users\/2"}],"replies":[{"embeddable":true,"href":"https:\/\/toshalbania.com\/en\/wp-json\/wp\/v2\/comments?post=581"}],"version-history":[{"count":12,"href":"https:\/\/toshalbania.com\/en\/wp-json\/wp\/v2\/pages\/581\/revisions"}],"predecessor-version":[{"id":879,"href":"https:\/\/toshalbania.com\/en\/wp-json\/wp\/v2\/pages\/581\/revisions\/879"}],"up":[{"embeddable":true,"href":"https:\/\/toshalbania.com\/en\/wp-json\/wp\/v2\/pages\/9"}],"wp:attachment":[{"href":"https:\/\/toshalbania.com\/en\/wp-json\/wp\/v2\/media?parent=581"}],"curies":[{"name":"wp","href":"https:\/\/api.w.org\/{rel}","templated":true}]}}