{"id":42,"date":"2016-04-12T15:05:06","date_gmt":"2016-04-12T15:05:06","guid":{"rendered":"https:\/\/toshalbania.com\/?page_id=42"},"modified":"2025-06-05T15:50:53","modified_gmt":"2025-06-05T15:50:53","slug":"partneret-klientet","status":"publish","type":"page","link":"https:\/\/toshalbania.com\/en\/kush-jemi\/partneret-klientet\/","title":{"rendered":"Partners \/ Clients"},"content":{"rendered":"<div class=\"wpb-content-wrapper\"><div class=\"vc_row wpb_row vc_row-fluid\"><div class=\"wpb_column vc_column_container vc_col-sm-12\"><div class=\"vc_column-inner\"><div class=\"wpb_wrapper\">\n\t<div class=\"wpb_text_column wpb_content_element\" >\n\t\t<div class=\"wpb_wrapper\">\n\t\t\t<h4>PARTNERS \/ CLIENTS<\/h4>\n<p>Over the years <strong>TOSHA<\/strong> has established highly significant partnerships in Albania, the region, and beyond. TOSHA is a member and maintains strong collaborative ties with <strong>Confindustria italiane<\/strong>. During this time, TOSHA has strengthened its relationships with the <strong>British Chamber of Commerce and Industry, the German Chamber of Commerce and Industry (DIHK), and the Turkish Chamber of Commerce and Industry.<\/strong> Additionally, TOSHA partners with <strong>TOCA Lib\u00ebr<\/strong> in Kosovo, a key collaborator with whom we share a common vision and goals to elevate workplace safety and health standards in both our countries.<\/p>\n<p>TOSHA also fosters a robust partnership with <strong>MOSHA<\/strong> (Macedonian Occupational Safety and Health Agency), North Macedonia\u2019s leading workplace safety organization. TOSHA\u2019s leadership is actively engaged in the <strong>BalcanOSH.net<\/strong>network, which unites representatives from across the Western Balkans to advance regional safety standards.<\/p>\n<p class=\"ds-markdown-paragraph\">Furthermore, TOSHA collaborates with <strong>Gstottl<\/strong> me p\u00ebrvoj\u00eb t\u00eb gjat\u00eb n\u00eb sh\u00ebrbimin e siguris\u00eb n\u00eb mjediset e pun\u00ebs, vecan\u00ebrisht sa i p\u00ebrket ngritjes s\u00eb sistemeve t\u00eb mbrojtjes dhe shp\u00ebtimit nga zjarri.<\/p>\n\n\t\t<\/div>\n\t<\/div>\n<div class=\"vc_empty_space\"   style=\"height: 50px\"><span class=\"vc_empty_space_inner\"><\/span><\/div>\n\t<div class=\"wpb_text_column wpb_content_element vc_custom_1745756790651 bg-scheme2\" >\n\t\t<div class=\"wpb_wrapper\">\n\t\t\t<h6 class=\"no-margin-top\" style=\"text-shadow: 0px 1px 1px rgba(0, 0, 0, 0.1); line-height: 1.4;\"><span style=\"color: #ffffff;\">If you wish to discuss a potential partnership with TOSHA, please contact us at: Tel: +355 67 600 6696 or<br \/>\nInfo@toshalbania.com<\/span><\/h6>\n\n\t\t<\/div>\n\t<\/div>\n<\/div><\/div><\/div><\/div>\n<\/div>","protected":false},"excerpt":{"rendered":"PARTNER\u00cb \/ KLIENT\u00cbT Gjat\u00eb viteve t\u00eb saj t\u00eb ushtrimit t\u00eb aktivitetit TOSHA ka krijuar partner\u00ebt e saj shum\u00eb t\u00eb r\u00ebnd\u00ebsish\u00ebm n\u00eb Shqip\u00ebri, rajon dhe m\u00eb gjer\u00eb. TOSHA \u00ebsht\u00eb an\u00ebtare dhe ka marr\u00ebdh\u00ebnie mjaft t\u00eb mira me Confindustria italiane. Gjat\u00eb k\u00ebsaj kohe TOSHA ka konsoliduar marr\u00ebdh\u00ebniet e saj me Dhom\u00ebn britanike t\u00eb tregtis\u00eb dhe industris\u00eb, Dhom\u00ebn [...]","protected":false},"author":2,"featured_media":0,"parent":7,"menu_order":0,"comment_status":"closed","ping_status":"closed","template":"","meta":{"nf_dc_page":"","_monsterinsights_skip_tracking":false,"_monsterinsights_sitenote_active":false,"_monsterinsights_sitenote_note":"","_monsterinsights_sitenote_category":0,"footnotes":""},"class_list":["post-42","page","type-page","status-publish","hentry","no-post-thumbnail"],"yoast_head":"<!-- This site is optimized with the Yoast SEO plugin v27.5 - https:\/\/yoast.com\/product\/yoast-seo-wordpress\/ -->\n<title>Partner\u00ebt \/ Klient\u00ebt - TOSHA<\/title>\n<meta name=\"robots\" content=\"index, follow, max-snippet:-1, max-image-preview:large, max-video-preview:-1\" \/>\n<link rel=\"canonical\" href=\"https:\/\/toshalbania.com\/en\/kush-jemi\/partneret-klientet\/\" \/>\n<meta property=\"og:locale\" content=\"en_US\" \/>\n<meta property=\"og:type\" content=\"article\" \/>\n<meta property=\"og:title\" content=\"Partner\u00ebt \/ Klient\u00ebt - TOSHA\" \/>\n<meta property=\"og:url\" content=\"https:\/\/toshalbania.com\/en\/kush-jemi\/partneret-klientet\/\" \/>\n<meta property=\"og:site_name\" content=\"TOSHA\" \/>\n<meta property=\"article:publisher\" content=\"https:\/\/www.facebook.com\/toshalbania\/\" \/>\n<meta property=\"article:modified_time\" content=\"2025-06-05T15:50:53+00:00\" \/>\n<meta name=\"twitter:card\" content=\"summary_large_image\" \/>\n<meta name=\"twitter:label1\" content=\"Est. reading time\" \/>\n\t<meta name=\"twitter:data1\" content=\"4 minutes\" \/>\n<script type=\"application\/ld+json\" class=\"yoast-schema-graph\">{\"@context\":\"https:\\\/\\\/schema.org\",\"@graph\":[{\"@type\":\"WebPage\",\"@id\":\"https:\\\/\\\/toshalbania.com\\\/kush-jemi\\\/partneret-klientet\\\/\",\"url\":\"https:\\\/\\\/toshalbania.com\\\/kush-jemi\\\/partneret-klientet\\\/\",\"name\":\"Partner\u00ebt \\\/ Klient\u00ebt - TOSHA\",\"isPartOf\":{\"@id\":\"https:\\\/\\\/toshalbania.com\\\/#website\"},\"datePublished\":\"2016-04-12T15:05:06+00:00\",\"dateModified\":\"2025-06-05T15:50:53+00:00\",\"breadcrumb\":{\"@id\":\"https:\\\/\\\/toshalbania.com\\\/kush-jemi\\\/partneret-klientet\\\/#breadcrumb\"},\"inLanguage\":\"en-US\",\"potentialAction\":[{\"@type\":\"ReadAction\",\"target\":[\"https:\\\/\\\/toshalbania.com\\\/kush-jemi\\\/partneret-klientet\\\/\"]}]},{\"@type\":\"BreadcrumbList\",\"@id\":\"https:\\\/\\\/toshalbania.com\\\/kush-jemi\\\/partneret-klientet\\\/#breadcrumb\",\"itemListElement\":[{\"@type\":\"ListItem\",\"position\":1,\"name\":\"Home\",\"item\":\"https:\\\/\\\/toshalbania.com\\\/\"},{\"@type\":\"ListItem\",\"position\":2,\"name\":\"Kush jemi\",\"item\":\"https:\\\/\\\/toshalbania.com\\\/kush-jemi\\\/\"},{\"@type\":\"ListItem\",\"position\":3,\"name\":\"Partner\u00ebt \\\/ Klient\u00ebt\"}]},{\"@type\":\"WebSite\",\"@id\":\"https:\\\/\\\/toshalbania.com\\\/#website\",\"url\":\"https:\\\/\\\/toshalbania.com\\\/\",\"name\":\"Top Occupational Safety and Health Albania\",\"description\":\"Top Occupational Safety and Health Albania\",\"publisher\":{\"@id\":\"https:\\\/\\\/toshalbania.com\\\/#organization\"},\"alternateName\":\"TOSHA\",\"potentialAction\":[{\"@type\":\"SearchAction\",\"target\":{\"@type\":\"EntryPoint\",\"urlTemplate\":\"https:\\\/\\\/toshalbania.com\\\/?s={search_term_string}\"},\"query-input\":{\"@type\":\"PropertyValueSpecification\",\"valueRequired\":true,\"valueName\":\"search_term_string\"}}],\"inLanguage\":\"en-US\"},{\"@type\":\"Organization\",\"@id\":\"https:\\\/\\\/toshalbania.com\\\/#organization\",\"name\":\"TOSHA\",\"alternateName\":\"Top Occupational Safety and Health Albania\",\"url\":\"https:\\\/\\\/toshalbania.com\\\/\",\"logo\":{\"@type\":\"ImageObject\",\"inLanguage\":\"en-US\",\"@id\":\"https:\\\/\\\/toshalbania.com\\\/#\\\/schema\\\/logo\\\/image\\\/\",\"url\":\"https:\\\/\\\/toshalbania.com\\\/wp-content\\\/uploads\\\/2025\\\/04\\\/tosha-blue-01.png\",\"contentUrl\":\"https:\\\/\\\/toshalbania.com\\\/wp-content\\\/uploads\\\/2025\\\/04\\\/tosha-blue-01.png\",\"width\":513,\"height\":125,\"caption\":\"TOSHA\"},\"image\":{\"@id\":\"https:\\\/\\\/toshalbania.com\\\/#\\\/schema\\\/logo\\\/image\\\/\"},\"sameAs\":[\"https:\\\/\\\/www.facebook.com\\\/toshalbania\\\/\",\"https:\\\/\\\/www.instagram.com\\\/toshalbania\\\/\"]}]}<\/script>\n<!-- \/ Yoast SEO plugin. -->","yoast_head_json":{"title":"Partner\u00ebt \/ Klient\u00ebt - TOSHA","robots":{"index":"index","follow":"follow","max-snippet":"max-snippet:-1","max-image-preview":"max-image-preview:large","max-video-preview":"max-video-preview:-1"},"canonical":"https:\/\/toshalbania.com\/en\/kush-jemi\/partneret-klientet\/","og_locale":"en_US","og_type":"article","og_title":"Partner\u00ebt \/ Klient\u00ebt - TOSHA","og_url":"https:\/\/toshalbania.com\/en\/kush-jemi\/partneret-klientet\/","og_site_name":"TOSHA","article_publisher":"https:\/\/www.facebook.com\/toshalbania\/","article_modified_time":"2025-06-05T15:50:53+00:00","twitter_card":"summary_large_image","twitter_misc":{"Est. reading time":"4 minutes"},"schema":{"@context":"https:\/\/schema.org","@graph":[{"@type":"WebPage","@id":"https:\/\/toshalbania.com\/kush-jemi\/partneret-klientet\/","url":"https:\/\/toshalbania.com\/kush-jemi\/partneret-klientet\/","name":"Partner\u00ebt \/ Klient\u00ebt - TOSHA","isPartOf":{"@id":"https:\/\/toshalbania.com\/#website"},"datePublished":"2016-04-12T15:05:06+00:00","dateModified":"2025-06-05T15:50:53+00:00","breadcrumb":{"@id":"https:\/\/toshalbania.com\/kush-jemi\/partneret-klientet\/#breadcrumb"},"inLanguage":"en-US","potentialAction":[{"@type":"ReadAction","target":["https:\/\/toshalbania.com\/kush-jemi\/partneret-klientet\/"]}]},{"@type":"BreadcrumbList","@id":"https:\/\/toshalbania.com\/kush-jemi\/partneret-klientet\/#breadcrumb","itemListElement":[{"@type":"ListItem","position":1,"name":"Home","item":"https:\/\/toshalbania.com\/"},{"@type":"ListItem","position":2,"name":"Kush jemi","item":"https:\/\/toshalbania.com\/kush-jemi\/"},{"@type":"ListItem","position":3,"name":"Partner\u00ebt \/ Klient\u00ebt"}]},{"@type":"WebSite","@id":"https:\/\/toshalbania.com\/#website","url":"https:\/\/toshalbania.com\/","name":"Top Occupational Safety and Health Albania","description":"Top Occupational Safety and Health Albania","publisher":{"@id":"https:\/\/toshalbania.com\/#organization"},"alternateName":"TOSHA","potentialAction":[{"@type":"SearchAction","target":{"@type":"EntryPoint","urlTemplate":"https:\/\/toshalbania.com\/?s={search_term_string}"},"query-input":{"@type":"PropertyValueSpecification","valueRequired":true,"valueName":"search_term_string"}}],"inLanguage":"en-US"},{"@type":"Organization","@id":"https:\/\/toshalbania.com\/#organization","name":"TOSHA","alternateName":"Top Occupational Safety and Health Albania","url":"https:\/\/toshalbania.com\/","logo":{"@type":"ImageObject","inLanguage":"en-US","@id":"https:\/\/toshalbania.com\/#\/schema\/logo\/image\/","url":"https:\/\/toshalbania.com\/wp-content\/uploads\/2025\/04\/tosha-blue-01.png","contentUrl":"https:\/\/toshalbania.com\/wp-content\/uploads\/2025\/04\/tosha-blue-01.png","width":513,"height":125,"caption":"TOSHA"},"image":{"@id":"https:\/\/toshalbania.com\/#\/schema\/logo\/image\/"},"sameAs":["https:\/\/www.facebook.com\/toshalbania\/","https:\/\/www.instagram.com\/toshalbania\/"]}]}},"_links":{"self":[{"href":"https:\/\/toshalbania.com\/en\/wp-json\/wp\/v2\/pages\/42","targetHints":{"allow":["GET"]}}],"collection":[{"href":"https:\/\/toshalbania.com\/en\/wp-json\/wp\/v2\/pages"}],"about":[{"href":"https:\/\/toshalbania.com\/en\/wp-json\/wp\/v2\/types\/page"}],"author":[{"embeddable":true,"href":"https:\/\/toshalbania.com\/en\/wp-json\/wp\/v2\/users\/2"}],"replies":[{"embeddable":true,"href":"https:\/\/toshalbania.com\/en\/wp-json\/wp\/v2\/comments?post=42"}],"version-history":[{"count":5,"href":"https:\/\/toshalbania.com\/en\/wp-json\/wp\/v2\/pages\/42\/revisions"}],"predecessor-version":[{"id":904,"href":"https:\/\/toshalbania.com\/en\/wp-json\/wp\/v2\/pages\/42\/revisions\/904"}],"up":[{"embeddable":true,"href":"https:\/\/toshalbania.com\/en\/wp-json\/wp\/v2\/pages\/7"}],"wp:attachment":[{"href":"https:\/\/toshalbania.com\/en\/wp-json\/wp\/v2\/media?parent=42"}],"curies":[{"name":"wp","href":"https:\/\/api.w.org\/{rel}","templated":true}]}}