{"id":38,"date":"2016-04-12T15:03:54","date_gmt":"2016-04-12T15:03:54","guid":{"rendered":"https:\/\/toshalbania.com\/?page_id=38"},"modified":"2025-05-31T11:00:29","modified_gmt":"2025-05-31T11:00:29","slug":"deshmi","status":"publish","type":"page","link":"https:\/\/toshalbania.com\/en\/kush-jemi\/deshmi\/","title":{"rendered":"Testimonials"},"content":{"rendered":"<div class=\"wpb-content-wrapper\"><div class=\"vc_row wpb_row vc_row-fluid\"><div class=\"wpb_column vc_column_container vc_col-sm-12\"><div class=\"vc_column-inner\"><div class=\"wpb_wrapper\">\n\t<div class=\"wpb_text_column wpb_content_element\" >\n\t\t<div class=\"wpb_wrapper\">\n\t\t\t<h4 class=\"no-margin-top\">P<b>artners testimonials<\/b><\/h4>\n<p>Over the years&nbsp;<strong>TOSHA<\/strong>&nbsp;has established its very important partners in Albania and beyond.<\/p>\n\n\t\t<\/div>\n\t<\/div>\n<div class=\"vc_empty_space\"   style=\"height: 30px\"><span class=\"vc_empty_space_inner\"><\/span><\/div><div class=\"vc_row wpb_row vc_inner vc_row-fluid\"><div class=\"wpb_column vc_column_container vc_col-sm-6\"><div class=\"vc_column-inner\"><div class=\"wpb_wrapper\">\n\t<div class=\"testimonial\">\n\t\t\t\t\n\t\t<div class=\"testimonial-content\">\n\t\t\t<div class=\"testimonial-meta\">\n\t\t\t\t<div class=\"testimonial-author\">\n\t\t\t\t\t<strong class=\"author-name\">Fondi Besa<\/strong>\n\t\t\t\t\t<div class=\"author-info\"><\/div>\n\t\t\t\t<\/div>\n\t\t\t<\/div>\n\t\t\t<blockquote>\n\t\t\t\t<\/p>\n<div class=\"ng-tns-c559729488-92\">\n<section id=\"processing-state-6\" class=\"processing-state_container ng-tns-c559729488-92 is-gpi-avatar ng-trigger ng-trigger-processingStateShowHide ng-star-inserted is-done-processing\">\n<div id=\"processing-state-6-summary\" class=\"processing-state_details ng-trigger ng-trigger-menuExpansion ng-tns-c559729488-92 is-gpi-avatar ng-star-inserted\" aria-hidden=\"true\">\n<p>The experience of Fondi Besa SHA in collaborating with this company has been very satisfying, and we do not hesitate to recommend them as a reliable and dedicated partner for any organization seeking a successful and capable partner.<\/p>\n<\/div>\n<\/section>\n<\/div>\n<p>\t\t\t<\/blockquote>\n\t\t<\/div>\n\t<\/div>\n<div class=\"vc_empty_space\"   style=\"height: 30px\"><span class=\"vc_empty_space_inner\"><\/span><\/div><div class=\"vc_empty_space\"   style=\"height: 30px\"><span class=\"vc_empty_space_inner\"><\/span><\/div>\n\t<div class=\"testimonial\">\n\t\t\t\t\n\t\t<div class=\"testimonial-content\">\n\t\t\t<div class=\"testimonial-meta\">\n\t\t\t\t<div class=\"testimonial-author\">\n\t\t\t\t\t<strong class=\"author-name\">HEC Vlushe<\/strong>\n\t\t\t\t\t<div class=\"author-info\"><\/div>\n\t\t\t\t<\/div>\n\t\t\t<\/div>\n\t\t\t<blockquote>\n\t\t\t\tWe can happily say we are very satisfied with this collaboration, as we have seen an increase in the standard of employee safety and health protection at work, and their awareness has grown in the implementation of regulations and the use of protective equipment in work processes.\t\t\t<\/blockquote>\n\t\t<\/div>\n\t<\/div>\n<div class=\"vc_empty_space\"   style=\"height: 30px\"><span class=\"vc_empty_space_inner\"><\/span><\/div>\n\t<div class=\"testimonial\">\n\t\t\t\t\n\t\t<div class=\"testimonial-content\">\n\t\t\t<div class=\"testimonial-meta\">\n\t\t\t\t<div class=\"testimonial-author\">\n\t\t\t\t\t<strong class=\"author-name\">ALBANIAN &amp; BALKAN GREEN ENERGY SH.P.K<\/strong>\n\t\t\t\t\t<div class=\"author-info\"><\/div>\n\t\t\t\t<\/div>\n\t\t\t<\/div>\n\t\t\t<blockquote>\n\t\t\t\tWe are pleased to write this letter of recommendation to confirm that the company, chosen as our contractor, has successfully completed its engagement under the terms of our contract, ensuring the implementation of health and safety standards. The company executed the entire scope of work with professionalism. The services were finalized with great precision, in compliance with our company's highest standards and expectations according to the law in force.\t\t\t<\/blockquote>\n\t\t<\/div>\n\t<\/div>\n<\/div><\/div><\/div><div class=\"wpb_column vc_column_container vc_col-sm-6\"><div class=\"vc_column-inner\"><div class=\"wpb_wrapper\">\n\t<div class=\"testimonial\">\n\t\t\t\t\n\t\t<div class=\"testimonial-content\">\n\t\t\t<div class=\"testimonial-meta\">\n\t\t\t\t<div class=\"testimonial-author\">\n\t\t\t\t\t<strong class=\"author-name\">LURA SH.P.K dhe grupi MOVENPICK<\/strong>\n\t\t\t\t\t<div class=\"author-info\"><\/div>\n\t\t\t\t<\/div>\n\t\t\t<\/div>\n\t\t\t<blockquote>\n\t\t\t\tThe standards of the consulting company for occupational safety and health have significantly influenced the increase in awareness among our employees, as well as the improvement of the overall implementation of the legal and procedural framework within the company.\t\t\t<\/blockquote>\n\t\t<\/div>\n\t<\/div>\n<div class=\"vc_empty_space\"   style=\"height: 30px\"><span class=\"vc_empty_space_inner\"><\/span><\/div><div class=\"vc_empty_space\"   style=\"height: 30px\"><span class=\"vc_empty_space_inner\"><\/span><\/div>\n\t<div class=\"testimonial\">\n\t\t\t\t\n\t\t<div class=\"testimonial-content\">\n\t\t\t<div class=\"testimonial-meta\">\n\t\t\t\t<div class=\"testimonial-author\">\n\t\t\t\t\t<strong class=\"author-name\">EVEREST<\/strong>\n\t\t\t\t\t<div class=\"author-info\"><\/div>\n\t\t\t\t<\/div>\n\t\t\t<\/div>\n\t\t\t<blockquote>\n\t\t\t\tThrough this several-year collaboration, the safety and health standards across all work processes have shown a very significant improvement. We trust TOSHA and its staff because, during these years, we've seen high professionalism, correctness, excellent knowledge of occupational safety and health legislation, and the fulfillment of all obligations.\t\t\t<\/blockquote>\n\t\t<\/div>\n\t<\/div>\n<div class=\"vc_empty_space\"   style=\"height: 30px\"><span class=\"vc_empty_space_inner\"><\/span><\/div><\/div><\/div><\/div><\/div><\/div><\/div><\/div><\/div>\n<\/div>","protected":false},"excerpt":{"rendered":"D\u00ebshmit\u00eb e partner\u00ebve Gjat\u00eb viteve t\u00eb saj t\u00eb ushtrimit t\u00eb aktivitetit&nbsp;TOSHA&nbsp;ka krijuar partner\u00ebt e saj shum\u00eb t\u00eb r\u00ebnd\u00ebsish\u00ebm n\u00eb Shqip\u00ebri, rajon dhe m\u00eb gjer\u00eb. Fondi Besa P\u00ebrvoja e Fondit Besa SHA n\u00eb bashk\u00ebpunimin me k\u00ebt\u00eb kompani, ka q\u00ebn\u00eb shum\u00eb e k\u00ebnaqshme dhe nuk hezitojm\u00eb t\u00eb rekomandojm\u00eb ato si partner t\u00eb besuesh\u00ebm dhe t\u00eb p\u00ebrkushtuar p\u00ebr [...]","protected":false},"author":2,"featured_media":0,"parent":7,"menu_order":0,"comment_status":"closed","ping_status":"closed","template":"","meta":{"nf_dc_page":"","_monsterinsights_skip_tracking":false,"_monsterinsights_sitenote_active":false,"_monsterinsights_sitenote_note":"","_monsterinsights_sitenote_category":0,"footnotes":""},"class_list":["post-38","page","type-page","status-publish","hentry","no-post-thumbnail"],"yoast_head":"<!-- This site is optimized with the Yoast SEO plugin v27.5 - https:\/\/yoast.com\/product\/yoast-seo-wordpress\/ -->\n<title>D\u00ebshmi - TOSHA<\/title>\n<meta name=\"robots\" content=\"index, follow, max-snippet:-1, max-image-preview:large, max-video-preview:-1\" \/>\n<link rel=\"canonical\" href=\"https:\/\/toshalbania.com\/en\/kush-jemi\/deshmi\/\" \/>\n<meta property=\"og:locale\" content=\"en_US\" \/>\n<meta property=\"og:type\" content=\"article\" \/>\n<meta property=\"og:title\" content=\"D\u00ebshmi - TOSHA\" \/>\n<meta property=\"og:url\" content=\"https:\/\/toshalbania.com\/en\/kush-jemi\/deshmi\/\" \/>\n<meta property=\"og:site_name\" content=\"TOSHA\" \/>\n<meta property=\"article:publisher\" content=\"https:\/\/www.facebook.com\/toshalbania\/\" \/>\n<meta property=\"article:modified_time\" content=\"2025-05-31T11:00:29+00:00\" \/>\n<meta name=\"twitter:card\" content=\"summary_large_image\" \/>\n<meta name=\"twitter:label1\" content=\"Est. reading time\" \/>\n\t<meta name=\"twitter:data1\" content=\"2 minutes\" \/>\n<script type=\"application\/ld+json\" class=\"yoast-schema-graph\">{\"@context\":\"https:\\\/\\\/schema.org\",\"@graph\":[{\"@type\":\"WebPage\",\"@id\":\"https:\\\/\\\/toshalbania.com\\\/kush-jemi\\\/deshmi\\\/\",\"url\":\"https:\\\/\\\/toshalbania.com\\\/kush-jemi\\\/deshmi\\\/\",\"name\":\"D\u00ebshmi - TOSHA\",\"isPartOf\":{\"@id\":\"https:\\\/\\\/toshalbania.com\\\/#website\"},\"datePublished\":\"2016-04-12T15:03:54+00:00\",\"dateModified\":\"2025-05-31T11:00:29+00:00\",\"breadcrumb\":{\"@id\":\"https:\\\/\\\/toshalbania.com\\\/kush-jemi\\\/deshmi\\\/#breadcrumb\"},\"inLanguage\":\"en-US\",\"potentialAction\":[{\"@type\":\"ReadAction\",\"target\":[\"https:\\\/\\\/toshalbania.com\\\/kush-jemi\\\/deshmi\\\/\"]}]},{\"@type\":\"BreadcrumbList\",\"@id\":\"https:\\\/\\\/toshalbania.com\\\/kush-jemi\\\/deshmi\\\/#breadcrumb\",\"itemListElement\":[{\"@type\":\"ListItem\",\"position\":1,\"name\":\"Home\",\"item\":\"https:\\\/\\\/toshalbania.com\\\/\"},{\"@type\":\"ListItem\",\"position\":2,\"name\":\"Kush jemi\",\"item\":\"https:\\\/\\\/toshalbania.com\\\/kush-jemi\\\/\"},{\"@type\":\"ListItem\",\"position\":3,\"name\":\"D\u00ebshmi\"}]},{\"@type\":\"WebSite\",\"@id\":\"https:\\\/\\\/toshalbania.com\\\/#website\",\"url\":\"https:\\\/\\\/toshalbania.com\\\/\",\"name\":\"Top Occupational Safety and Health Albania\",\"description\":\"Top Occupational Safety and Health Albania\",\"publisher\":{\"@id\":\"https:\\\/\\\/toshalbania.com\\\/#organization\"},\"alternateName\":\"TOSHA\",\"potentialAction\":[{\"@type\":\"SearchAction\",\"target\":{\"@type\":\"EntryPoint\",\"urlTemplate\":\"https:\\\/\\\/toshalbania.com\\\/?s={search_term_string}\"},\"query-input\":{\"@type\":\"PropertyValueSpecification\",\"valueRequired\":true,\"valueName\":\"search_term_string\"}}],\"inLanguage\":\"en-US\"},{\"@type\":\"Organization\",\"@id\":\"https:\\\/\\\/toshalbania.com\\\/#organization\",\"name\":\"TOSHA\",\"alternateName\":\"Top Occupational Safety and Health Albania\",\"url\":\"https:\\\/\\\/toshalbania.com\\\/\",\"logo\":{\"@type\":\"ImageObject\",\"inLanguage\":\"en-US\",\"@id\":\"https:\\\/\\\/toshalbania.com\\\/#\\\/schema\\\/logo\\\/image\\\/\",\"url\":\"https:\\\/\\\/toshalbania.com\\\/wp-content\\\/uploads\\\/2025\\\/04\\\/tosha-blue-01.png\",\"contentUrl\":\"https:\\\/\\\/toshalbania.com\\\/wp-content\\\/uploads\\\/2025\\\/04\\\/tosha-blue-01.png\",\"width\":513,\"height\":125,\"caption\":\"TOSHA\"},\"image\":{\"@id\":\"https:\\\/\\\/toshalbania.com\\\/#\\\/schema\\\/logo\\\/image\\\/\"},\"sameAs\":[\"https:\\\/\\\/www.facebook.com\\\/toshalbania\\\/\",\"https:\\\/\\\/www.instagram.com\\\/toshalbania\\\/\"]}]}<\/script>\n<!-- \/ Yoast SEO plugin. -->","yoast_head_json":{"title":"D\u00ebshmi - TOSHA","robots":{"index":"index","follow":"follow","max-snippet":"max-snippet:-1","max-image-preview":"max-image-preview:large","max-video-preview":"max-video-preview:-1"},"canonical":"https:\/\/toshalbania.com\/en\/kush-jemi\/deshmi\/","og_locale":"en_US","og_type":"article","og_title":"D\u00ebshmi - TOSHA","og_url":"https:\/\/toshalbania.com\/en\/kush-jemi\/deshmi\/","og_site_name":"TOSHA","article_publisher":"https:\/\/www.facebook.com\/toshalbania\/","article_modified_time":"2025-05-31T11:00:29+00:00","twitter_card":"summary_large_image","twitter_misc":{"Est. reading time":"2 minutes"},"schema":{"@context":"https:\/\/schema.org","@graph":[{"@type":"WebPage","@id":"https:\/\/toshalbania.com\/kush-jemi\/deshmi\/","url":"https:\/\/toshalbania.com\/kush-jemi\/deshmi\/","name":"D\u00ebshmi - TOSHA","isPartOf":{"@id":"https:\/\/toshalbania.com\/#website"},"datePublished":"2016-04-12T15:03:54+00:00","dateModified":"2025-05-31T11:00:29+00:00","breadcrumb":{"@id":"https:\/\/toshalbania.com\/kush-jemi\/deshmi\/#breadcrumb"},"inLanguage":"en-US","potentialAction":[{"@type":"ReadAction","target":["https:\/\/toshalbania.com\/kush-jemi\/deshmi\/"]}]},{"@type":"BreadcrumbList","@id":"https:\/\/toshalbania.com\/kush-jemi\/deshmi\/#breadcrumb","itemListElement":[{"@type":"ListItem","position":1,"name":"Home","item":"https:\/\/toshalbania.com\/"},{"@type":"ListItem","position":2,"name":"Kush jemi","item":"https:\/\/toshalbania.com\/kush-jemi\/"},{"@type":"ListItem","position":3,"name":"D\u00ebshmi"}]},{"@type":"WebSite","@id":"https:\/\/toshalbania.com\/#website","url":"https:\/\/toshalbania.com\/","name":"Top Occupational Safety and Health Albania","description":"Top Occupational Safety and Health Albania","publisher":{"@id":"https:\/\/toshalbania.com\/#organization"},"alternateName":"TOSHA","potentialAction":[{"@type":"SearchAction","target":{"@type":"EntryPoint","urlTemplate":"https:\/\/toshalbania.com\/?s={search_term_string}"},"query-input":{"@type":"PropertyValueSpecification","valueRequired":true,"valueName":"search_term_string"}}],"inLanguage":"en-US"},{"@type":"Organization","@id":"https:\/\/toshalbania.com\/#organization","name":"TOSHA","alternateName":"Top Occupational Safety and Health Albania","url":"https:\/\/toshalbania.com\/","logo":{"@type":"ImageObject","inLanguage":"en-US","@id":"https:\/\/toshalbania.com\/#\/schema\/logo\/image\/","url":"https:\/\/toshalbania.com\/wp-content\/uploads\/2025\/04\/tosha-blue-01.png","contentUrl":"https:\/\/toshalbania.com\/wp-content\/uploads\/2025\/04\/tosha-blue-01.png","width":513,"height":125,"caption":"TOSHA"},"image":{"@id":"https:\/\/toshalbania.com\/#\/schema\/logo\/image\/"},"sameAs":["https:\/\/www.facebook.com\/toshalbania\/","https:\/\/www.instagram.com\/toshalbania\/"]}]}},"_links":{"self":[{"href":"https:\/\/toshalbania.com\/en\/wp-json\/wp\/v2\/pages\/38","targetHints":{"allow":["GET"]}}],"collection":[{"href":"https:\/\/toshalbania.com\/en\/wp-json\/wp\/v2\/pages"}],"about":[{"href":"https:\/\/toshalbania.com\/en\/wp-json\/wp\/v2\/types\/page"}],"author":[{"embeddable":true,"href":"https:\/\/toshalbania.com\/en\/wp-json\/wp\/v2\/users\/2"}],"replies":[{"embeddable":true,"href":"https:\/\/toshalbania.com\/en\/wp-json\/wp\/v2\/comments?post=38"}],"version-history":[{"count":4,"href":"https:\/\/toshalbania.com\/en\/wp-json\/wp\/v2\/pages\/38\/revisions"}],"predecessor-version":[{"id":793,"href":"https:\/\/toshalbania.com\/en\/wp-json\/wp\/v2\/pages\/38\/revisions\/793"}],"up":[{"embeddable":true,"href":"https:\/\/toshalbania.com\/en\/wp-json\/wp\/v2\/pages\/7"}],"wp:attachment":[{"href":"https:\/\/toshalbania.com\/en\/wp-json\/wp\/v2\/media?parent=38"}],"curies":[{"name":"wp","href":"https:\/\/api.w.org\/{rel}","templated":true}]}}