{"id":36,"date":"2016-04-12T15:03:20","date_gmt":"2016-04-12T15:03:20","guid":{"rendered":"https:\/\/toshalbania.com\/?page_id=36"},"modified":"2025-05-31T11:34:32","modified_gmt":"2025-05-31T11:34:32","slug":"historia-kompanise","status":"publish","type":"page","link":"https:\/\/toshalbania.com\/en\/kush-jemi\/historia-kompanise\/","title":{"rendered":"Company history"},"content":{"rendered":"<div class=\"wpb-content-wrapper\"><div class=\"vc_row wpb_row vc_row-fluid\"><div class=\"wpb_column vc_column_container vc_col-sm-12\"><div class=\"vc_column-inner\"><div class=\"wpb_wrapper\">\n\t<div class=\"wpb_text_column wpb_content_element\" >\n\t\t<div class=\"wpb_wrapper\">\n\t\t\t<h4 class=\"no-margin-top\">TOSHA, Your Trusted Partner<\/h4>\n<p>TOSHA has been a leading company for years, well-established in the labor market as a very serious and important partner for local and foreign companies operating in Albania. The company's management and staff are highly experienced, qualified, and possess a high professional profile in the field of occupational safety and health. The staff, also based on VKM no. 108, includes engineers of various profiles, licensed doctors, a psychologist, a sociologist, lawyers, and financial specialists.<\/p>\n<p><strong>TOSHA operates with a comprehensive system of procedures that includes the Labor Relations Legislation, the Law on Safety and Health at Work, the Law on Fire Protection and Rescue, and all relevant by-laws or regulations issued in support of these legal packages. TOSHA's staff provides a complete service for establishing and monitoring these legal procedures for its partners.<\/strong><\/p>\n<p>Our goal is to serve our partners with the highest standards, working with creativity, seriousness, and professionalism, fulfilling our duties with correctness and a guarantee of success.<\/p>\n\n\t\t<\/div>\n\t<\/div>\n<div class=\"vc_empty_space\"   style=\"height: 60px\"><span class=\"vc_empty_space_inner\"><\/span><\/div>\n\t<div class=\"wpb_raw_code wpb_raw_html wpb_content_element\" >\n\t\t<div class=\"wpb_wrapper\">\n\t\t\t<ul class=\"history\">\n<li>\n<div class=\"year-content\">\n<h3>2017<\/h3>\n<p>The founding and beginning of our company's operation.<\/p>\n<\/div>\n<\/li>\n<li>\n<div class=\"year-content\">\n<h3>2020<\/h3>\n<p>The project for the construction of the new Kuk\u00ebs bridge.<\/p>\n<\/div>\n<\/li>\n<li>\n<div class=\"year-content\">\n<h3>2024<\/h3>\n<p>The project for the construction of the Gjad\u00ebr camp.<\/p>\n<\/div>\n<\/li>\n<li>\n<div class=\"year-content\">\n<h3>Today<\/h3>\n<p>TOSHA is continuously engaged in important projects in the region.<\/p>\n<\/div>\n<\/li>\n<\/ul>\n\t\t<\/div>\n\t<\/div>\n<\/div><\/div><\/div><\/div>\n<\/div>","protected":false},"excerpt":{"rendered":"TOSHA, partner i besuesh\u00ebm p\u00ebr ju. TOSHA \u00ebsht\u00eb tashm\u00eb prej vitesh nj\u00eb kompani lider, e konsoliduar n\u00eb tregun e pun\u00ebs, si nj\u00eb partner tep\u00ebr serioz dhe i r\u00ebnd\u00ebsish\u00ebm p\u00ebr kompanit\u00eb vendase apo t\u00eb huaja q\u00eb ushtrojn\u00eb aktivitet n\u00eb Shqip\u00ebri. Drejtuesit dhe stafi i kompanis\u00eb jan\u00eb me shum\u00eb p\u00ebrvoj\u00eb, t\u00eb kualifikuar dhe me nj\u00eb profil t\u00eb [...]","protected":false},"author":2,"featured_media":0,"parent":7,"menu_order":0,"comment_status":"closed","ping_status":"closed","template":"","meta":{"nf_dc_page":"","_monsterinsights_skip_tracking":false,"_monsterinsights_sitenote_active":false,"_monsterinsights_sitenote_note":"","_monsterinsights_sitenote_category":0,"footnotes":""},"class_list":["post-36","page","type-page","status-publish","hentry","no-post-thumbnail"],"yoast_head":"<!-- This site is optimized with the Yoast SEO plugin v27.5 - https:\/\/yoast.com\/product\/yoast-seo-wordpress\/ -->\n<title>Historia Kompanis\u00eb - TOSHA<\/title>\n<meta name=\"robots\" content=\"index, follow, max-snippet:-1, max-image-preview:large, max-video-preview:-1\" \/>\n<link rel=\"canonical\" href=\"https:\/\/toshalbania.com\/en\/kush-jemi\/historia-kompanise\/\" \/>\n<meta property=\"og:locale\" content=\"en_US\" \/>\n<meta property=\"og:type\" content=\"article\" \/>\n<meta property=\"og:title\" content=\"Historia Kompanis\u00eb - TOSHA\" \/>\n<meta property=\"og:url\" content=\"https:\/\/toshalbania.com\/en\/kush-jemi\/historia-kompanise\/\" \/>\n<meta property=\"og:site_name\" content=\"TOSHA\" \/>\n<meta property=\"article:publisher\" content=\"https:\/\/www.facebook.com\/toshalbania\/\" \/>\n<meta property=\"article:modified_time\" content=\"2025-05-31T11:34:32+00:00\" \/>\n<meta name=\"twitter:card\" content=\"summary_large_image\" \/>\n<meta name=\"twitter:label1\" content=\"Est. reading time\" \/>\n\t<meta name=\"twitter:data1\" content=\"1 minute\" \/>\n<script type=\"application\/ld+json\" class=\"yoast-schema-graph\">{\"@context\":\"https:\\\/\\\/schema.org\",\"@graph\":[{\"@type\":\"WebPage\",\"@id\":\"https:\\\/\\\/toshalbania.com\\\/kush-jemi\\\/historia-kompanise\\\/\",\"url\":\"https:\\\/\\\/toshalbania.com\\\/kush-jemi\\\/historia-kompanise\\\/\",\"name\":\"Historia Kompanis\u00eb - TOSHA\",\"isPartOf\":{\"@id\":\"https:\\\/\\\/toshalbania.com\\\/#website\"},\"datePublished\":\"2016-04-12T15:03:20+00:00\",\"dateModified\":\"2025-05-31T11:34:32+00:00\",\"breadcrumb\":{\"@id\":\"https:\\\/\\\/toshalbania.com\\\/kush-jemi\\\/historia-kompanise\\\/#breadcrumb\"},\"inLanguage\":\"en-US\",\"potentialAction\":[{\"@type\":\"ReadAction\",\"target\":[\"https:\\\/\\\/toshalbania.com\\\/kush-jemi\\\/historia-kompanise\\\/\"]}]},{\"@type\":\"BreadcrumbList\",\"@id\":\"https:\\\/\\\/toshalbania.com\\\/kush-jemi\\\/historia-kompanise\\\/#breadcrumb\",\"itemListElement\":[{\"@type\":\"ListItem\",\"position\":1,\"name\":\"Home\",\"item\":\"https:\\\/\\\/toshalbania.com\\\/\"},{\"@type\":\"ListItem\",\"position\":2,\"name\":\"Kush jemi\",\"item\":\"https:\\\/\\\/toshalbania.com\\\/kush-jemi\\\/\"},{\"@type\":\"ListItem\",\"position\":3,\"name\":\"Historia Kompanis\u00eb\"}]},{\"@type\":\"WebSite\",\"@id\":\"https:\\\/\\\/toshalbania.com\\\/#website\",\"url\":\"https:\\\/\\\/toshalbania.com\\\/\",\"name\":\"Top Occupational Safety and Health Albania\",\"description\":\"Top Occupational Safety and Health Albania\",\"publisher\":{\"@id\":\"https:\\\/\\\/toshalbania.com\\\/#organization\"},\"alternateName\":\"TOSHA\",\"potentialAction\":[{\"@type\":\"SearchAction\",\"target\":{\"@type\":\"EntryPoint\",\"urlTemplate\":\"https:\\\/\\\/toshalbania.com\\\/?s={search_term_string}\"},\"query-input\":{\"@type\":\"PropertyValueSpecification\",\"valueRequired\":true,\"valueName\":\"search_term_string\"}}],\"inLanguage\":\"en-US\"},{\"@type\":\"Organization\",\"@id\":\"https:\\\/\\\/toshalbania.com\\\/#organization\",\"name\":\"TOSHA\",\"alternateName\":\"Top Occupational Safety and Health Albania\",\"url\":\"https:\\\/\\\/toshalbania.com\\\/\",\"logo\":{\"@type\":\"ImageObject\",\"inLanguage\":\"en-US\",\"@id\":\"https:\\\/\\\/toshalbania.com\\\/#\\\/schema\\\/logo\\\/image\\\/\",\"url\":\"https:\\\/\\\/toshalbania.com\\\/wp-content\\\/uploads\\\/2025\\\/04\\\/tosha-blue-01.png\",\"contentUrl\":\"https:\\\/\\\/toshalbania.com\\\/wp-content\\\/uploads\\\/2025\\\/04\\\/tosha-blue-01.png\",\"width\":513,\"height\":125,\"caption\":\"TOSHA\"},\"image\":{\"@id\":\"https:\\\/\\\/toshalbania.com\\\/#\\\/schema\\\/logo\\\/image\\\/\"},\"sameAs\":[\"https:\\\/\\\/www.facebook.com\\\/toshalbania\\\/\",\"https:\\\/\\\/www.instagram.com\\\/toshalbania\\\/\"]}]}<\/script>\n<!-- \/ Yoast SEO plugin. -->","yoast_head_json":{"title":"Historia Kompanis\u00eb - TOSHA","robots":{"index":"index","follow":"follow","max-snippet":"max-snippet:-1","max-image-preview":"max-image-preview:large","max-video-preview":"max-video-preview:-1"},"canonical":"https:\/\/toshalbania.com\/en\/kush-jemi\/historia-kompanise\/","og_locale":"en_US","og_type":"article","og_title":"Historia Kompanis\u00eb - TOSHA","og_url":"https:\/\/toshalbania.com\/en\/kush-jemi\/historia-kompanise\/","og_site_name":"TOSHA","article_publisher":"https:\/\/www.facebook.com\/toshalbania\/","article_modified_time":"2025-05-31T11:34:32+00:00","twitter_card":"summary_large_image","twitter_misc":{"Est. reading time":"1 minute"},"schema":{"@context":"https:\/\/schema.org","@graph":[{"@type":"WebPage","@id":"https:\/\/toshalbania.com\/kush-jemi\/historia-kompanise\/","url":"https:\/\/toshalbania.com\/kush-jemi\/historia-kompanise\/","name":"Historia Kompanis\u00eb - TOSHA","isPartOf":{"@id":"https:\/\/toshalbania.com\/#website"},"datePublished":"2016-04-12T15:03:20+00:00","dateModified":"2025-05-31T11:34:32+00:00","breadcrumb":{"@id":"https:\/\/toshalbania.com\/kush-jemi\/historia-kompanise\/#breadcrumb"},"inLanguage":"en-US","potentialAction":[{"@type":"ReadAction","target":["https:\/\/toshalbania.com\/kush-jemi\/historia-kompanise\/"]}]},{"@type":"BreadcrumbList","@id":"https:\/\/toshalbania.com\/kush-jemi\/historia-kompanise\/#breadcrumb","itemListElement":[{"@type":"ListItem","position":1,"name":"Home","item":"https:\/\/toshalbania.com\/"},{"@type":"ListItem","position":2,"name":"Kush jemi","item":"https:\/\/toshalbania.com\/kush-jemi\/"},{"@type":"ListItem","position":3,"name":"Historia Kompanis\u00eb"}]},{"@type":"WebSite","@id":"https:\/\/toshalbania.com\/#website","url":"https:\/\/toshalbania.com\/","name":"Top Occupational Safety and Health Albania","description":"Top Occupational Safety and Health Albania","publisher":{"@id":"https:\/\/toshalbania.com\/#organization"},"alternateName":"TOSHA","potentialAction":[{"@type":"SearchAction","target":{"@type":"EntryPoint","urlTemplate":"https:\/\/toshalbania.com\/?s={search_term_string}"},"query-input":{"@type":"PropertyValueSpecification","valueRequired":true,"valueName":"search_term_string"}}],"inLanguage":"en-US"},{"@type":"Organization","@id":"https:\/\/toshalbania.com\/#organization","name":"TOSHA","alternateName":"Top Occupational Safety and Health Albania","url":"https:\/\/toshalbania.com\/","logo":{"@type":"ImageObject","inLanguage":"en-US","@id":"https:\/\/toshalbania.com\/#\/schema\/logo\/image\/","url":"https:\/\/toshalbania.com\/wp-content\/uploads\/2025\/04\/tosha-blue-01.png","contentUrl":"https:\/\/toshalbania.com\/wp-content\/uploads\/2025\/04\/tosha-blue-01.png","width":513,"height":125,"caption":"TOSHA"},"image":{"@id":"https:\/\/toshalbania.com\/#\/schema\/logo\/image\/"},"sameAs":["https:\/\/www.facebook.com\/toshalbania\/","https:\/\/www.instagram.com\/toshalbania\/"]}]}},"_links":{"self":[{"href":"https:\/\/toshalbania.com\/en\/wp-json\/wp\/v2\/pages\/36","targetHints":{"allow":["GET"]}}],"collection":[{"href":"https:\/\/toshalbania.com\/en\/wp-json\/wp\/v2\/pages"}],"about":[{"href":"https:\/\/toshalbania.com\/en\/wp-json\/wp\/v2\/types\/page"}],"author":[{"embeddable":true,"href":"https:\/\/toshalbania.com\/en\/wp-json\/wp\/v2\/users\/2"}],"replies":[{"embeddable":true,"href":"https:\/\/toshalbania.com\/en\/wp-json\/wp\/v2\/comments?post=36"}],"version-history":[{"count":3,"href":"https:\/\/toshalbania.com\/en\/wp-json\/wp\/v2\/pages\/36\/revisions"}],"predecessor-version":[{"id":796,"href":"https:\/\/toshalbania.com\/en\/wp-json\/wp\/v2\/pages\/36\/revisions\/796"}],"up":[{"embeddable":true,"href":"https:\/\/toshalbania.com\/en\/wp-json\/wp\/v2\/pages\/7"}],"wp:attachment":[{"href":"https:\/\/toshalbania.com\/en\/wp-json\/wp\/v2\/media?parent=36"}],"curies":[{"name":"wp","href":"https:\/\/api.w.org\/{rel}","templated":true}]}}