{"id":320,"date":"2016-05-05T07:22:30","date_gmt":"2016-05-05T07:22:30","guid":{"rendered":"https:\/\/toshalbania.com\/?page_id=320"},"modified":"2025-06-05T16:07:34","modified_gmt":"2025-06-05T16:07:34","slug":"marredheniet-juridike-te-punes","status":"publish","type":"page","link":"https:\/\/toshalbania.com\/en\/sherbimet\/marredheniet-juridike-te-punes\/","title":{"rendered":"Legal Employment Relationships"},"content":{"rendered":"<div class=\"wpb-content-wrapper\"><div class=\"vc_row wpb_row vc_row-fluid\"><div class=\"wpb_column vc_column_container vc_col-sm-12\"><div class=\"vc_column-inner\"><div class=\"wpb_wrapper\">\n<div class=\"vc_grid-container-wrapper vc_clearfix vc_grid-animation-fadeIn\">\n\t<div class=\"vc_grid-container vc_clearfix wpb_content_element vc_media_grid\" data-initial-loading-animation=\"fadeIn\" data-vc-grid-settings=\"{&quot;page_id&quot;:320,&quot;style&quot;:&quot;all&quot;,&quot;action&quot;:&quot;vc_get_vc_grid_data&quot;,&quot;shortcode_id&quot;:&quot;1749139550603-72be43fa-ebb6-6&quot;,&quot;tag&quot;:&quot;vc_media_grid&quot;}\" data-vc-request=\"https:\/\/toshalbania.com\/wp-admin\/admin-ajax.php\" data-vc-post-id=\"320\" data-vc-public-nonce=\"bc7e923c19\">\n\t\t\n\t<\/div>\n<\/div><div class=\"vc_empty_space\"   style=\"height: 50px\"><span class=\"vc_empty_space_inner\"><\/span><\/div>\n\t<div class=\"wpb_text_column wpb_content_element\" >\n\t\t<div class=\"wpb_wrapper\">\n\t\t\t<h4><strong>Preparation of Legal Procedures Related to Employment Relationships <\/strong><\/h4>\n<p>Under the Labor Code of the Republic of Albania, the legal employment relationship is a formal relationship and must be accompanied by a contract between the parties. We provide consultancy services for drafting employment contracts, procedures for granting annual leave, disciplinary measures, termination procedures, and more.<\/p>\n<h4><strong>When is an employment relationship finalized (secured, contracted, and formalized)?<\/strong><\/h4>\n<p>Every employer is legally obligated to officially declare to the tax authority any employee starting work for the first time in their enterprise or newly hired at least one calendar day before the start of employment.<\/p>\n<p>The employment contract is the sole agreement between the employer and the employee. Based on the principle of contractual freedom, its terms are defined in accordance with the Labor Code of the Republic of Albania, other legal and sublegal acts of labor legislation, and the expressed will of the parties<\/p>\n<p>The employment contract must be concluded in written form. The employee begins work after signing the employment contract document. Exceptionally, formalization may occur within 7 days for justified and special cases.<\/p>\n<p>The employment contract must be concluded in written form. The employer is obligated to formalize it within 7 days from the date of employment. It is drafted for the performance of work for a fixed or indefinite period, solely in exchange for remuneration<\/p>\n<h4><strong>The types of individual employment contracts are as follows:<\/strong><\/h4>\n<ul>\n<li>Full-time individual employment contract.<\/li>\n<li>Part-time individual employment contract.<\/li>\n<li>Individual apprenticeship contract.<\/li>\n<\/ul>\n\n\t\t<\/div>\n\t<\/div>\n<div class=\"vc_empty_space\"   style=\"height: 30px\"><span class=\"vc_empty_space_inner\"><\/span><\/div>\n\t<div class=\"wpb_text_column wpb_content_element\" >\n\t\t<div class=\"wpb_wrapper\">\n\t\t\t<h4><strong>The employment contract must necessarily contain the elements<\/strong>:<\/h4>\n<ul>\n<li>Identity of the parties.<\/li>\n<li>Place and description of work.<\/li>\n<li>Start date of employment.<\/li>\n<li>Duration (fixed-term \/ indefinite-term).<\/li>\n<li>Normal daily and weekly working hours.<\/li>\n<li>The normal daily working hours are 8 hours per day and 40 hours per week. Any hour worked beyond normal working hours is considered overtime.<\/li>\n<li>When referring to working duration, it means the time during which the employee is at the employer's disposal, including the time spent on professional training or retraining, as approved by the employer.<\/li>\n<li>Break periods, during which the employee is not at the employer\u2019s disposal, are excluded from working time.<\/li>\n<li>Salary components and payment date.<\/li>\n<li>In this context, wage refers to the basic salary and any permanent allowances. Currently, as per a VKM, the minimum wage is set at 24,000 (twenty-four thousand) Albanian Lek\u00eb. Wages are exclusively paid through the banking system. For each payment, the employer provides the employee with a calculation statement. This statement includes the wage amount, the bases for calculation (if variable), and all deductions from it. This must be provided on the date specified in the contract between the parties.<\/li>\n<\/ul>\n<h4 class=\"ds-markdown-paragraph\"><\/h4>\n\n\t\t<\/div>\n\t<\/div>\n<\/div><\/div><\/div><\/div><div class=\"vc_row wpb_row vc_row-fluid\"><div class=\"wpb_column vc_column_container vc_col-sm-12\"><div class=\"vc_column-inner\"><div class=\"wpb_wrapper\">\n\t<div class=\"wpb_text_column wpb_content_element\" >\n\t\t<div class=\"wpb_wrapper\">\n\t\t\t<h4 class=\"ds-markdown-paragraph\">Wage supplements for work performed on:<\/h4>\n<p class=\"ds-markdown-paragraph\"><strong>Shift work:<\/strong><\/p>\n<ul>\n<li>Second Shift (from 19:00 \u2013 22:00, supplement no less than 20%)<\/li>\n<li>Third Shift (from 22:00 \u2013 06:00, supplement no less than 50%)<\/li>\n<\/ul>\n<p>Weekly rest includes Sunday. Work performed on weekly rest days is compensated at no less than 25% extra pay or with time off equivalent to the duration of the work performed plus an additional rest period of no less than 25% of that work's duration.<\/p>\n<p>Work performed on official public holidays is compensated at no less than 25% extra pay and with a paid rest period equal to the duration of the work performed on those official public holidays.<br \/>\nWork performed as overtime is paid at no less than 25% extra, unless otherwise stipulated in the collective agreement. Overtime hours worked during weekly rest days or on official public holidays are compensated with time off or pay at least 50% higher than normal wages, unless otherwise stipulated in the collective agreement. This compensation includes the compensations mentioned in the preceding paragraphs.<\/p>\n<ul>\n<li>Duration of annual leave.<br \/>\nANNUAL LEAVE is no less than 4 calendar weeks during the ongoing work year.<br \/>\nAnnual leave does not include official public holidays. If an official public holiday falls on a paid annual leave day, the annual leave is extended.<br \/>\nFor employees who haven't completed a full year of work, the duration of annual leave is calculated proportionally to the length of time worked.<\/li>\n<li>Termination of employment and notice during the probation period.<br \/>\nDuring the probationary period, either party may terminate the contract by giving at least 5 days' notice.<\/li>\n<\/ul>\n<p>&nbsp;<\/p>\n\n\t\t<\/div>\n\t<\/div>\n\n\t<div class=\"wpb_text_column wpb_content_element\" >\n\t\t<div class=\"wpb_wrapper\">\n\t\t\t<p><strong>An indefinite-term contract<\/strong>&nbsp;concludes when it's terminated by one party and the notice period has expired. The parties must respect a notice period:<\/p>\n<ul>\n<li>of two weeks, when the employment relationship has lasted up to six months,<\/li>\n<li>of one month, for a duration of over six months up to two years,<\/li>\n<li>of two months, for a duration of over two years up to five years,<\/li>\n<li>of three months, for a duration of more than five years.<\/li>\n<\/ul>\n<p>A fixed-term employment contract ends at the conclusion of the foreseen period, without prior termination.<\/p>\n<p>The employer must notify the employee in writing at least 72 hours before the meeting and discuss with them, presenting the reasons for the decision. The termination is announced in writing, with the reasons for termination, within a period of 48 hours to one week after the meeting.<\/p>\n<ul>\n<li>Types and procedures of disciplinary measures.<br \/>\n<strong>Caution!<\/strong>&nbsp;The imposition of fines by the employer is prohibited, with the exception of fines specified in the Collective Agreement.<\/li>\n<li>References to the collective agreement (if a trade union organization operates and a collective agreement exists).<\/li>\n<\/ul>\n\n\t\t<\/div>\n\t<\/div>\n<\/div><\/div><\/div><\/div><div class=\"vc_row wpb_row vc_row-fluid\"><div class=\"wpb_column vc_column_container vc_col-sm-12\"><div class=\"vc_column-inner\"><div class=\"wpb_wrapper\"><\/div><\/div><\/div><\/div>\n<\/div>","protected":false},"excerpt":{"rendered":"Hartimi i Procedurave ligjore lidhur me Marr\u00ebdh\u00ebnien Juridike t\u00eb Pun\u00ebs Referuar Kodit t\u00eb Pun\u00ebs s\u00eb Republik\u00ebs s\u00eb Shqiperis\u00eb marr\u00ebdh\u00ebnia juridike e pun\u00ebs \u00ebsht\u00eb n\u00ebe marr\u00ebdh\u00ebnie legale formale dhe si e till\u00eb duhet t\u00eb shoq\u00ebrohet me kontrat\u00eb mes pal\u00ebve. Sa m\u00eb siper ne ofrojm\u00eb konsulenc\u00eb lidhur me hartimin e kontratave t\u00eb pun\u00ebs, procedur\u00ebn e dh\u00ebnies s\u00eb [...]","protected":false},"author":2,"featured_media":0,"parent":9,"menu_order":0,"comment_status":"closed","ping_status":"closed","template":"","meta":{"nf_dc_page":"","_monsterinsights_skip_tracking":false,"_monsterinsights_sitenote_active":false,"_monsterinsights_sitenote_note":"","_monsterinsights_sitenote_category":0,"footnotes":""},"class_list":["post-320","page","type-page","status-publish","hentry","no-post-thumbnail"],"yoast_head":"<!-- This site is optimized with the Yoast SEO plugin v27.5 - https:\/\/yoast.com\/product\/yoast-seo-wordpress\/ -->\n<title>Marr\u00ebdh\u00ebniet Juridike T\u00eb Pun\u00ebs - TOSHA<\/title>\n<meta name=\"robots\" content=\"index, follow, max-snippet:-1, max-image-preview:large, max-video-preview:-1\" \/>\n<link rel=\"canonical\" href=\"https:\/\/toshalbania.com\/en\/sherbimet\/marredheniet-juridike-te-punes\/\" \/>\n<meta property=\"og:locale\" content=\"en_US\" \/>\n<meta property=\"og:type\" content=\"article\" \/>\n<meta property=\"og:title\" content=\"Marr\u00ebdh\u00ebniet Juridike T\u00eb Pun\u00ebs - TOSHA\" \/>\n<meta property=\"og:url\" content=\"https:\/\/toshalbania.com\/en\/sherbimet\/marredheniet-juridike-te-punes\/\" \/>\n<meta property=\"og:site_name\" content=\"TOSHA\" \/>\n<meta property=\"article:publisher\" content=\"https:\/\/www.facebook.com\/toshalbania\/\" \/>\n<meta property=\"article:modified_time\" content=\"2025-06-05T16:07:34+00:00\" \/>\n<meta name=\"twitter:card\" content=\"summary_large_image\" \/>\n<meta name=\"twitter:label1\" content=\"Est. reading time\" \/>\n\t<meta name=\"twitter:data1\" content=\"4 minutes\" \/>\n<script type=\"application\/ld+json\" class=\"yoast-schema-graph\">{\"@context\":\"https:\\\/\\\/schema.org\",\"@graph\":[{\"@type\":\"WebPage\",\"@id\":\"https:\\\/\\\/toshalbania.com\\\/sherbimet\\\/marredheniet-juridike-te-punes\\\/\",\"url\":\"https:\\\/\\\/toshalbania.com\\\/sherbimet\\\/marredheniet-juridike-te-punes\\\/\",\"name\":\"Marr\u00ebdh\u00ebniet Juridike T\u00eb Pun\u00ebs - TOSHA\",\"isPartOf\":{\"@id\":\"https:\\\/\\\/toshalbania.com\\\/#website\"},\"datePublished\":\"2016-05-05T07:22:30+00:00\",\"dateModified\":\"2025-06-05T16:07:34+00:00\",\"breadcrumb\":{\"@id\":\"https:\\\/\\\/toshalbania.com\\\/sherbimet\\\/marredheniet-juridike-te-punes\\\/#breadcrumb\"},\"inLanguage\":\"en-US\",\"potentialAction\":[{\"@type\":\"ReadAction\",\"target\":[\"https:\\\/\\\/toshalbania.com\\\/sherbimet\\\/marredheniet-juridike-te-punes\\\/\"]}]},{\"@type\":\"BreadcrumbList\",\"@id\":\"https:\\\/\\\/toshalbania.com\\\/sherbimet\\\/marredheniet-juridike-te-punes\\\/#breadcrumb\",\"itemListElement\":[{\"@type\":\"ListItem\",\"position\":1,\"name\":\"Home\",\"item\":\"https:\\\/\\\/toshalbania.com\\\/\"},{\"@type\":\"ListItem\",\"position\":2,\"name\":\"Sh\u00ebrbimet\",\"item\":\"https:\\\/\\\/toshalbania.com\\\/sherbimet\\\/\"},{\"@type\":\"ListItem\",\"position\":3,\"name\":\"Marr\u00ebdh\u00ebniet Juridike T\u00eb Pun\u00ebs\"}]},{\"@type\":\"WebSite\",\"@id\":\"https:\\\/\\\/toshalbania.com\\\/#website\",\"url\":\"https:\\\/\\\/toshalbania.com\\\/\",\"name\":\"Top Occupational Safety and Health Albania\",\"description\":\"Top Occupational Safety and Health Albania\",\"publisher\":{\"@id\":\"https:\\\/\\\/toshalbania.com\\\/#organization\"},\"alternateName\":\"TOSHA\",\"potentialAction\":[{\"@type\":\"SearchAction\",\"target\":{\"@type\":\"EntryPoint\",\"urlTemplate\":\"https:\\\/\\\/toshalbania.com\\\/?s={search_term_string}\"},\"query-input\":{\"@type\":\"PropertyValueSpecification\",\"valueRequired\":true,\"valueName\":\"search_term_string\"}}],\"inLanguage\":\"en-US\"},{\"@type\":\"Organization\",\"@id\":\"https:\\\/\\\/toshalbania.com\\\/#organization\",\"name\":\"TOSHA\",\"alternateName\":\"Top Occupational Safety and Health Albania\",\"url\":\"https:\\\/\\\/toshalbania.com\\\/\",\"logo\":{\"@type\":\"ImageObject\",\"inLanguage\":\"en-US\",\"@id\":\"https:\\\/\\\/toshalbania.com\\\/#\\\/schema\\\/logo\\\/image\\\/\",\"url\":\"https:\\\/\\\/toshalbania.com\\\/wp-content\\\/uploads\\\/2025\\\/04\\\/tosha-blue-01.png\",\"contentUrl\":\"https:\\\/\\\/toshalbania.com\\\/wp-content\\\/uploads\\\/2025\\\/04\\\/tosha-blue-01.png\",\"width\":513,\"height\":125,\"caption\":\"TOSHA\"},\"image\":{\"@id\":\"https:\\\/\\\/toshalbania.com\\\/#\\\/schema\\\/logo\\\/image\\\/\"},\"sameAs\":[\"https:\\\/\\\/www.facebook.com\\\/toshalbania\\\/\",\"https:\\\/\\\/www.instagram.com\\\/toshalbania\\\/\"]}]}<\/script>\n<!-- \/ Yoast SEO plugin. -->","yoast_head_json":{"title":"Marr\u00ebdh\u00ebniet Juridike T\u00eb Pun\u00ebs - TOSHA","robots":{"index":"index","follow":"follow","max-snippet":"max-snippet:-1","max-image-preview":"max-image-preview:large","max-video-preview":"max-video-preview:-1"},"canonical":"https:\/\/toshalbania.com\/en\/sherbimet\/marredheniet-juridike-te-punes\/","og_locale":"en_US","og_type":"article","og_title":"Marr\u00ebdh\u00ebniet Juridike T\u00eb Pun\u00ebs - TOSHA","og_url":"https:\/\/toshalbania.com\/en\/sherbimet\/marredheniet-juridike-te-punes\/","og_site_name":"TOSHA","article_publisher":"https:\/\/www.facebook.com\/toshalbania\/","article_modified_time":"2025-06-05T16:07:34+00:00","twitter_card":"summary_large_image","twitter_misc":{"Est. reading time":"4 minutes"},"schema":{"@context":"https:\/\/schema.org","@graph":[{"@type":"WebPage","@id":"https:\/\/toshalbania.com\/sherbimet\/marredheniet-juridike-te-punes\/","url":"https:\/\/toshalbania.com\/sherbimet\/marredheniet-juridike-te-punes\/","name":"Marr\u00ebdh\u00ebniet Juridike T\u00eb Pun\u00ebs - TOSHA","isPartOf":{"@id":"https:\/\/toshalbania.com\/#website"},"datePublished":"2016-05-05T07:22:30+00:00","dateModified":"2025-06-05T16:07:34+00:00","breadcrumb":{"@id":"https:\/\/toshalbania.com\/sherbimet\/marredheniet-juridike-te-punes\/#breadcrumb"},"inLanguage":"en-US","potentialAction":[{"@type":"ReadAction","target":["https:\/\/toshalbania.com\/sherbimet\/marredheniet-juridike-te-punes\/"]}]},{"@type":"BreadcrumbList","@id":"https:\/\/toshalbania.com\/sherbimet\/marredheniet-juridike-te-punes\/#breadcrumb","itemListElement":[{"@type":"ListItem","position":1,"name":"Home","item":"https:\/\/toshalbania.com\/"},{"@type":"ListItem","position":2,"name":"Sh\u00ebrbimet","item":"https:\/\/toshalbania.com\/sherbimet\/"},{"@type":"ListItem","position":3,"name":"Marr\u00ebdh\u00ebniet Juridike T\u00eb Pun\u00ebs"}]},{"@type":"WebSite","@id":"https:\/\/toshalbania.com\/#website","url":"https:\/\/toshalbania.com\/","name":"Top Occupational Safety and Health Albania","description":"Top Occupational Safety and Health Albania","publisher":{"@id":"https:\/\/toshalbania.com\/#organization"},"alternateName":"TOSHA","potentialAction":[{"@type":"SearchAction","target":{"@type":"EntryPoint","urlTemplate":"https:\/\/toshalbania.com\/?s={search_term_string}"},"query-input":{"@type":"PropertyValueSpecification","valueRequired":true,"valueName":"search_term_string"}}],"inLanguage":"en-US"},{"@type":"Organization","@id":"https:\/\/toshalbania.com\/#organization","name":"TOSHA","alternateName":"Top Occupational Safety and Health Albania","url":"https:\/\/toshalbania.com\/","logo":{"@type":"ImageObject","inLanguage":"en-US","@id":"https:\/\/toshalbania.com\/#\/schema\/logo\/image\/","url":"https:\/\/toshalbania.com\/wp-content\/uploads\/2025\/04\/tosha-blue-01.png","contentUrl":"https:\/\/toshalbania.com\/wp-content\/uploads\/2025\/04\/tosha-blue-01.png","width":513,"height":125,"caption":"TOSHA"},"image":{"@id":"https:\/\/toshalbania.com\/#\/schema\/logo\/image\/"},"sameAs":["https:\/\/www.facebook.com\/toshalbania\/","https:\/\/www.instagram.com\/toshalbania\/"]}]}},"_links":{"self":[{"href":"https:\/\/toshalbania.com\/en\/wp-json\/wp\/v2\/pages\/320","targetHints":{"allow":["GET"]}}],"collection":[{"href":"https:\/\/toshalbania.com\/en\/wp-json\/wp\/v2\/pages"}],"about":[{"href":"https:\/\/toshalbania.com\/en\/wp-json\/wp\/v2\/types\/page"}],"author":[{"embeddable":true,"href":"https:\/\/toshalbania.com\/en\/wp-json\/wp\/v2\/users\/2"}],"replies":[{"embeddable":true,"href":"https:\/\/toshalbania.com\/en\/wp-json\/wp\/v2\/comments?post=320"}],"version-history":[{"count":17,"href":"https:\/\/toshalbania.com\/en\/wp-json\/wp\/v2\/pages\/320\/revisions"}],"predecessor-version":[{"id":910,"href":"https:\/\/toshalbania.com\/en\/wp-json\/wp\/v2\/pages\/320\/revisions\/910"}],"up":[{"embeddable":true,"href":"https:\/\/toshalbania.com\/en\/wp-json\/wp\/v2\/pages\/9"}],"wp:attachment":[{"href":"https:\/\/toshalbania.com\/en\/wp-json\/wp\/v2\/media?parent=320"}],"curies":[{"name":"wp","href":"https:\/\/api.w.org\/{rel}","templated":true}]}}