{"id":316,"date":"2016-05-05T07:19:19","date_gmt":"2016-05-05T07:19:19","guid":{"rendered":"https:\/\/toshalbania.com\/?page_id=316"},"modified":"2025-06-03T18:09:15","modified_gmt":"2025-06-03T18:09:15","slug":"sistemi-sigurise","status":"publish","type":"page","link":"https:\/\/toshalbania.com\/en\/sherbimet\/sistemi-sigurise\/","title":{"rendered":"Safety System"},"content":{"rendered":"<div class=\"wpb-content-wrapper\"><div class=\"vc_row wpb_row vc_row-fluid\"><div class=\"wpb_column vc_column_container vc_col-sm-12\"><div class=\"vc_column-inner\"><div class=\"wpb_wrapper\"><div class=\"vc_row wpb_row vc_inner vc_row-fluid\"><div class=\"wpb_column vc_column_container vc_col-sm-6\"><div class=\"vc_column-inner\"><div class=\"wpb_wrapper\">\n\t<div  class=\"wpb_single_image wpb_content_element vc_align_left wpb_content_element\">\n\t\t\n\t\t<figure class=\"wpb_wrapper vc_figure\">\n\t\t\t<a class=\"\" data-lightbox=\"lightbox[rel-316-1761250316]\" href=\"https:\/\/toshalbania.com\/wp-content\/uploads\/2025\/06\/foto11.webp\" target=\"_self\" class=\"vc_single_image-wrapper   vc_box_border_grey\"><img loading=\"lazy\" decoding=\"async\" width=\"800\" height=\"600\" src=\"https:\/\/toshalbania.com\/wp-content\/uploads\/2025\/06\/foto11.webp\" class=\"vc_single_image-img attachment-full\" alt=\"\" title=\"foto11\" srcset=\"https:\/\/toshalbania.com\/wp-content\/uploads\/2025\/06\/foto11.webp 800w, https:\/\/toshalbania.com\/wp-content\/uploads\/2025\/06\/foto11-300x225.webp 300w, https:\/\/toshalbania.com\/wp-content\/uploads\/2025\/06\/foto11-768x576.webp 768w, https:\/\/toshalbania.com\/wp-content\/uploads\/2025\/06\/foto11-16x12.webp 16w, https:\/\/toshalbania.com\/wp-content\/uploads\/2025\/06\/foto11-555x416.webp 555w, https:\/\/toshalbania.com\/wp-content\/uploads\/2025\/06\/foto11-600x450.webp 600w\" sizes=\"auto, (max-width: 800px) 100vw, 800px\" \/><\/a>\n\t\t<\/figure>\n\t<\/div>\n<\/div><\/div><\/div><div class=\"wpb_column vc_column_container vc_col-sm-6\"><div class=\"vc_column-inner\"><div class=\"wpb_wrapper\">\n\t<div  class=\"wpb_single_image wpb_content_element vc_align_left wpb_content_element\">\n\t\t\n\t\t<figure class=\"wpb_wrapper vc_figure\">\n\t\t\t<a class=\"\" data-lightbox=\"lightbox[rel-316-107206677]\" href=\"https:\/\/toshalbania.com\/wp-content\/uploads\/2025\/06\/foto12.webp\" target=\"_self\" class=\"vc_single_image-wrapper   vc_box_border_grey\"><img loading=\"lazy\" decoding=\"async\" width=\"800\" height=\"600\" src=\"https:\/\/toshalbania.com\/wp-content\/uploads\/2025\/06\/foto12.webp\" class=\"vc_single_image-img attachment-full\" alt=\"\" title=\"foto12\" srcset=\"https:\/\/toshalbania.com\/wp-content\/uploads\/2025\/06\/foto12.webp 800w, https:\/\/toshalbania.com\/wp-content\/uploads\/2025\/06\/foto12-300x225.webp 300w, https:\/\/toshalbania.com\/wp-content\/uploads\/2025\/06\/foto12-768x576.webp 768w, https:\/\/toshalbania.com\/wp-content\/uploads\/2025\/06\/foto12-16x12.webp 16w, https:\/\/toshalbania.com\/wp-content\/uploads\/2025\/06\/foto12-555x416.webp 555w, https:\/\/toshalbania.com\/wp-content\/uploads\/2025\/06\/foto12-600x450.webp 600w\" sizes=\"auto, (max-width: 800px) 100vw, 800px\" \/><\/a>\n\t\t<\/figure>\n\t<\/div>\n<\/div><\/div><\/div><\/div><div class=\"vc_empty_space\"   style=\"height: 40px\"><span class=\"vc_empty_space_inner\"><\/span><\/div>\n\t<div class=\"wpb_text_column wpb_content_element\" >\n\t\t<div class=\"wpb_wrapper\">\n\t\t\t<h2 style=\"text-align: center;\">Sistemi Siguris\u00eb<\/h2>\n<p>&nbsp;<\/p>\n<hr \/>\n<h3><strong>Hartimi dhe p\u00ebrpilimi i Dokumentit t\u00eb Vler\u00ebsimit t\u00eb Riskut dhe informimi i punonj\u00ebsve p\u00ebr t\u00eb<\/strong><\/h3>\n<p>Ligji Nr. 10 237, dt 18.02.2010 &#8220;P\u00ebr sigurin\u00eb dhe sh\u00ebndetin n\u00eb Pun\u00eb&#8221;, konkretisht n\u00eb nenet 6, 9, 10, 12, 13, 14 k\u00ebrkon si detyrim par\u00ebsor t\u00eb pun\u00ebdh\u00ebn\u00ebsit hartimin e Dokumentit t\u00eb Vler\u00ebsimit t\u00eb Riskut (DVR).\u00a0N\u00eb k\u00ebt\u00eb dokument tep\u00ebr t\u00eb r\u00ebnd\u00ebsish\u00ebm p\u00ebr sistemin e siguris\u00eb dhe sh\u00ebndetit n\u00eb nd\u00ebrmarrje, b\u00ebhet nj\u00eb vler\u00ebsim i rrezikut potencial p\u00ebr t\u00eb gjith\u00eb veprimtarin\u00eb e pun\u00ebs, vendet e pun\u00ebs, pozicionet e pun\u00ebs dhe te gjitha pajisjet e pun\u00ebs teknike dhe teknologjike, agjent\u00ebt, substancat dhe materialet e vecanta, q\u00eb jan\u00eb n\u00eb subjekt. DVR shtjellon n\u00eb m\u00ebnyr\u00eb t\u00eb detajuar cdo element rrezikshm\u00ebrie n\u00eb veprimtarin\u00eb e pun\u00ebs q\u00eb mund t\u00eb c\u00ebnoj\u00eb sigurin\u00eb apo t\u00eb d\u00ebmtoj\u00eb sh\u00ebndetin e pun\u00ebmarr\u00ebsit. Ai p\u00ebrshkruan dhe m\u00ebnyr\u00ebn e organizimit t\u00eb sistemit mbrojt\u00ebs, p\u00ebrmes kryerjes s\u00eb detyrimeve ligjore dhe procedurave q\u00eb p\u00ebrmbajn\u00eb t\u00eb gjith\u00eb rregulloret e miratuara p\u00ebr t\u00eb pasur nj\u00eb mjedis t\u00eb sigurt\u00eb dhe t\u00eb sh\u00ebndetsh\u00ebm.<\/p>\n<p>DVR duhet t\u00eb rishikohet sa her\u00eb q\u00eb n\u00eb nd\u00ebmarrje ndryshojn\u00eb pajisjet e pun\u00ebs, kushtet e pun\u00ebs, apo mjedisi i pun\u00ebs.<\/p>\n<hr \/>\n<h3><strong>Trajnim dhe informim p\u00ebr DVR dhe i vazhduesh\u00ebm i pun\u00ebmarr\u00ebsve\u00a0<\/strong><\/h3>\n<p>Referuar ligjit Nr. 10 237 dat\u00eb 1.02.2010, pun\u00ebdh\u00ebn\u00ebsi ka detyrimin ligjor t\u00eb informoj\u00eb dhe trajnoj\u00eb periodikisht pun\u00ebmarr\u00ebsit lidhur me rreziqet q\u00eb jan\u00eb t\u00eb pranish\u00ebm n\u00eb mjedisin dhe vendin e pun\u00ebs, agjent\u00ebt e rreziksh\u00ebm, proceset e pun\u00ebs, makinerit\u00eb e p\u00ebrdoruara gjat\u00eb proceseve etj. N\u00eb raport me t\u00eb gjth\u00eb risqet q\u00eb parashikohen, pun\u00ebmarr\u00ebsit njihen dhe me organizimin dhe masat q\u00eb duhen nd\u00ebrmarr\u00eb q\u00eb rreziku potencial t\u00eb mos c\u00ebnoj\u00eb sigurin\u00eb dhe sh\u00ebndetin e pun\u00ebmarr\u00ebsve.<\/p>\n<p>N\u00ebp\u00ebrmjet ekspert\u00ebve t\u00eb saj t\u00eb fush\u00ebs, inxhinier\u00eb, mjek\u00eb dhe jurist\u00eb, TOSHA ofron informim dhe trajnim p\u00ebr punonj\u00ebsit p\u00ebr kushte m\u00eb t\u00eb sigurta pune dhe cdo gj\u00eb q\u00eb p\u00ebrmban Ligji i Siguris\u00eb dhe Sh\u00ebndetit n\u00eb Pun\u00eb dhe VKM n\u00eb zbatim t\u00eb tij.<\/p>\n<hr \/>\n<h3><strong>Sinjalistika<\/strong><\/h3>\n<p>Referuar VKM nr. 1012 date 10.12.2012, P\u00ebr Miratimin e Rregullores &#8220;P\u00ebr sinjalistik\u00ebn n\u00eb kantier dhe n\u00eb vendin e pun\u00ebs&#8221;, pun\u00ebdh\u00ebn\u00ebsi duhet t\u00eb parashikoj\u00eb ekzistenc\u00ebn e nj\u00eb sinjalistike t\u00eb siguris\u00eb dhe sh\u00ebndetit n\u00eb kantier apo cdo vend t\u00eb pun\u00ebs, n\u00eb p\u00ebrputhje me k\u00ebt\u00eb rregullore, kur rreziku ose risku nuk mund t\u00eb shmanget a t\u00eb kufizohet n\u00eb m\u00ebnyr\u00eb te mjaftueshme me mjete teknike te mbrojtjes kolektive apo me masa, metoda dhe sisteme t\u00eb organizimit t\u00eb punes.<\/p>\n<p>Sinjalistika \u00ebsht\u00eb detyrim ligjor dhe p\u00ebr cdo subjekt apo vend pune n\u00eb sektor\u00eb t\u00eb ndrysh\u00ebm t\u00eb tregut t\u00eb pun\u00ebs.<\/p>\n<hr \/>\n<h3><strong>Pajisjet Mbrojt\u00ebse Individuale (PMI)<\/strong><\/h3>\n<p>V.K.M Nr. 563 date 03.07.2013 &#8220;P\u00ebr k\u00ebrkesat minimale t\u00eb siguris\u00eb dhe sh\u00ebndetit p\u00ebr p\u00ebrdorimin e pajisjeve mbrojt\u00ebse individuale n\u00eb vendin e pun\u00ebs&#8221; p\u00ebrcakton k\u00ebrkesat minimale t\u00eb siguris\u00eb dhe sh\u00ebndetit p\u00ebr p\u00ebrdorimin e pajisjeve mbrojt\u00ebse individuale (PMI) n\u00eb vendin e pun\u00ebs. PMI\u00a0 jan\u00eb \u00a0t\u00eb nevojshme p\u00ebr mbrojtjen e jet\u00ebs dhe sh\u00ebndetit t\u00eb pun\u00ebmarr\u00ebsve n\u00eb pun\u00eb.<\/p>\n<p>Sa m\u00eb sip\u00ebr pun\u00ebdh\u00ebn\u00ebsi ka detyrimin ligjor t\u00eb siguroj\u00eb p\u00ebr pun\u00ebmarr\u00ebsit pajisjet mbrojt\u00ebse individuale p\u00ebr mbrojtjen e jet\u00ebs dhe sh\u00ebndetit t\u00eb tyre, p\u00ebrshtatjen e tyre me profilet e pun\u00ebs. PMI duhet t\u00eb jen\u00eb t\u00eb certifikuara dhe t\u00eb ken\u00eb mark\u00ebn CE. Pun\u00ebmarr\u00ebsi ka detyrim q\u00eb ti p\u00ebrdor\u00eb me korrektes\u00eb dhe ti mir\u00ebmbaj\u00eb Pajisjet mbrojt\u00ebse individuale.<\/p>\n<hr \/>\n<h3><strong>K\u00ebshilli i Siguris\u00eb dhe Sh\u00ebndetit n\u00eb Pun\u00eb <\/strong><\/h3>\n<p>Bazuar n\u00eb Ligjin baz\u00eb t\u00eb Siguris\u00eb dhe Sh\u00ebndetit n\u00eb Pun\u00eb, nr.10237 dhe VKM nr.107 \u00ebsht\u00eb detyrim ligjor p\u00ebr\u00a0 nd\u00ebrmarrjet q\u00eb kan\u00eb mbi 50 pun\u00ebmarr\u00ebs t\u00eb ngrejn\u00eb dhe t\u00eb ken\u00eb funksionim t\u00eb vazhduesh\u00ebm t\u00eb K\u00ebshillit t\u00eb Siguris\u00eb dhe Sh\u00ebndetit n\u00eb Pun\u00eb.<\/p>\n<p>Ngritja e K\u00ebshillit t\u00eb Siguris\u00eb dhe Sh\u00ebndetit n\u00eb Pun\u00eb \u00ebsht\u00eb nj\u00eb detyrim ligjor. Ai funksionon si nj\u00eb organ kolegjal, i cili mblidhet periodikisht dhe konstaton problematika dhe ofron alternativat e zgjidhjes, sa i p\u00ebrket c\u00ebshtjeve te siguris\u00eb dhe sh\u00ebndetit n\u00eb pun\u00eb.<\/p>\n<p>Stafi i TOSHA me ekspertiz\u00ebn e saj, informon dhe konsulton n\u00eb cdo hap procedur\u00ebn p\u00ebr ngritjen dhe funksionimin real t\u00eb K\u00ebshillit t\u00eb Siguris\u00eb dhe Sh\u00ebndetit n\u00eb Pun\u00eb.<\/p>\n<hr \/>\n<h3><strong>Hartimi i Regjistrit t\u00eb Aksidenteve n\u00eb Pun\u00eb dhe S\u00ebmundjeve Profesionale <\/strong><\/h3>\n<p>Bazuar n\u00eb Lgjin e Siguris\u00eb dhe Sh\u00ebndetit n\u00eb Pun\u00eb \u00ebsht\u00eb detyrim p\u00ebr pun\u00ebdh\u00ebn\u00ebsin t\u00eb hartoj\u00eb dhe mir\u00ebmbaj\u00eb Regjistrin e Aksidenteve n\u00eb Pun\u00eb dhe t\u00eb s\u00ebmundjeve profesionale, regjistrin e mjekut dhe at\u00eb t\u00eb vizitave.<\/p>\n<p>Mospasja e tyre n\u00eb rast kontrolli nga institucionet p\u00ebrkat\u00ebse shtet\u00ebrore konsiderohet shkelje dhe ka penalitetet e caktuara nga Ligji.<\/p>\n<p>TOSHA n\u00eb ndjekjen dhe auditin e vijuesh\u00ebm t\u00eb sh\u00ebrbimit ndaj Klient\u00ebve, e ofron konsulenc\u00ebn e saj p\u00ebr hartimin dhe mir\u00ebmbajtjen e k\u00ebtyre regjistrave.<\/p>\n<hr \/>\n<h3><strong>Dh\u00ebnia e Ndihm\u00ebs s\u00eb Par\u00eb<\/strong><\/h3>\n<p>Sipas Ligjit t\u00eb Siguris\u00eb dhe Sh\u00ebndetit n\u00eb Pun\u00eb, nr 10237, n\u00eb cdo nd\u00ebrmarrje duhet t\u00eb ket\u00eb persona t\u00eb certifikuar p\u00ebr dh\u00ebnien dhe ofrimin e ndihm\u00ebs s\u00eb par\u00eb, n\u00eb rast t\u00eb ndonj\u00eb emergjence. Numri i personave t\u00eb certifikuar b\u00ebhet sipas nj\u00eb p\u00ebrllogaritjeve me numrin e p\u00ebrgjithsh\u00ebm t\u00eb pun\u00ebmarr\u00ebsve, turnet e pun\u00ebs dhe hap\u00ebsirave t\u00eb mjediseve t\u00eb pun\u00ebs.<\/p>\n<hr \/>\n<h3><strong>Monitorim i vijuesh\u00ebm<\/strong><\/h3>\n<p>Stafi i TOSHA ka gjithnj\u00eb n\u00eb monitorim t\u00eb vazhduesh\u00ebm nd\u00ebrmarrjet partnere t\u00eb saj. Ky monitorim konsiston p\u00ebr zbatimin e rregullave t\u00eb siguris\u00eb n\u00eb pun\u00eb, p\u00ebrdorimin e pajisjeve mbrojt\u00ebse individuale p\u00ebr cdo pun\u00ebmarr\u00ebs t\u00eb klientit si dhe t\u00eb n\u00ebnkontraktor\u00ebve t\u00eb tij, b\u00ebn vizitat periodike t\u00eb mjekut, etj. Gjithashtu pjes\u00eb e r\u00ebnd\u00ebsishme e monitorimit jan\u00eb edhe trajnimi dhe informimi i punonj\u00ebsve q\u00eb fillojn\u00eb rishtas, hapja e kartel\u00ebs mjek\u00ebsore dhe njohja me Dokumentin e Vler\u00ebsimit t\u00eb riskut n\u00eb m\u00ebnyr\u00eb t\u00eb detajuar dhe konkrete.<\/p>\n\n\t\t<\/div>\n\t<\/div>\n<\/div><\/div><\/div><\/div>\n<\/div>","protected":false},"excerpt":{"rendered":"Sistemi Siguris\u00eb &nbsp; Hartimi dhe p\u00ebrpilimi i Dokumentit t\u00eb Vler\u00ebsimit t\u00eb Riskut dhe informimi i punonj\u00ebsve p\u00ebr t\u00eb Ligji Nr. 10 237, dt 18.02.2010 \"P\u00ebr sigurin\u00eb dhe sh\u00ebndetin n\u00eb Pun\u00eb\", konkretisht n\u00eb nenet 6, 9, 10, 12, 13, 14 k\u00ebrkon si detyrim par\u00ebsor t\u00eb pun\u00ebdh\u00ebn\u00ebsit hartimin e Dokumentit t\u00eb Vler\u00ebsimit t\u00eb Riskut (DVR).\u00a0N\u00eb k\u00ebt\u00eb dokument [...]","protected":false},"author":2,"featured_media":0,"parent":9,"menu_order":0,"comment_status":"closed","ping_status":"closed","template":"","meta":{"nf_dc_page":"","_monsterinsights_skip_tracking":false,"_monsterinsights_sitenote_active":false,"_monsterinsights_sitenote_note":"","_monsterinsights_sitenote_category":0,"footnotes":""},"class_list":["post-316","page","type-page","status-publish","hentry","no-post-thumbnail"],"yoast_head":"<!-- This site is optimized with the Yoast SEO plugin v27.5 - https:\/\/yoast.com\/product\/yoast-seo-wordpress\/ -->\n<title>Sistemi Siguris\u00eb - TOSHA<\/title>\n<meta name=\"description\" content=\"TOSHA ofron sh\u00ebrbime t\u00eb plota p\u00ebr sistemin e siguris\u00eb n\u00eb pun\u00eb, duke p\u00ebrfshir\u00eb hartimin e Dokumentit t\u00eb Vler\u00ebsimit t\u00eb Riskut (DVR), trajnimin e punonj\u00ebsve, sinjalistik\u00ebn, Pajisjet Mbrojt\u00ebse Individuale (PMI), ngritjen e K\u00ebshillit t\u00eb Siguris\u00eb, hartimin e regjistrave t\u00eb aksidenteve dhe s\u00ebmundjeve profesionale, dh\u00ebnien e ndihm\u00ebs s\u00eb par\u00eb dhe monitorimin e vazhduesh\u00ebm. Sigurohuni q\u00eb biznesi juaj t\u00eb jet\u00eb n\u00eb p\u00ebrputhje me ligjin dhe t\u00eb krijoj\u00eb nj\u00eb mjedis t\u00eb sigurt p\u00ebr punonj\u00ebsit.\" \/>\n<meta name=\"robots\" content=\"index, follow, max-snippet:-1, max-image-preview:large, max-video-preview:-1\" \/>\n<link rel=\"canonical\" href=\"https:\/\/toshalbania.com\/en\/sherbimet\/sistemi-sigurise\/\" \/>\n<meta property=\"og:locale\" content=\"en_US\" \/>\n<meta property=\"og:type\" content=\"article\" \/>\n<meta property=\"og:title\" content=\"Sistemi Siguris\u00eb - TOSHA\" \/>\n<meta property=\"og:description\" content=\"TOSHA ofron sh\u00ebrbime t\u00eb plota p\u00ebr sistemin e siguris\u00eb n\u00eb pun\u00eb, duke p\u00ebrfshir\u00eb hartimin e Dokumentit t\u00eb Vler\u00ebsimit t\u00eb Riskut (DVR), trajnimin e punonj\u00ebsve, sinjalistik\u00ebn, Pajisjet Mbrojt\u00ebse Individuale (PMI), ngritjen e K\u00ebshillit t\u00eb Siguris\u00eb, hartimin e regjistrave t\u00eb aksidenteve dhe s\u00ebmundjeve profesionale, dh\u00ebnien e ndihm\u00ebs s\u00eb par\u00eb dhe monitorimin e vazhduesh\u00ebm. Sigurohuni q\u00eb biznesi juaj t\u00eb jet\u00eb n\u00eb p\u00ebrputhje me ligjin dhe t\u00eb krijoj\u00eb nj\u00eb mjedis t\u00eb sigurt p\u00ebr punonj\u00ebsit.\" \/>\n<meta property=\"og:url\" content=\"https:\/\/toshalbania.com\/en\/sherbimet\/sistemi-sigurise\/\" \/>\n<meta property=\"og:site_name\" content=\"TOSHA\" \/>\n<meta property=\"article:publisher\" content=\"https:\/\/www.facebook.com\/toshalbania\/\" \/>\n<meta property=\"article:modified_time\" content=\"2025-06-03T18:09:15+00:00\" \/>\n<meta name=\"twitter:card\" content=\"summary_large_image\" \/>\n<meta name=\"twitter:label1\" content=\"Est. reading time\" \/>\n\t<meta name=\"twitter:data1\" content=\"5 minutes\" \/>\n<script type=\"application\/ld+json\" class=\"yoast-schema-graph\">{\"@context\":\"https:\\\/\\\/schema.org\",\"@graph\":[{\"@type\":\"WebPage\",\"@id\":\"https:\\\/\\\/toshalbania.com\\\/sherbimet\\\/sistemi-sigurise\\\/\",\"url\":\"https:\\\/\\\/toshalbania.com\\\/sherbimet\\\/sistemi-sigurise\\\/\",\"name\":\"Sistemi Siguris\u00eb - TOSHA\",\"isPartOf\":{\"@id\":\"https:\\\/\\\/toshalbania.com\\\/#website\"},\"datePublished\":\"2016-05-05T07:19:19+00:00\",\"dateModified\":\"2025-06-03T18:09:15+00:00\",\"description\":\"TOSHA ofron sh\u00ebrbime t\u00eb plota p\u00ebr sistemin e siguris\u00eb n\u00eb pun\u00eb, duke p\u00ebrfshir\u00eb hartimin e Dokumentit t\u00eb Vler\u00ebsimit t\u00eb Riskut (DVR), trajnimin e punonj\u00ebsve, sinjalistik\u00ebn, Pajisjet Mbrojt\u00ebse Individuale (PMI), ngritjen e K\u00ebshillit t\u00eb Siguris\u00eb, hartimin e regjistrave t\u00eb aksidenteve dhe s\u00ebmundjeve profesionale, dh\u00ebnien e ndihm\u00ebs s\u00eb par\u00eb dhe monitorimin e vazhduesh\u00ebm. Sigurohuni q\u00eb biznesi juaj t\u00eb jet\u00eb n\u00eb p\u00ebrputhje me ligjin dhe t\u00eb krijoj\u00eb nj\u00eb mjedis t\u00eb sigurt p\u00ebr punonj\u00ebsit.\",\"breadcrumb\":{\"@id\":\"https:\\\/\\\/toshalbania.com\\\/sherbimet\\\/sistemi-sigurise\\\/#breadcrumb\"},\"inLanguage\":\"en-US\",\"potentialAction\":[{\"@type\":\"ReadAction\",\"target\":[\"https:\\\/\\\/toshalbania.com\\\/sherbimet\\\/sistemi-sigurise\\\/\"]}]},{\"@type\":\"BreadcrumbList\",\"@id\":\"https:\\\/\\\/toshalbania.com\\\/sherbimet\\\/sistemi-sigurise\\\/#breadcrumb\",\"itemListElement\":[{\"@type\":\"ListItem\",\"position\":1,\"name\":\"Home\",\"item\":\"https:\\\/\\\/toshalbania.com\\\/\"},{\"@type\":\"ListItem\",\"position\":2,\"name\":\"Sh\u00ebrbimet\",\"item\":\"https:\\\/\\\/toshalbania.com\\\/sherbimet\\\/\"},{\"@type\":\"ListItem\",\"position\":3,\"name\":\"Sistemi Siguris\u00eb\"}]},{\"@type\":\"WebSite\",\"@id\":\"https:\\\/\\\/toshalbania.com\\\/#website\",\"url\":\"https:\\\/\\\/toshalbania.com\\\/\",\"name\":\"Top Occupational Safety and Health Albania\",\"description\":\"Top Occupational Safety and Health Albania\",\"publisher\":{\"@id\":\"https:\\\/\\\/toshalbania.com\\\/#organization\"},\"alternateName\":\"TOSHA\",\"potentialAction\":[{\"@type\":\"SearchAction\",\"target\":{\"@type\":\"EntryPoint\",\"urlTemplate\":\"https:\\\/\\\/toshalbania.com\\\/?s={search_term_string}\"},\"query-input\":{\"@type\":\"PropertyValueSpecification\",\"valueRequired\":true,\"valueName\":\"search_term_string\"}}],\"inLanguage\":\"en-US\"},{\"@type\":\"Organization\",\"@id\":\"https:\\\/\\\/toshalbania.com\\\/#organization\",\"name\":\"TOSHA\",\"alternateName\":\"Top Occupational Safety and Health Albania\",\"url\":\"https:\\\/\\\/toshalbania.com\\\/\",\"logo\":{\"@type\":\"ImageObject\",\"inLanguage\":\"en-US\",\"@id\":\"https:\\\/\\\/toshalbania.com\\\/#\\\/schema\\\/logo\\\/image\\\/\",\"url\":\"https:\\\/\\\/toshalbania.com\\\/wp-content\\\/uploads\\\/2025\\\/04\\\/tosha-blue-01.png\",\"contentUrl\":\"https:\\\/\\\/toshalbania.com\\\/wp-content\\\/uploads\\\/2025\\\/04\\\/tosha-blue-01.png\",\"width\":513,\"height\":125,\"caption\":\"TOSHA\"},\"image\":{\"@id\":\"https:\\\/\\\/toshalbania.com\\\/#\\\/schema\\\/logo\\\/image\\\/\"},\"sameAs\":[\"https:\\\/\\\/www.facebook.com\\\/toshalbania\\\/\",\"https:\\\/\\\/www.instagram.com\\\/toshalbania\\\/\"]}]}<\/script>\n<!-- \/ Yoast SEO plugin. -->","yoast_head_json":{"title":"Sistemi Siguris\u00eb - TOSHA","description":"TOSHA ofron sh\u00ebrbime t\u00eb plota p\u00ebr sistemin e siguris\u00eb n\u00eb pun\u00eb, duke p\u00ebrfshir\u00eb hartimin e Dokumentit t\u00eb Vler\u00ebsimit t\u00eb Riskut (DVR), trajnimin e punonj\u00ebsve, sinjalistik\u00ebn, Pajisjet Mbrojt\u00ebse Individuale (PMI), ngritjen e K\u00ebshillit t\u00eb Siguris\u00eb, hartimin e regjistrave t\u00eb aksidenteve dhe s\u00ebmundjeve profesionale, dh\u00ebnien e ndihm\u00ebs s\u00eb par\u00eb dhe monitorimin e vazhduesh\u00ebm. Sigurohuni q\u00eb biznesi juaj t\u00eb jet\u00eb n\u00eb p\u00ebrputhje me ligjin dhe t\u00eb krijoj\u00eb nj\u00eb mjedis t\u00eb sigurt p\u00ebr punonj\u00ebsit.","robots":{"index":"index","follow":"follow","max-snippet":"max-snippet:-1","max-image-preview":"max-image-preview:large","max-video-preview":"max-video-preview:-1"},"canonical":"https:\/\/toshalbania.com\/en\/sherbimet\/sistemi-sigurise\/","og_locale":"en_US","og_type":"article","og_title":"Sistemi Siguris\u00eb - TOSHA","og_description":"TOSHA ofron sh\u00ebrbime t\u00eb plota p\u00ebr sistemin e siguris\u00eb n\u00eb pun\u00eb, duke p\u00ebrfshir\u00eb hartimin e Dokumentit t\u00eb Vler\u00ebsimit t\u00eb Riskut (DVR), trajnimin e punonj\u00ebsve, sinjalistik\u00ebn, Pajisjet Mbrojt\u00ebse Individuale (PMI), ngritjen e K\u00ebshillit t\u00eb Siguris\u00eb, hartimin e regjistrave t\u00eb aksidenteve dhe s\u00ebmundjeve profesionale, dh\u00ebnien e ndihm\u00ebs s\u00eb par\u00eb dhe monitorimin e vazhduesh\u00ebm. Sigurohuni q\u00eb biznesi juaj t\u00eb jet\u00eb n\u00eb p\u00ebrputhje me ligjin dhe t\u00eb krijoj\u00eb nj\u00eb mjedis t\u00eb sigurt p\u00ebr punonj\u00ebsit.","og_url":"https:\/\/toshalbania.com\/en\/sherbimet\/sistemi-sigurise\/","og_site_name":"TOSHA","article_publisher":"https:\/\/www.facebook.com\/toshalbania\/","article_modified_time":"2025-06-03T18:09:15+00:00","twitter_card":"summary_large_image","twitter_misc":{"Est. reading time":"5 minutes"},"schema":{"@context":"https:\/\/schema.org","@graph":[{"@type":"WebPage","@id":"https:\/\/toshalbania.com\/sherbimet\/sistemi-sigurise\/","url":"https:\/\/toshalbania.com\/sherbimet\/sistemi-sigurise\/","name":"Sistemi Siguris\u00eb - TOSHA","isPartOf":{"@id":"https:\/\/toshalbania.com\/#website"},"datePublished":"2016-05-05T07:19:19+00:00","dateModified":"2025-06-03T18:09:15+00:00","description":"TOSHA ofron sh\u00ebrbime t\u00eb plota p\u00ebr sistemin e siguris\u00eb n\u00eb pun\u00eb, duke p\u00ebrfshir\u00eb hartimin e Dokumentit t\u00eb Vler\u00ebsimit t\u00eb Riskut (DVR), trajnimin e punonj\u00ebsve, sinjalistik\u00ebn, Pajisjet Mbrojt\u00ebse Individuale (PMI), ngritjen e K\u00ebshillit t\u00eb Siguris\u00eb, hartimin e regjistrave t\u00eb aksidenteve dhe s\u00ebmundjeve profesionale, dh\u00ebnien e ndihm\u00ebs s\u00eb par\u00eb dhe monitorimin e vazhduesh\u00ebm. Sigurohuni q\u00eb biznesi juaj t\u00eb jet\u00eb n\u00eb p\u00ebrputhje me ligjin dhe t\u00eb krijoj\u00eb nj\u00eb mjedis t\u00eb sigurt p\u00ebr punonj\u00ebsit.","breadcrumb":{"@id":"https:\/\/toshalbania.com\/sherbimet\/sistemi-sigurise\/#breadcrumb"},"inLanguage":"en-US","potentialAction":[{"@type":"ReadAction","target":["https:\/\/toshalbania.com\/sherbimet\/sistemi-sigurise\/"]}]},{"@type":"BreadcrumbList","@id":"https:\/\/toshalbania.com\/sherbimet\/sistemi-sigurise\/#breadcrumb","itemListElement":[{"@type":"ListItem","position":1,"name":"Home","item":"https:\/\/toshalbania.com\/"},{"@type":"ListItem","position":2,"name":"Sh\u00ebrbimet","item":"https:\/\/toshalbania.com\/sherbimet\/"},{"@type":"ListItem","position":3,"name":"Sistemi Siguris\u00eb"}]},{"@type":"WebSite","@id":"https:\/\/toshalbania.com\/#website","url":"https:\/\/toshalbania.com\/","name":"Top Occupational Safety and Health Albania","description":"Top Occupational Safety and Health Albania","publisher":{"@id":"https:\/\/toshalbania.com\/#organization"},"alternateName":"TOSHA","potentialAction":[{"@type":"SearchAction","target":{"@type":"EntryPoint","urlTemplate":"https:\/\/toshalbania.com\/?s={search_term_string}"},"query-input":{"@type":"PropertyValueSpecification","valueRequired":true,"valueName":"search_term_string"}}],"inLanguage":"en-US"},{"@type":"Organization","@id":"https:\/\/toshalbania.com\/#organization","name":"TOSHA","alternateName":"Top Occupational Safety and Health Albania","url":"https:\/\/toshalbania.com\/","logo":{"@type":"ImageObject","inLanguage":"en-US","@id":"https:\/\/toshalbania.com\/#\/schema\/logo\/image\/","url":"https:\/\/toshalbania.com\/wp-content\/uploads\/2025\/04\/tosha-blue-01.png","contentUrl":"https:\/\/toshalbania.com\/wp-content\/uploads\/2025\/04\/tosha-blue-01.png","width":513,"height":125,"caption":"TOSHA"},"image":{"@id":"https:\/\/toshalbania.com\/#\/schema\/logo\/image\/"},"sameAs":["https:\/\/www.facebook.com\/toshalbania\/","https:\/\/www.instagram.com\/toshalbania\/"]}]}},"_links":{"self":[{"href":"https:\/\/toshalbania.com\/en\/wp-json\/wp\/v2\/pages\/316","targetHints":{"allow":["GET"]}}],"collection":[{"href":"https:\/\/toshalbania.com\/en\/wp-json\/wp\/v2\/pages"}],"about":[{"href":"https:\/\/toshalbania.com\/en\/wp-json\/wp\/v2\/types\/page"}],"author":[{"embeddable":true,"href":"https:\/\/toshalbania.com\/en\/wp-json\/wp\/v2\/users\/2"}],"replies":[{"embeddable":true,"href":"https:\/\/toshalbania.com\/en\/wp-json\/wp\/v2\/comments?post=316"}],"version-history":[{"count":11,"href":"https:\/\/toshalbania.com\/en\/wp-json\/wp\/v2\/pages\/316\/revisions"}],"predecessor-version":[{"id":844,"href":"https:\/\/toshalbania.com\/en\/wp-json\/wp\/v2\/pages\/316\/revisions\/844"}],"up":[{"embeddable":true,"href":"https:\/\/toshalbania.com\/en\/wp-json\/wp\/v2\/pages\/9"}],"wp:attachment":[{"href":"https:\/\/toshalbania.com\/en\/wp-json\/wp\/v2\/media?parent=316"}],"curies":[{"name":"wp","href":"https:\/\/api.w.org\/{rel}","templated":true}]}}