{"id":11,"date":"2016-04-12T10:03:33","date_gmt":"2016-04-12T10:03:33","guid":{"rendered":"https:\/\/toshalbania.com\/?page_id=11"},"modified":"2025-06-05T16:17:06","modified_gmt":"2025-06-05T16:17:06","slug":"veprimtarite","status":"publish","type":"page","link":"https:\/\/toshalbania.com\/en\/veprimtarite\/","title":{"rendered":"Operations"},"content":{"rendered":"<div class=\"wpb-content-wrapper\"><div class=\"vc_row wpb_row vc_row-fluid\"><div class=\"wpb_column vc_column_container vc_col-sm-12\"><div class=\"vc_column-inner\"><div class=\"wpb_wrapper\"><div class=\"vc_row wpb_row vc_inner vc_row-fluid\"><div class=\"wpb_column vc_column_container vc_col-sm-2\"><div class=\"vc_column-inner\"><div class=\"wpb_wrapper\"><\/div><\/div><\/div><div class=\"wpb_column vc_column_container vc_col-sm-8\"><div class=\"vc_column-inner\"><div class=\"wpb_wrapper\">\n\t<div class=\"wpb_text_column wpb_content_element\" >\n\t\t<div class=\"wpb_wrapper\">\n\t\t\t<h3 class=\"no-margin-top\" style=\"text-align: center;\">VEPRIMTARIT<b>\u00cb<\/b><\/h3>\n\n\t\t<\/div>\n\t<\/div>\n<\/div><\/div><\/div><div class=\"wpb_column vc_column_container vc_col-sm-2\"><div class=\"vc_column-inner\"><div class=\"wpb_wrapper\"><\/div><\/div><\/div><\/div><div class=\"vc_empty_space\"   style=\"height: 40px\"><span class=\"vc_empty_space_inner\"><\/span><\/div><div class=\"vc_row wpb_row vc_inner vc_row-fluid\"><div class=\"wpb_column vc_column_container vc_col-sm-6\"><div class=\"vc_column-inner\"><div class=\"wpb_wrapper\">\n\t<div class=\"wpb_text_column wpb_content_element\" >\n\t\t<div class=\"wpb_wrapper\">\n\t\t\t<p class=\"ds-markdown-paragraph\">.<\/p>\n\n\t\t<\/div>\n\t<\/div>\n\n<div class=\"vc_grid-container-wrapper vc_clearfix vc_grid-animation-fadeIn\">\n\t<div class=\"vc_grid-container vc_clearfix wpb_content_element vc_media_grid\" data-initial-loading-animation=\"fadeIn\" data-vc-grid-settings=\"{&quot;page_id&quot;:11,&quot;style&quot;:&quot;all&quot;,&quot;action&quot;:&quot;vc_get_vc_grid_data&quot;,&quot;shortcode_id&quot;:&quot;1749139923315-e84eb9dc9cb23131952d0f6f8778bde9-8&quot;,&quot;tag&quot;:&quot;vc_media_grid&quot;}\" data-vc-request=\"https:\/\/toshalbania.com\/wp-admin\/admin-ajax.php\" data-vc-post-id=\"11\" data-vc-public-nonce=\"bc7e923c19\">\n\t\t\n\t<\/div>\n<\/div><\/div><\/div><\/div><div class=\"wpb_column vc_column_container vc_col-sm-6\"><div class=\"vc_column-inner\"><div class=\"wpb_wrapper\">\n\t<div class=\"wpb_text_column wpb_content_element\" >\n\t\t<div class=\"wpb_wrapper\">\n\t\t\t<p class=\"ds-markdown-paragraph\">.<\/p>\n\n\t\t<\/div>\n\t<\/div>\n\n<div class=\"vc_grid-container-wrapper vc_clearfix vc_grid-animation-fadeIn\">\n\t<div class=\"vc_grid-container vc_clearfix wpb_content_element vc_media_grid\" data-initial-loading-animation=\"fadeIn\" data-vc-grid-settings=\"{&quot;page_id&quot;:11,&quot;style&quot;:&quot;all&quot;,&quot;action&quot;:&quot;vc_get_vc_grid_data&quot;,&quot;shortcode_id&quot;:&quot;1749140151379-c0f51ac5-b71d-9&quot;,&quot;tag&quot;:&quot;vc_media_grid&quot;}\" data-vc-request=\"https:\/\/toshalbania.com\/wp-admin\/admin-ajax.php\" data-vc-post-id=\"11\" data-vc-public-nonce=\"bc7e923c19\">\n\t\t\n\t<\/div>\n<\/div><\/div><\/div><\/div><\/div><div class=\"vc_empty_space\"   style=\"height: 60px\"><span class=\"vc_empty_space_inner\"><\/span><\/div><\/div><\/div><\/div><\/div><div data-vc-full-width=\"true\" data-vc-full-width-init=\"false\" class=\"vc_row wpb_row vc_row-fluid vc_custom_1462441398365 vc_row-has-fill\"><div class=\"wpb_column vc_column_container vc_col-sm-12\"><div class=\"vc_column-inner\"><div class=\"wpb_wrapper\"><div class=\"vc_row wpb_row vc_inner vc_row-fluid\"><div class=\"wpb_column vc_column_container vc_col-sm-4\"><div class=\"vc_column-inner\"><div class=\"wpb_wrapper\"><div class=\"iconbox\">\n\t<div class=\"box-header\">\n\t\t<div class=\"box-icon\"><i class=\"fa fa-regular fa-lightbulb\"><\/i><\/div>\n\t\t<h4 class=\"box-title\">Energy<\/h4>\n\t<\/div>\n\t<div class=\"box-content\">\n\t\t\n\t\t\n\t\t<p class=\"box-readmore\">\n\t\t\t<a href=\"https:\/\/toshalbania.com\/en\/veprimtarite\/energjitike\/\">Learn More<\/a>\n\t\t<\/p>\n\t<\/div>\n<\/div><div class=\"vc_empty_space\"   style=\"height: 30px\"><span class=\"vc_empty_space_inner\"><\/span><\/div><div class=\"iconbox\">\n\t<div class=\"box-header\">\n\t\t<div class=\"box-icon\"><i class=\"fa fa-solid fa-chart-line\"><\/i><\/div>\n\t\t<h4 class=\"box-title\">Production<\/h4>\n\t<\/div>\n\t<div class=\"box-content\">\n\t\t\n\t\t\n\t\t<p class=\"box-readmore\">\n\t\t\t<a href=\"https:\/\/toshalbania.com\/en\/veprimtarite\/prodhim\/\">Learn More<\/a>\n\t\t<\/p>\n\t<\/div>\n<\/div><div class=\"vc_empty_space\"   style=\"height: 30px\"><span class=\"vc_empty_space_inner\"><\/span><\/div><\/div><\/div><\/div><div class=\"wpb_column vc_column_container vc_col-sm-4\"><div class=\"vc_column-inner\"><div class=\"wpb_wrapper\"><div class=\"iconbox\">\n\t<div class=\"box-header\">\n\t\t<div class=\"box-icon\"><i class=\"fa fa-solid fa-person-digging\"><\/i><\/div>\n\t\t<h4 class=\"box-title\">Construction<\/h4>\n\t<\/div>\n\t<div class=\"box-content\">\n\t\t\n\t\t\n\t\t<p class=\"box-readmore\">\n\t\t\t<a href=\"https:\/\/toshalbania.com\/en\/veprimtarite\/ndertim\/\">Learn More<\/a>\n\t\t<\/p>\n\t<\/div>\n<\/div><div class=\"vc_empty_space\"   style=\"height: 30px\"><span class=\"vc_empty_space_inner\"><\/span><\/div><div class=\"iconbox\">\n\t<div class=\"box-header\">\n\t\t<div class=\"box-icon\"><i class=\"fa fa-solid fa-cart-shopping\"><\/i><\/div>\n\t\t<h4 class=\"box-title\">Trade<\/h4>\n\t<\/div>\n\t<div class=\"box-content\">\n\t\t\n\t\t\n\t\t<p class=\"box-readmore\">\n\t\t\t<a href=\"https:\/\/toshalbania.com\/en\/veprimtarite\/tregti\/\">Learn More<\/a>\n\t\t<\/p>\n\t<\/div>\n<\/div><div class=\"vc_empty_space\"   style=\"height: 30px\"><span class=\"vc_empty_space_inner\"><\/span><\/div><\/div><\/div><\/div><div class=\"wpb_column vc_column_container vc_col-sm-4\"><div class=\"vc_column-inner\"><div class=\"wpb_wrapper\"><div class=\"iconbox\">\n\t<div class=\"box-header\">\n\t\t<div class=\"box-icon\"><i class=\"fa fa-solid fa-scissors\"><\/i><\/div>\n\t\t<h4 class=\"box-title\">Manufacturing\/\nOutsourcing<\/h4>\n\t<\/div>\n\t<div class=\"box-content\">\n\t\t\n\t\t\n\t\t<p class=\"box-readmore\">\n\t\t\t<a href=\"https:\/\/toshalbania.com\/en\/veprimtarite\/fasoneri\/\">Learn More<\/a>\n\t\t<\/p>\n\t<\/div>\n<\/div><div class=\"vc_empty_space\"   style=\"height: 30px\"><span class=\"vc_empty_space_inner\"><\/span><\/div><div class=\"iconbox\">\n\t<div class=\"box-header\">\n\t\t<div class=\"box-icon\"><i class=\"fa fa-solid fa-headset\"><\/i><\/div>\n\t\t<h4 class=\"box-title\">Customer Service<\/h4>\n\t<\/div>\n\t<div class=\"box-content\">\n\t\t\n\t\t\n\t\t<p class=\"box-readmore\">\n\t\t\t<a href=\"https:\/\/toshalbania.com\/en\/veprimtarite\/sherbim-klienti\/\">Learn More<\/a>\n\t\t<\/p>\n\t<\/div>\n<\/div><div class=\"vc_empty_space\"   style=\"height: 30px\"><span class=\"vc_empty_space_inner\"><\/span><\/div><\/div><\/div><\/div><\/div><div class=\"vc_row wpb_row vc_inner vc_row-fluid\"><div class=\"wpb_column vc_column_container vc_col-sm-4\"><div class=\"vc_column-inner\"><div class=\"wpb_wrapper\"><div class=\"iconbox\">\n\t<div class=\"box-header\">\n\t\t<div class=\"box-icon\"><i class=\"fa fa-solid fa-dollar-sign\"><\/i><\/div>\n\t\t<h4 class=\"box-title\">Financial Institutions<\/h4>\n\t<\/div>\n\t<div class=\"box-content\">\n\t\t\n\t\t\n\t\t<p class=\"box-readmore\">\n\t\t\t<a href=\"https:\/\/toshalbania.com\/en\/veprimtarite\/institucione-financiare\/\">Learn More<\/a>\n\t\t<\/p>\n\t<\/div>\n<\/div><div class=\"vc_empty_space\"   style=\"height: 30px\"><span class=\"vc_empty_space_inner\"><\/span><\/div><div class=\"vc_empty_space\"   style=\"height: 30px\"><span class=\"vc_empty_space_inner\"><\/span><\/div><\/div><\/div><\/div><div class=\"wpb_column vc_column_container vc_col-sm-4\"><div class=\"vc_column-inner\"><div class=\"wpb_wrapper\"><div class=\"iconbox\">\n\t<div class=\"box-header\">\n\t\t<div class=\"box-icon\"><i class=\"fa fa-solid fa-bus\"><\/i><\/div>\n\t\t<h4 class=\"box-title\">Automotive Industry<\/h4>\n\t<\/div>\n\t<div class=\"box-content\">\n\t\t\n\t\t\n\t\t<p class=\"box-readmore\">\n\t\t\t<a href=\"https:\/\/toshalbania.com\/en\/veprimtarite\/industria-automative\/\">Learn More<\/a>\n\t\t<\/p>\n\t<\/div>\n<\/div><div class=\"vc_empty_space\"   style=\"height: 30px\"><span class=\"vc_empty_space_inner\"><\/span><\/div><div class=\"vc_empty_space\"   style=\"height: 30px\"><span class=\"vc_empty_space_inner\"><\/span><\/div><\/div><\/div><\/div><div class=\"wpb_column vc_column_container vc_col-sm-4\"><div class=\"vc_column-inner\"><div class=\"wpb_wrapper\"><div class=\"iconbox\">\n\t<div class=\"box-header\">\n\t\t<div class=\"box-icon\"><i class=\"fa fa-solid fa-recycle\"><\/i><\/div>\n\t\t<h4 class=\"box-title\">Recycling Industry<\/h4>\n\t<\/div>\n\t<div class=\"box-content\">\n\t\t\n\t\t\n\t\t<p class=\"box-readmore\">\n\t\t\t<a href=\"https:\/\/toshalbania.com\/en\/veprimtarite\/industria-ricikluese\/\">Learn More<\/a>\n\t\t<\/p>\n\t<\/div>\n<\/div><div class=\"vc_empty_space\"   style=\"height: 30px\"><span class=\"vc_empty_space_inner\"><\/span><\/div><div class=\"vc_empty_space\"   style=\"height: 30px\"><span class=\"vc_empty_space_inner\"><\/span><\/div><\/div><\/div><\/div><\/div><\/div><\/div><\/div><\/div><div class=\"vc_row-full-width vc_clearfix\"><\/div><div class=\"vc_row wpb_row vc_row-fluid vc_custom_1462499922050\"><div class=\"wpb_column vc_column_container vc_col-sm-12\"><div class=\"vc_column-inner\"><div class=\"wpb_wrapper\">\n\t<div class=\"wpb_text_column wpb_content_element\" >\n\t\t<div class=\"wpb_wrapper\">\n\t\t\t<h2 style=\"margin: 0px 0px 10px; text-align: center;\">Stay Safe and Healthy at Work!<\/h2>\n<h4 class=\"no-margin-top\" style=\"text-align: center;\">Kontaktoni TOSHA sot n<b>.<\/b> <a class=\"scheme2\" href=\"tel:+355 67 600 6696\">+355 67 600 6696<\/a><\/h4>\n\n\t\t<\/div>\n\t<\/div>\n<div class=\"vc_empty_space\"   style=\"height: 30px\"><span class=\"vc_empty_space_inner\"><\/span><\/div>\n\t<div class=\"wpb_text_column wpb_content_element\" >\n\t\t<div class=\"wpb_wrapper\">\n\t\t\t<p style=\"text-align: center;\"><a class=\"button lg\" href=\"https:\/\/toshalbania.com\/en\/contact\/\">Na Kontaktoni<\/a><\/p>\n\n\t\t<\/div>\n\t<\/div>\n<\/div><\/div><\/div><\/div>\n<\/div>","protected":false},"excerpt":{"rendered":"VEPRIMTARIT\u00cb . . Energjitike M\u00ebsoni m\u00eb shum\u00eb Prodhim M\u00ebsoni m\u00eb shum\u00eb Nd\u00ebrtim M\u00ebsoni m\u00eb shum\u00eb Tregti M\u00ebsoni m\u00eb shum\u00eb Fasoneri M\u00ebsoni m\u00eb shum\u00eb Sh\u00ebrbim Klienti M\u00ebsoni m\u00eb shum\u00eb Institucione Financiare M\u00ebsoni m\u00eb shum\u00eb Industria Automative M\u00ebsoni m\u00eb shum\u00eb Industria Ricikluese M\u00ebsoni m\u00eb shum\u00eb Q\u00ebndroni t\u00eb Sigurt dhe t\u00eb Sh\u00ebndetsh\u00ebm n\u00eb Pun\u00eb! Kontaktoni TOSHA sot n\u00eb [...]","protected":false},"author":2,"featured_media":0,"parent":0,"menu_order":0,"comment_status":"closed","ping_status":"closed","template":"","meta":{"nf_dc_page":"","_monsterinsights_skip_tracking":false,"_monsterinsights_sitenote_active":false,"_monsterinsights_sitenote_note":"","_monsterinsights_sitenote_category":0,"footnotes":""},"class_list":["post-11","page","type-page","status-publish","hentry","no-post-thumbnail"],"yoast_head":"<!-- This site is optimized with the Yoast SEO plugin v27.5 - https:\/\/yoast.com\/product\/yoast-seo-wordpress\/ -->\n<title>Veprimtarit\u00eb - TOSHA<\/title>\n<meta name=\"robots\" content=\"index, follow, max-snippet:-1, max-image-preview:large, max-video-preview:-1\" \/>\n<link rel=\"canonical\" href=\"https:\/\/toshalbania.com\/en\/veprimtarite\/\" \/>\n<meta property=\"og:locale\" content=\"en_US\" \/>\n<meta property=\"og:type\" content=\"article\" \/>\n<meta property=\"og:title\" content=\"Veprimtarit\u00eb - TOSHA\" \/>\n<meta property=\"og:url\" content=\"https:\/\/toshalbania.com\/en\/veprimtarite\/\" \/>\n<meta property=\"og:site_name\" content=\"TOSHA\" \/>\n<meta property=\"article:publisher\" content=\"https:\/\/www.facebook.com\/toshalbania\/\" \/>\n<meta property=\"article:modified_time\" content=\"2025-06-05T16:17:06+00:00\" \/>\n<meta name=\"twitter:card\" content=\"summary_large_image\" \/>\n<meta name=\"twitter:label1\" content=\"Est. reading time\" \/>\n\t<meta name=\"twitter:data1\" content=\"2 minutes\" \/>\n<script type=\"application\/ld+json\" class=\"yoast-schema-graph\">{\"@context\":\"https:\\\/\\\/schema.org\",\"@graph\":[{\"@type\":\"WebPage\",\"@id\":\"https:\\\/\\\/toshalbania.com\\\/veprimtarite\\\/\",\"url\":\"https:\\\/\\\/toshalbania.com\\\/veprimtarite\\\/\",\"name\":\"Veprimtarit\u00eb - TOSHA\",\"isPartOf\":{\"@id\":\"https:\\\/\\\/toshalbania.com\\\/#website\"},\"datePublished\":\"2016-04-12T10:03:33+00:00\",\"dateModified\":\"2025-06-05T16:17:06+00:00\",\"breadcrumb\":{\"@id\":\"https:\\\/\\\/toshalbania.com\\\/veprimtarite\\\/#breadcrumb\"},\"inLanguage\":\"en-US\",\"potentialAction\":[{\"@type\":\"ReadAction\",\"target\":[\"https:\\\/\\\/toshalbania.com\\\/veprimtarite\\\/\"]}]},{\"@type\":\"BreadcrumbList\",\"@id\":\"https:\\\/\\\/toshalbania.com\\\/veprimtarite\\\/#breadcrumb\",\"itemListElement\":[{\"@type\":\"ListItem\",\"position\":1,\"name\":\"Home\",\"item\":\"https:\\\/\\\/toshalbania.com\\\/\"},{\"@type\":\"ListItem\",\"position\":2,\"name\":\"Veprimtarit\u00eb\"}]},{\"@type\":\"WebSite\",\"@id\":\"https:\\\/\\\/toshalbania.com\\\/#website\",\"url\":\"https:\\\/\\\/toshalbania.com\\\/\",\"name\":\"Top Occupational Safety and Health Albania\",\"description\":\"Top Occupational Safety and Health Albania\",\"publisher\":{\"@id\":\"https:\\\/\\\/toshalbania.com\\\/#organization\"},\"alternateName\":\"TOSHA\",\"potentialAction\":[{\"@type\":\"SearchAction\",\"target\":{\"@type\":\"EntryPoint\",\"urlTemplate\":\"https:\\\/\\\/toshalbania.com\\\/?s={search_term_string}\"},\"query-input\":{\"@type\":\"PropertyValueSpecification\",\"valueRequired\":true,\"valueName\":\"search_term_string\"}}],\"inLanguage\":\"en-US\"},{\"@type\":\"Organization\",\"@id\":\"https:\\\/\\\/toshalbania.com\\\/#organization\",\"name\":\"TOSHA\",\"alternateName\":\"Top Occupational Safety and Health Albania\",\"url\":\"https:\\\/\\\/toshalbania.com\\\/\",\"logo\":{\"@type\":\"ImageObject\",\"inLanguage\":\"en-US\",\"@id\":\"https:\\\/\\\/toshalbania.com\\\/#\\\/schema\\\/logo\\\/image\\\/\",\"url\":\"https:\\\/\\\/toshalbania.com\\\/wp-content\\\/uploads\\\/2025\\\/04\\\/tosha-blue-01.png\",\"contentUrl\":\"https:\\\/\\\/toshalbania.com\\\/wp-content\\\/uploads\\\/2025\\\/04\\\/tosha-blue-01.png\",\"width\":513,\"height\":125,\"caption\":\"TOSHA\"},\"image\":{\"@id\":\"https:\\\/\\\/toshalbania.com\\\/#\\\/schema\\\/logo\\\/image\\\/\"},\"sameAs\":[\"https:\\\/\\\/www.facebook.com\\\/toshalbania\\\/\",\"https:\\\/\\\/www.instagram.com\\\/toshalbania\\\/\"]}]}<\/script>\n<!-- \/ Yoast SEO plugin. -->","yoast_head_json":{"title":"Veprimtarit\u00eb - TOSHA","robots":{"index":"index","follow":"follow","max-snippet":"max-snippet:-1","max-image-preview":"max-image-preview:large","max-video-preview":"max-video-preview:-1"},"canonical":"https:\/\/toshalbania.com\/en\/veprimtarite\/","og_locale":"en_US","og_type":"article","og_title":"Veprimtarit\u00eb - TOSHA","og_url":"https:\/\/toshalbania.com\/en\/veprimtarite\/","og_site_name":"TOSHA","article_publisher":"https:\/\/www.facebook.com\/toshalbania\/","article_modified_time":"2025-06-05T16:17:06+00:00","twitter_card":"summary_large_image","twitter_misc":{"Est. reading time":"2 minutes"},"schema":{"@context":"https:\/\/schema.org","@graph":[{"@type":"WebPage","@id":"https:\/\/toshalbania.com\/veprimtarite\/","url":"https:\/\/toshalbania.com\/veprimtarite\/","name":"Veprimtarit\u00eb - TOSHA","isPartOf":{"@id":"https:\/\/toshalbania.com\/#website"},"datePublished":"2016-04-12T10:03:33+00:00","dateModified":"2025-06-05T16:17:06+00:00","breadcrumb":{"@id":"https:\/\/toshalbania.com\/veprimtarite\/#breadcrumb"},"inLanguage":"en-US","potentialAction":[{"@type":"ReadAction","target":["https:\/\/toshalbania.com\/veprimtarite\/"]}]},{"@type":"BreadcrumbList","@id":"https:\/\/toshalbania.com\/veprimtarite\/#breadcrumb","itemListElement":[{"@type":"ListItem","position":1,"name":"Home","item":"https:\/\/toshalbania.com\/"},{"@type":"ListItem","position":2,"name":"Veprimtarit\u00eb"}]},{"@type":"WebSite","@id":"https:\/\/toshalbania.com\/#website","url":"https:\/\/toshalbania.com\/","name":"Top Occupational Safety and Health Albania","description":"Top Occupational Safety and Health Albania","publisher":{"@id":"https:\/\/toshalbania.com\/#organization"},"alternateName":"TOSHA","potentialAction":[{"@type":"SearchAction","target":{"@type":"EntryPoint","urlTemplate":"https:\/\/toshalbania.com\/?s={search_term_string}"},"query-input":{"@type":"PropertyValueSpecification","valueRequired":true,"valueName":"search_term_string"}}],"inLanguage":"en-US"},{"@type":"Organization","@id":"https:\/\/toshalbania.com\/#organization","name":"TOSHA","alternateName":"Top Occupational Safety and Health Albania","url":"https:\/\/toshalbania.com\/","logo":{"@type":"ImageObject","inLanguage":"en-US","@id":"https:\/\/toshalbania.com\/#\/schema\/logo\/image\/","url":"https:\/\/toshalbania.com\/wp-content\/uploads\/2025\/04\/tosha-blue-01.png","contentUrl":"https:\/\/toshalbania.com\/wp-content\/uploads\/2025\/04\/tosha-blue-01.png","width":513,"height":125,"caption":"TOSHA"},"image":{"@id":"https:\/\/toshalbania.com\/#\/schema\/logo\/image\/"},"sameAs":["https:\/\/www.facebook.com\/toshalbania\/","https:\/\/www.instagram.com\/toshalbania\/"]}]}},"_links":{"self":[{"href":"https:\/\/toshalbania.com\/en\/wp-json\/wp\/v2\/pages\/11","targetHints":{"allow":["GET"]}}],"collection":[{"href":"https:\/\/toshalbania.com\/en\/wp-json\/wp\/v2\/pages"}],"about":[{"href":"https:\/\/toshalbania.com\/en\/wp-json\/wp\/v2\/types\/page"}],"author":[{"embeddable":true,"href":"https:\/\/toshalbania.com\/en\/wp-json\/wp\/v2\/users\/2"}],"replies":[{"embeddable":true,"href":"https:\/\/toshalbania.com\/en\/wp-json\/wp\/v2\/comments?post=11"}],"version-history":[{"count":16,"href":"https:\/\/toshalbania.com\/en\/wp-json\/wp\/v2\/pages\/11\/revisions"}],"predecessor-version":[{"id":911,"href":"https:\/\/toshalbania.com\/en\/wp-json\/wp\/v2\/pages\/11\/revisions\/911"}],"wp:attachment":[{"href":"https:\/\/toshalbania.com\/en\/wp-json\/wp\/v2\/media?parent=11"}],"curies":[{"name":"wp","href":"https:\/\/api.w.org\/{rel}","templated":true}]}}